{"id":22330,"date":"2023-09-27T10:48:40","date_gmt":"2023-09-27T08:48:40","guid":{"rendered":"https:\/\/www.stage.ortomec.com\/product\/multi-seed-180-meccanica-pronta-consegna\/"},"modified":"2024-04-17T11:03:16","modified_gmt":"2024-04-17T09:03:16","slug":"multi-seed-180-mechanics-en-magasin","status":"publish","type":"product","link":"https:\/\/www.stage.ortomec.com\/fr\/produit\/multi-seed-180-mechanics-en-magasin\/","title":{"rendered":"MULTI-SEED 180 MECHANICS"},"content":{"rendered":"","protected":false},"excerpt":{"rendered":"<div class=\"elementor-element elementor-element-42ac415a elementor-widget elementor-widget-heading\" data-id=\"42ac415a\" data-element_type=\"widget\" data-widget_type=\"heading.default\">\n<div class=\"elementor-widget-container\">\n<h3 class=\"elementor-heading-title elementor-size-default\"><b>Caract\u00e9ristiques principales<\/b><\/h3>\n<\/div>\n<\/div>\n<section class=\"elementor-element elementor-element-56a90e03 elementor-section-boxed elementor-section-height-default elementor-section-height-default default-style elementor-section elementor-inner-section\" data-id=\"56a90e03\" data-element_type=\"section\" data-settings=\"{&quot;rt_color_sets&quot;:&quot;default-style&quot;}\">\n<div class=\"elementor-container elementor-column-gap-default\">\n<div class=\"elementor-row\">\n<div class=\"elementor-element elementor-element-3a86ce2b elementor-column elementor-col-100 elementor-inner-column\" data-id=\"3a86ce2b\" data-element_type=\"column\">\n<div class=\"elementor-column-wrap elementor-element-populated\">\n<div class=\"elementor-widget-wrap\">\n<div class=\"elementor-element elementor-element-7e26b6f4 elementor-icon-list--layout-traditional elementor-widget elementor-widget-icon-list\" data-id=\"7e26b6f4\" data-element_type=\"widget\" data-widget_type=\"icon-list.default\">\n<div class=\"elementor-widget-container\">\n<ul class=\"elementor-icon-list-items\">\n<li>Semoir multigraines \u00e0 distribution m\u00e9canique<\/li>\n<li>Largeur de semis 180 cm<\/li>\n<\/ul>\n<\/div>\n<\/div>\n<\/div>\n<\/div>\n<\/div>\n<\/div>\n<\/div>\n<\/section>\n","protected":false},"featured_media":22331,"comment_status":"closed","ping_status":"closed","template":"","meta":{"_acf_changed":false},"product_brand":[],"product_cat":[162],"product_tag":[212],"class_list":{"0":"post-22330","1":"product","2":"type-product","3":"status-publish","4":"has-post-thumbnail","6":"product_cat-en-magasin","7":"product_tag-evidenza-fr","9":"first","10":"instock","11":"shipping-taxable","12":"product-type-simple"},"acf":[],"yoast_head":"<!-- This site is optimized with the Yoast SEO plugin v24.6 - https:\/\/yoast.com\/wordpress\/plugins\/seo\/ -->\n<title>MULTI-SEED 180 MECHANICS - Ortomec<\/title>\n<meta name=\"robots\" content=\"noindex, follow, max-snippet:-1, max-image-preview:large, max-video-preview:-1\" \/>\n<meta property=\"og:locale\" content=\"fr_FR\" \/>\n<meta property=\"og:type\" content=\"article\" \/>\n<meta property=\"og:title\" content=\"MULTI-SEED 180 MECHANICS - Ortomec\" \/>\n<meta property=\"og:description\" content=\"Caract\u00e9ristiques principales             Semoir multigraines \u00e0 distribution m\u00e9canique  Largeur de semis 180 cm\" \/>\n<meta property=\"og:url\" content=\"https:\/\/www.stage.ortomec.com\/fr\/produit\/multi-seed-180-mechanics-en-magasin\/\" \/>\n<meta property=\"og:site_name\" content=\"Ortomec\" \/>\n<meta property=\"article:modified_time\" content=\"2024-04-17T09:03:16+00:00\" \/>\n<meta property=\"og:image\" content=\"https:\/\/www.stage.ortomec.com\/wp-content\/uploads\/2023\/09\/IMG_1539.jpg\" \/>\n\t<meta property=\"og:image:width\" content=\"1024\" \/>\n\t<meta property=\"og:image:height\" content=\"768\" \/>\n\t<meta property=\"og:image:type\" content=\"image\/jpeg\" \/>\n<meta name=\"twitter:card\" content=\"summary_large_image\" \/>\n<script type=\"application\/ld+json\" class=\"yoast-schema-graph\">{\"@context\":\"https:\/\/schema.org\",\"@graph\":[{\"@type\":\"WebPage\",\"@id\":\"https:\/\/www.stage.ortomec.com\/fr\/produit\/multi-seed-180-mechanics-en-magasin\/\",\"url\":\"https:\/\/www.stage.ortomec.com\/fr\/produit\/multi-seed-180-mechanics-en-magasin\/\",\"name\":\"MULTI-SEED 180 MECHANICS - Ortomec\",\"isPartOf\":{\"@id\":\"https:\/\/www.stage.ortomec.com\/fr\/#website\"},\"primaryImageOfPage\":{\"@id\":\"https:\/\/www.stage.ortomec.com\/fr\/produit\/multi-seed-180-mechanics-en-magasin\/#primaryimage\"},\"image\":{\"@id\":\"https:\/\/www.stage.ortomec.com\/fr\/produit\/multi-seed-180-mechanics-en-magasin\/#primaryimage\"},\"thumbnailUrl\":\"https:\/\/www.stage.ortomec.com\/wp-content\/uploads\/2023\/09\/IMG_1539.jpg\",\"datePublished\":\"2023-09-27T08:48:40+00:00\",\"dateModified\":\"2024-04-17T09:03:16+00:00\",\"breadcrumb\":{\"@id\":\"https:\/\/www.stage.ortomec.com\/fr\/produit\/multi-seed-180-mechanics-en-magasin\/#breadcrumb\"},\"inLanguage\":\"fr-FR\",\"potentialAction\":[{\"@type\":\"ReadAction\",\"target\":[\"https:\/\/www.stage.ortomec.com\/fr\/produit\/multi-seed-180-mechanics-en-magasin\/\"]}]},{\"@type\":\"ImageObject\",\"inLanguage\":\"fr-FR\",\"@id\":\"https:\/\/www.stage.ortomec.com\/fr\/produit\/multi-seed-180-mechanics-en-magasin\/#primaryimage\",\"url\":\"https:\/\/www.stage.ortomec.com\/wp-content\/uploads\/2023\/09\/IMG_1539.jpg\",\"contentUrl\":\"https:\/\/www.stage.ortomec.com\/wp-content\/uploads\/2023\/09\/IMG_1539.jpg\",\"width\":1024,\"height\":768},{\"@type\":\"BreadcrumbList\",\"@id\":\"https:\/\/www.stage.ortomec.com\/fr\/produit\/multi-seed-180-mechanics-en-magasin\/#breadcrumb\",\"itemListElement\":[{\"@type\":\"ListItem\",\"position\":1,\"name\":\"Home\",\"item\":\"https:\/\/www.stage.ortomec.com\/fr\/\"},{\"@type\":\"ListItem\",\"position\":2,\"name\":\"Produits\",\"item\":\"https:\/\/www.stage.ortomec.com\/fr\/shop\/\"},{\"@type\":\"ListItem\",\"position\":3,\"name\":\"MULTI-SEED 180 MECHANICS\"}]},{\"@type\":\"WebSite\",\"@id\":\"https:\/\/www.stage.ortomec.com\/fr\/#website\",\"url\":\"https:\/\/www.stage.ortomec.com\/fr\/\",\"name\":\"Ortomec\",\"description\":\"\",\"publisher\":{\"@id\":\"https:\/\/www.stage.ortomec.com\/fr\/#organization\"},\"potentialAction\":[{\"@type\":\"SearchAction\",\"target\":{\"@type\":\"EntryPoint\",\"urlTemplate\":\"https:\/\/www.stage.ortomec.com\/fr\/?s={search_term_string}\"},\"query-input\":{\"@type\":\"PropertyValueSpecification\",\"valueRequired\":true,\"valueName\":\"search_term_string\"}}],\"inLanguage\":\"fr-FR\"},{\"@type\":\"Organization\",\"@id\":\"https:\/\/www.stage.ortomec.com\/fr\/#organization\",\"name\":\"Ortomec\",\"url\":\"https:\/\/www.stage.ortomec.com\/fr\/\",\"logo\":{\"@type\":\"ImageObject\",\"inLanguage\":\"fr-FR\",\"@id\":\"https:\/\/www.stage.ortomec.com\/fr\/#\/schema\/logo\/image\/\",\"url\":\"https:\/\/www.stage.ortomec.com\/wp-content\/uploads\/2020\/07\/ortomec_favicon.png\",\"contentUrl\":\"https:\/\/www.stage.ortomec.com\/wp-content\/uploads\/2020\/07\/ortomec_favicon.png\",\"width\":512,\"height\":512,\"caption\":\"Ortomec\"},\"image\":{\"@id\":\"https:\/\/www.stage.ortomec.com\/fr\/#\/schema\/logo\/image\/\"}}]}<\/script>\n<!-- \/ Yoast SEO plugin. -->","yoast_head_json":{"title":"MULTI-SEED 180 MECHANICS - Ortomec","robots":{"index":"noindex","follow":"follow","max-snippet":"max-snippet:-1","max-image-preview":"max-image-preview:large","max-video-preview":"max-video-preview:-1"},"og_locale":"fr_FR","og_type":"article","og_title":"MULTI-SEED 180 MECHANICS - Ortomec","og_description":"Caract\u00e9ristiques principales             Semoir multigraines \u00e0 distribution m\u00e9canique  Largeur de semis 180 cm","og_url":"https:\/\/www.stage.ortomec.com\/fr\/produit\/multi-seed-180-mechanics-en-magasin\/","og_site_name":"Ortomec","article_modified_time":"2024-04-17T09:03:16+00:00","og_image":[{"width":1024,"height":768,"url":"https:\/\/www.stage.ortomec.com\/wp-content\/uploads\/2023\/09\/IMG_1539.jpg","type":"image\/jpeg"}],"twitter_card":"summary_large_image","schema":{"@context":"https:\/\/schema.org","@graph":[{"@type":"WebPage","@id":"https:\/\/www.stage.ortomec.com\/fr\/produit\/multi-seed-180-mechanics-en-magasin\/","url":"https:\/\/www.stage.ortomec.com\/fr\/produit\/multi-seed-180-mechanics-en-magasin\/","name":"MULTI-SEED 180 MECHANICS - Ortomec","isPartOf":{"@id":"https:\/\/www.stage.ortomec.com\/fr\/#website"},"primaryImageOfPage":{"@id":"https:\/\/www.stage.ortomec.com\/fr\/produit\/multi-seed-180-mechanics-en-magasin\/#primaryimage"},"image":{"@id":"https:\/\/www.stage.ortomec.com\/fr\/produit\/multi-seed-180-mechanics-en-magasin\/#primaryimage"},"thumbnailUrl":"https:\/\/www.stage.ortomec.com\/wp-content\/uploads\/2023\/09\/IMG_1539.jpg","datePublished":"2023-09-27T08:48:40+00:00","dateModified":"2024-04-17T09:03:16+00:00","breadcrumb":{"@id":"https:\/\/www.stage.ortomec.com\/fr\/produit\/multi-seed-180-mechanics-en-magasin\/#breadcrumb"},"inLanguage":"fr-FR","potentialAction":[{"@type":"ReadAction","target":["https:\/\/www.stage.ortomec.com\/fr\/produit\/multi-seed-180-mechanics-en-magasin\/"]}]},{"@type":"ImageObject","inLanguage":"fr-FR","@id":"https:\/\/www.stage.ortomec.com\/fr\/produit\/multi-seed-180-mechanics-en-magasin\/#primaryimage","url":"https:\/\/www.stage.ortomec.com\/wp-content\/uploads\/2023\/09\/IMG_1539.jpg","contentUrl":"https:\/\/www.stage.ortomec.com\/wp-content\/uploads\/2023\/09\/IMG_1539.jpg","width":1024,"height":768},{"@type":"BreadcrumbList","@id":"https:\/\/www.stage.ortomec.com\/fr\/produit\/multi-seed-180-mechanics-en-magasin\/#breadcrumb","itemListElement":[{"@type":"ListItem","position":1,"name":"Home","item":"https:\/\/www.stage.ortomec.com\/fr\/"},{"@type":"ListItem","position":2,"name":"Produits","item":"https:\/\/www.stage.ortomec.com\/fr\/shop\/"},{"@type":"ListItem","position":3,"name":"MULTI-SEED 180 MECHANICS"}]},{"@type":"WebSite","@id":"https:\/\/www.stage.ortomec.com\/fr\/#website","url":"https:\/\/www.stage.ortomec.com\/fr\/","name":"Ortomec","description":"","publisher":{"@id":"https:\/\/www.stage.ortomec.com\/fr\/#organization"},"potentialAction":[{"@type":"SearchAction","target":{"@type":"EntryPoint","urlTemplate":"https:\/\/www.stage.ortomec.com\/fr\/?s={search_term_string}"},"query-input":{"@type":"PropertyValueSpecification","valueRequired":true,"valueName":"search_term_string"}}],"inLanguage":"fr-FR"},{"@type":"Organization","@id":"https:\/\/www.stage.ortomec.com\/fr\/#organization","name":"Ortomec","url":"https:\/\/www.stage.ortomec.com\/fr\/","logo":{"@type":"ImageObject","inLanguage":"fr-FR","@id":"https:\/\/www.stage.ortomec.com\/fr\/#\/schema\/logo\/image\/","url":"https:\/\/www.stage.ortomec.com\/wp-content\/uploads\/2020\/07\/ortomec_favicon.png","contentUrl":"https:\/\/www.stage.ortomec.com\/wp-content\/uploads\/2020\/07\/ortomec_favicon.png","width":512,"height":512,"caption":"Ortomec"},"image":{"@id":"https:\/\/www.stage.ortomec.com\/fr\/#\/schema\/logo\/image\/"}}]}},"_links":{"self":[{"href":"https:\/\/www.stage.ortomec.com\/fr\/wp-json\/wp\/v2\/product\/22330","targetHints":{"allow":["GET"]}}],"collection":[{"href":"https:\/\/www.stage.ortomec.com\/fr\/wp-json\/wp\/v2\/product"}],"about":[{"href":"https:\/\/www.stage.ortomec.com\/fr\/wp-json\/wp\/v2\/types\/product"}],"replies":[{"embeddable":true,"href":"https:\/\/www.stage.ortomec.com\/fr\/wp-json\/wp\/v2\/comments?post=22330"}],"wp:featuredmedia":[{"embeddable":true,"href":"https:\/\/www.stage.ortomec.com\/fr\/wp-json\/wp\/v2\/media\/22331"}],"wp:attachment":[{"href":"https:\/\/www.stage.ortomec.com\/fr\/wp-json\/wp\/v2\/media?parent=22330"}],"wp:term":[{"taxonomy":"product_brand","embeddable":true,"href":"https:\/\/www.stage.ortomec.com\/fr\/wp-json\/wp\/v2\/product_brand?post=22330"},{"taxonomy":"product_cat","embeddable":true,"href":"https:\/\/www.stage.ortomec.com\/fr\/wp-json\/wp\/v2\/product_cat?post=22330"},{"taxonomy":"product_tag","embeddable":true,"href":"https:\/\/www.stage.ortomec.com\/fr\/wp-json\/wp\/v2\/product_tag?post=22330"}],"curies":[{"name":"wp","href":"https:\/\/api.w.org\/{rel}","templated":true}]}}