{"id":17775,"date":"2021-06-09T10:28:18","date_gmt":"2021-06-09T08:28:18","guid":{"rendered":"https:\/\/www.stage.ortomec.com\/?post_type=product&#038;p=17775"},"modified":"2024-04-17T11:04:55","modified_gmt":"2024-04-17T09:04:55","slug":"semoir-multi-seed-copy","status":"publish","type":"product","link":"https:\/\/www.stage.ortomec.com\/fr\/produit\/semoir-multi-seed-copy\/","title":{"rendered":"MULTI-SEED 160"},"content":{"rendered":"","protected":false},"excerpt":{"rendered":"<div class=\"elementor-element elementor-element-42ac415a elementor-widget elementor-widget-heading\" data-id=\"42ac415a\" data-element_type=\"widget\" data-widget_type=\"heading.default\">\n<div class=\"elementor-widget-container\">\n<h3 class=\"elementor-heading-title elementor-size-default\">Caract\u00e9ristiques principales<\/h3>\n<\/div>\n<\/div>\n<section class=\"elementor-element elementor-element-56a90e03 elementor-section-boxed elementor-section-height-default elementor-section-height-default default-style elementor-section elementor-inner-section\" data-id=\"56a90e03\" data-element_type=\"section\" data-settings=\"{&quot;rt_color_sets&quot;:&quot;default-style&quot;}\">\n<div class=\"elementor-container elementor-column-gap-default\">\n<div class=\"elementor-row\">\n<div class=\"elementor-element elementor-element-3a86ce2b elementor-column elementor-col-100 elementor-inner-column\" data-id=\"3a86ce2b\" data-element_type=\"column\">\n<div class=\"elementor-column-wrap elementor-element-populated\">\n<div class=\"elementor-widget-wrap\">\n<div class=\"elementor-element elementor-element-7e26b6f4 elementor-icon-list--layout-traditional elementor-widget elementor-widget-icon-list\" data-id=\"7e26b6f4\" data-element_type=\"widget\" data-widget_type=\"icon-list.default\">\n<div class=\"elementor-widget-container\">\n<ul class=\"elementor-icon-list-items\">\n<li class=\"elementor-icon-list-item\">Changement rapide des semences avec un syst\u00e8me de d\u00e9chargement au moyen d&rsquo;un \u00e9l\u00e9vateur de tr\u00e9mie encliquetable ;<\/li>\n<li class=\"elementor-icon-list-item\">R\u00e9glage de la profondeur des socs au sol par levier manuel \u00e0 positions gradu\u00e9es ;<\/li>\n<li class=\"elementor-icon-list-item\">Distributeurs uniques pour chaque rang\u00e9e de semis avec ouverture ou fermeture ind\u00e9pendante ;<\/li>\n<li class=\"elementor-icon-list-item\">Quantit\u00e9 de semis variable avec une seule commande gradu\u00e9e r\u00e9glable manuellement ;<\/li>\n<li class=\"elementor-icon-list-item\">Pi\u00e8ces du mouvement et de la transmission prot\u00e9g\u00e9es des intemp\u00e9ries et de la poussi\u00e8re gr\u00e2ce \u00e0 la conception particuli\u00e8re du cadre \u00ab\u00a0box\u00a0\u00bb ;<\/li>\n<li class=\"elementor-icon-list-item\">Syst\u00e8me d&rsquo;entra\u00eenement hydraulique des deux rouleaux avec connexions hydrauliques depuis le tracteur ;<\/li>\n<li class=\"elementor-icon-list-item\">Rouleaux en acier inoxydable \u00d8 323 mm. \u00e9quip\u00e9s d&rsquo;un racleur de sol rigide pour permettre le nettoyage des rouleaux eux-m\u00eames ;<\/li>\n<li class=\"elementor-icon-list-item\">Tr\u00e9mie de semences en acier inoxydable et peinture du ch\u00e2ssis de la machine avec un appr\u00eat sp\u00e9cial anticorrosion ;<\/li>\n<li class=\"elementor-icon-list-item\">Vibration \u00e9lectrique de la tr\u00e9mie pour la continuit\u00e9 de l&rsquo;alimentation en graines, 12 volts au tracteur, avec bouton ON\/OFF ;<\/li>\n<\/ul>\n<\/div>\n<\/div>\n<\/div>\n<\/div>\n<\/div>\n<\/div>\n<\/div>\n<\/section>\n","protected":false},"featured_media":22331,"comment_status":"closed","ping_status":"closed","template":"","meta":{"_acf_changed":false},"product_brand":[],"product_cat":[162],"product_tag":[],"class_list":{"0":"post-17775","1":"product","2":"type-product","3":"status-publish","4":"has-post-thumbnail","6":"product_cat-en-magasin","8":"first","9":"instock","10":"shipping-taxable","11":"product-type-simple"},"acf":[],"yoast_head":"<!-- This site is optimized with the Yoast SEO plugin v24.6 - https:\/\/yoast.com\/wordpress\/plugins\/seo\/ -->\n<title>MULTI-SEED 160 - Ortomec<\/title>\n<meta name=\"description\" content=\"D\u00e9couvrez maintenant l&#039;excellent mat\u00e9riel d&#039;occasion d&#039;Ortomec : demandez des informations sur notre MULTI-SEED 160 efficace et 100% fiable !\" \/>\n<meta name=\"robots\" content=\"noindex, follow, max-snippet:-1, max-image-preview:large, max-video-preview:-1\" \/>\n<meta property=\"og:locale\" content=\"fr_FR\" \/>\n<meta property=\"og:type\" content=\"article\" \/>\n<meta property=\"og:title\" content=\"MULTI-SEED 160 - Ortomec\" \/>\n<meta property=\"og:description\" content=\"D\u00e9couvrez maintenant l&#039;excellent mat\u00e9riel d&#039;occasion d&#039;Ortomec : demandez des informations sur notre MULTI-SEED 160 efficace et 100% fiable !\" \/>\n<meta property=\"og:url\" content=\"https:\/\/www.stage.ortomec.com\/fr\/produit\/semoir-multi-seed-copy\/\" \/>\n<meta property=\"og:site_name\" content=\"Ortomec\" \/>\n<meta property=\"article:modified_time\" content=\"2024-04-17T09:04:55+00:00\" \/>\n<meta property=\"og:image\" content=\"https:\/\/www.stage.ortomec.com\/wp-content\/uploads\/2023\/09\/IMG_1539.jpg\" \/>\n\t<meta property=\"og:image:width\" content=\"1024\" \/>\n\t<meta property=\"og:image:height\" content=\"768\" \/>\n\t<meta property=\"og:image:type\" content=\"image\/jpeg\" \/>\n<meta name=\"twitter:card\" content=\"summary_large_image\" \/>\n<script type=\"application\/ld+json\" class=\"yoast-schema-graph\">{\"@context\":\"https:\/\/schema.org\",\"@graph\":[{\"@type\":\"WebPage\",\"@id\":\"https:\/\/www.stage.ortomec.com\/fr\/produit\/semoir-multi-seed-copy\/\",\"url\":\"https:\/\/www.stage.ortomec.com\/fr\/produit\/semoir-multi-seed-copy\/\",\"name\":\"MULTI-SEED 160 - Ortomec\",\"isPartOf\":{\"@id\":\"https:\/\/www.stage.ortomec.com\/fr\/#website\"},\"primaryImageOfPage\":{\"@id\":\"https:\/\/www.stage.ortomec.com\/fr\/produit\/semoir-multi-seed-copy\/#primaryimage\"},\"image\":{\"@id\":\"https:\/\/www.stage.ortomec.com\/fr\/produit\/semoir-multi-seed-copy\/#primaryimage\"},\"thumbnailUrl\":\"https:\/\/www.stage.ortomec.com\/wp-content\/uploads\/2023\/09\/IMG_1539.jpg\",\"datePublished\":\"2021-06-09T08:28:18+00:00\",\"dateModified\":\"2024-04-17T09:04:55+00:00\",\"description\":\"D\u00e9couvrez maintenant l'excellent mat\u00e9riel d'occasion d'Ortomec : demandez des informations sur notre MULTI-SEED 160 efficace et 100% fiable !\",\"breadcrumb\":{\"@id\":\"https:\/\/www.stage.ortomec.com\/fr\/produit\/semoir-multi-seed-copy\/#breadcrumb\"},\"inLanguage\":\"fr-FR\",\"potentialAction\":[{\"@type\":\"ReadAction\",\"target\":[\"https:\/\/www.stage.ortomec.com\/fr\/produit\/semoir-multi-seed-copy\/\"]}]},{\"@type\":\"ImageObject\",\"inLanguage\":\"fr-FR\",\"@id\":\"https:\/\/www.stage.ortomec.com\/fr\/produit\/semoir-multi-seed-copy\/#primaryimage\",\"url\":\"https:\/\/www.stage.ortomec.com\/wp-content\/uploads\/2023\/09\/IMG_1539.jpg\",\"contentUrl\":\"https:\/\/www.stage.ortomec.com\/wp-content\/uploads\/2023\/09\/IMG_1539.jpg\",\"width\":1024,\"height\":768},{\"@type\":\"BreadcrumbList\",\"@id\":\"https:\/\/www.stage.ortomec.com\/fr\/produit\/semoir-multi-seed-copy\/#breadcrumb\",\"itemListElement\":[{\"@type\":\"ListItem\",\"position\":1,\"name\":\"Home\",\"item\":\"https:\/\/www.stage.ortomec.com\/fr\/\"},{\"@type\":\"ListItem\",\"position\":2,\"name\":\"Produits\",\"item\":\"https:\/\/www.stage.ortomec.com\/fr\/shop\/\"},{\"@type\":\"ListItem\",\"position\":3,\"name\":\"MULTI-SEED 160\"}]},{\"@type\":\"WebSite\",\"@id\":\"https:\/\/www.stage.ortomec.com\/fr\/#website\",\"url\":\"https:\/\/www.stage.ortomec.com\/fr\/\",\"name\":\"Ortomec\",\"description\":\"\",\"publisher\":{\"@id\":\"https:\/\/www.stage.ortomec.com\/fr\/#organization\"},\"potentialAction\":[{\"@type\":\"SearchAction\",\"target\":{\"@type\":\"EntryPoint\",\"urlTemplate\":\"https:\/\/www.stage.ortomec.com\/fr\/?s={search_term_string}\"},\"query-input\":{\"@type\":\"PropertyValueSpecification\",\"valueRequired\":true,\"valueName\":\"search_term_string\"}}],\"inLanguage\":\"fr-FR\"},{\"@type\":\"Organization\",\"@id\":\"https:\/\/www.stage.ortomec.com\/fr\/#organization\",\"name\":\"Ortomec\",\"url\":\"https:\/\/www.stage.ortomec.com\/fr\/\",\"logo\":{\"@type\":\"ImageObject\",\"inLanguage\":\"fr-FR\",\"@id\":\"https:\/\/www.stage.ortomec.com\/fr\/#\/schema\/logo\/image\/\",\"url\":\"https:\/\/www.stage.ortomec.com\/wp-content\/uploads\/2020\/07\/ortomec_favicon.png\",\"contentUrl\":\"https:\/\/www.stage.ortomec.com\/wp-content\/uploads\/2020\/07\/ortomec_favicon.png\",\"width\":512,\"height\":512,\"caption\":\"Ortomec\"},\"image\":{\"@id\":\"https:\/\/www.stage.ortomec.com\/fr\/#\/schema\/logo\/image\/\"}}]}<\/script>\n<!-- \/ Yoast SEO plugin. -->","yoast_head_json":{"title":"MULTI-SEED 160 - Ortomec","description":"D\u00e9couvrez maintenant l'excellent mat\u00e9riel d'occasion d'Ortomec : demandez des informations sur notre MULTI-SEED 160 efficace et 100% fiable !","robots":{"index":"noindex","follow":"follow","max-snippet":"max-snippet:-1","max-image-preview":"max-image-preview:large","max-video-preview":"max-video-preview:-1"},"og_locale":"fr_FR","og_type":"article","og_title":"MULTI-SEED 160 - Ortomec","og_description":"D\u00e9couvrez maintenant l'excellent mat\u00e9riel d'occasion d'Ortomec : demandez des informations sur notre MULTI-SEED 160 efficace et 100% fiable !","og_url":"https:\/\/www.stage.ortomec.com\/fr\/produit\/semoir-multi-seed-copy\/","og_site_name":"Ortomec","article_modified_time":"2024-04-17T09:04:55+00:00","og_image":[{"width":1024,"height":768,"url":"https:\/\/www.stage.ortomec.com\/wp-content\/uploads\/2023\/09\/IMG_1539.jpg","type":"image\/jpeg"}],"twitter_card":"summary_large_image","schema":{"@context":"https:\/\/schema.org","@graph":[{"@type":"WebPage","@id":"https:\/\/www.stage.ortomec.com\/fr\/produit\/semoir-multi-seed-copy\/","url":"https:\/\/www.stage.ortomec.com\/fr\/produit\/semoir-multi-seed-copy\/","name":"MULTI-SEED 160 - Ortomec","isPartOf":{"@id":"https:\/\/www.stage.ortomec.com\/fr\/#website"},"primaryImageOfPage":{"@id":"https:\/\/www.stage.ortomec.com\/fr\/produit\/semoir-multi-seed-copy\/#primaryimage"},"image":{"@id":"https:\/\/www.stage.ortomec.com\/fr\/produit\/semoir-multi-seed-copy\/#primaryimage"},"thumbnailUrl":"https:\/\/www.stage.ortomec.com\/wp-content\/uploads\/2023\/09\/IMG_1539.jpg","datePublished":"2021-06-09T08:28:18+00:00","dateModified":"2024-04-17T09:04:55+00:00","description":"D\u00e9couvrez maintenant l'excellent mat\u00e9riel d'occasion d'Ortomec : demandez des informations sur notre MULTI-SEED 160 efficace et 100% fiable !","breadcrumb":{"@id":"https:\/\/www.stage.ortomec.com\/fr\/produit\/semoir-multi-seed-copy\/#breadcrumb"},"inLanguage":"fr-FR","potentialAction":[{"@type":"ReadAction","target":["https:\/\/www.stage.ortomec.com\/fr\/produit\/semoir-multi-seed-copy\/"]}]},{"@type":"ImageObject","inLanguage":"fr-FR","@id":"https:\/\/www.stage.ortomec.com\/fr\/produit\/semoir-multi-seed-copy\/#primaryimage","url":"https:\/\/www.stage.ortomec.com\/wp-content\/uploads\/2023\/09\/IMG_1539.jpg","contentUrl":"https:\/\/www.stage.ortomec.com\/wp-content\/uploads\/2023\/09\/IMG_1539.jpg","width":1024,"height":768},{"@type":"BreadcrumbList","@id":"https:\/\/www.stage.ortomec.com\/fr\/produit\/semoir-multi-seed-copy\/#breadcrumb","itemListElement":[{"@type":"ListItem","position":1,"name":"Home","item":"https:\/\/www.stage.ortomec.com\/fr\/"},{"@type":"ListItem","position":2,"name":"Produits","item":"https:\/\/www.stage.ortomec.com\/fr\/shop\/"},{"@type":"ListItem","position":3,"name":"MULTI-SEED 160"}]},{"@type":"WebSite","@id":"https:\/\/www.stage.ortomec.com\/fr\/#website","url":"https:\/\/www.stage.ortomec.com\/fr\/","name":"Ortomec","description":"","publisher":{"@id":"https:\/\/www.stage.ortomec.com\/fr\/#organization"},"potentialAction":[{"@type":"SearchAction","target":{"@type":"EntryPoint","urlTemplate":"https:\/\/www.stage.ortomec.com\/fr\/?s={search_term_string}"},"query-input":{"@type":"PropertyValueSpecification","valueRequired":true,"valueName":"search_term_string"}}],"inLanguage":"fr-FR"},{"@type":"Organization","@id":"https:\/\/www.stage.ortomec.com\/fr\/#organization","name":"Ortomec","url":"https:\/\/www.stage.ortomec.com\/fr\/","logo":{"@type":"ImageObject","inLanguage":"fr-FR","@id":"https:\/\/www.stage.ortomec.com\/fr\/#\/schema\/logo\/image\/","url":"https:\/\/www.stage.ortomec.com\/wp-content\/uploads\/2020\/07\/ortomec_favicon.png","contentUrl":"https:\/\/www.stage.ortomec.com\/wp-content\/uploads\/2020\/07\/ortomec_favicon.png","width":512,"height":512,"caption":"Ortomec"},"image":{"@id":"https:\/\/www.stage.ortomec.com\/fr\/#\/schema\/logo\/image\/"}}]}},"_links":{"self":[{"href":"https:\/\/www.stage.ortomec.com\/fr\/wp-json\/wp\/v2\/product\/17775","targetHints":{"allow":["GET"]}}],"collection":[{"href":"https:\/\/www.stage.ortomec.com\/fr\/wp-json\/wp\/v2\/product"}],"about":[{"href":"https:\/\/www.stage.ortomec.com\/fr\/wp-json\/wp\/v2\/types\/product"}],"replies":[{"embeddable":true,"href":"https:\/\/www.stage.ortomec.com\/fr\/wp-json\/wp\/v2\/comments?post=17775"}],"wp:featuredmedia":[{"embeddable":true,"href":"https:\/\/www.stage.ortomec.com\/fr\/wp-json\/wp\/v2\/media\/22331"}],"wp:attachment":[{"href":"https:\/\/www.stage.ortomec.com\/fr\/wp-json\/wp\/v2\/media?parent=17775"}],"wp:term":[{"taxonomy":"product_brand","embeddable":true,"href":"https:\/\/www.stage.ortomec.com\/fr\/wp-json\/wp\/v2\/product_brand?post=17775"},{"taxonomy":"product_cat","embeddable":true,"href":"https:\/\/www.stage.ortomec.com\/fr\/wp-json\/wp\/v2\/product_cat?post=17775"},{"taxonomy":"product_tag","embeddable":true,"href":"https:\/\/www.stage.ortomec.com\/fr\/wp-json\/wp\/v2\/product_tag?post=17775"}],"curies":[{"name":"wp","href":"https:\/\/api.w.org\/{rel}","templated":true}]}}