{"id":20501,"date":"2021-06-09T10:47:16","date_gmt":"2021-06-09T08:47:16","guid":{"rendered":"https:\/\/www.stage.ortomec.com\/dicono-di-noi\/"},"modified":"2022-06-16T17:49:24","modified_gmt":"2022-06-16T15:49:24","slug":"dicono-di-noi","status":"publish","type":"page","link":"https:\/\/www.stage.ortomec.com\/fr\/ce-quils-disent-de-nous\/","title":{"rendered":"Ce qu&rsquo;ils disent de nous"},"content":{"rendered":"\t\t<div data-elementor-type=\"wp-page\" data-elementor-id=\"20501\" class=\"elementor elementor-20501 elementor-17787\">\n\t\t\t\t\t\t<section class=\"elementor-section elementor-top-section elementor-element elementor-element-f156f66 elementor-section-height-min-height light-style rt-el-parallax-background elementor-section-content-middle elementor-section-boxed elementor-section-height-default elementor-section-items-middle\" data-id=\"f156f66\" data-element_type=\"section\" data-settings=\"{&quot;rt_color_sets&quot;:&quot;light-style&quot;,&quot;background_background&quot;:&quot;classic&quot;,&quot;rt_parallax&quot;:&quot;rt-el-parallax-background&quot;,&quot;shape_divider_bottom&quot;:&quot;arrow&quot;,&quot;shape_divider_bottom_negative&quot;:&quot;yes&quot;,&quot;rt_bg_parallax_effect&quot;:&quot;3&quot;,&quot;rt_bg_parallax_speed&quot;:&quot;1&quot;}\">\n\t\t\t\t\t\t\t<div class=\"elementor-background-overlay\"><\/div>\n\t\t\t\t\t\t<div class=\"elementor-shape elementor-shape-bottom\" data-negative=\"true\">\n\t\t\t<svg xmlns=\"http:\/\/www.w3.org\/2000\/svg\" viewBox=\"0 0 700 10\" preserveAspectRatio=\"none\">\n\t<path class=\"elementor-shape-fill\" d=\"M360 0L350 9.9 340 0 0 0 0 10 700 10 700 0\"\/>\n<\/svg>\t\t<\/div>\n\t\t\t\t\t<div class=\"elementor-container elementor-column-gap-default\">\n\t\t\t\t\t<div class=\"elementor-column elementor-col-100 elementor-top-column elementor-element elementor-element-2abb9def\" data-id=\"2abb9def\" data-element_type=\"column\">\n\t\t\t<div class=\"elementor-widget-wrap elementor-element-populated\">\n\t\t\t\t\t\t<div class=\"elementor-element elementor-element-6ada4d11 elementor-widget elementor-widget-rt-heading\" data-id=\"6ada4d11\" data-element_type=\"widget\" data-widget_type=\"rt-heading.default\">\n\t\t\t\t<div class=\"elementor-widget-container\">\n\t\t\t\t\t<div class=\"rt-heading-wrapper text-center\">\n\t\t\t\t\t\t<span class=\"   rt-heading secondary-color secondary-font\" >Ce qu'ils disent de nous<\/span>\n\t\t\t\t\t<\/div>\t\t\t\t<\/div>\n\t\t\t\t<\/div>\n\t\t\t\t<div class=\"elementor-element elementor-element-56e8ae78 elementor-widget elementor-widget-rt-heading\" data-id=\"56e8ae78\" data-element_type=\"widget\" data-widget_type=\"rt-heading.default\">\n\t\t\t\t<div class=\"elementor-widget-container\">\n\t\t\t\t\t<div class=\"rt-heading-wrapper style-4\">\n\t\t\t\t\t\t<H1 class=\"   rt-heading style-4\" >LES SUCC\u00c8S DE CERTAINS CLIENTS<svg width=\"95\" height=\"10\" viewBox=\"0 0 95 10\" xmlns=\"http:\/\/www.w3.org\/2000\/svg\"><path d=\"M1 8l11.54-6 11.538 6 11.54-6 11.538 6 11.538-6 11.54 6L81.77 2 94 8\" stroke-width=\"3\" stroke=\"#6CC139\" fill=\"none\" fill-rule=\"evenodd\"\/><\/svg><\/H1>\n\t\t\t\t\t<\/div>\t\t\t\t<\/div>\n\t\t\t\t<\/div>\n\t\t\t\t\t<\/div>\n\t\t<\/div>\n\t\t\t\t\t<\/div>\n\t\t<\/section>\n\t\t\t\t<section class=\"elementor-section elementor-top-section elementor-element elementor-element-9235582 elementor-section-boxed elementor-section-height-default elementor-section-height-default default-style\" data-id=\"9235582\" data-element_type=\"section\" data-settings=\"{&quot;rt_color_sets&quot;:&quot;default-style&quot;}\">\n\t\t\t\t\t\t<div class=\"elementor-container elementor-column-gap-default\">\n\t\t\t\t\t<div class=\"elementor-column elementor-col-100 elementor-top-column elementor-element elementor-element-74695b0\" data-id=\"74695b0\" data-element_type=\"column\">\n\t\t\t<div class=\"elementor-widget-wrap elementor-element-populated\">\n\t\t\t\t\t\t<div class=\"elementor-element elementor-element-f327adf elementor-widget elementor-widget-spacer\" data-id=\"f327adf\" data-element_type=\"widget\" data-widget_type=\"spacer.default\">\n\t\t\t\t<div class=\"elementor-widget-container\">\n\t\t\t\t\t\t\t<div class=\"elementor-spacer\">\n\t\t\t<div class=\"elementor-spacer-inner\"><\/div>\n\t\t<\/div>\n\t\t\t\t\t\t<\/div>\n\t\t\t\t<\/div>\n\t\t\t\t<div class=\"elementor-element elementor-element-e38c6a0 elementor-widget elementor-widget-recensioni-clienti\" data-id=\"e38c6a0\" data-element_type=\"widget\" data-widget_type=\"recensioni-clienti.default\">\n\t\t\t\t<div class=\"elementor-widget-container\">\n\t\t\t\t\t<div id='recensioni_clienti-wrapper'>\r\n                            <div class='recensioni_clienti-wrapper swiper'>\r\n                                <div class='swiper-wrapper'>\r\n                                    <div class='swiper-slide recensione'>\r\n                                <div class='recensione-image_wrapper'>\r\n                                    <img src='https:\/\/www.stage.ortomec.com\/wp-content\/uploads\/2021\/06\/IMG_2735-scaled.jpg' class='recensione-image' alt='Gestion directe de la famille' title='Gestion directe de la famille'>\r\n                                <\/div>\r\n                                <div class='recensione-info_wrapper'>\r\n                                    <div class='recensione-content'>\r\n                                        <p class='recensione-azienda'>Ferme F.lli Quaggio Danio E Moreno - MIRA (VE)<\/p>\r\n                                        <p class='recensione-scopo'>Gestion directe de la famille<\/p>\r\n                                        <svg width='95' height='10' viewBox='0 0 95 10' xmlns='http:\/\/www.w3.org\/2000\/svg'><path style='stroke: #f87a1f;' d='M1 8l11.54-6 11.538 6 11.54-6 11.538 6 11.538-6 11.54 6L81.77 2 94 8' stroke-width='3' stroke='#6CC139' fill='none' fill-rule='evenodd'><\/path><\/svg>\r\n                                        <p class='recensione-slogan'>Production Divers l\u00e9gumes \u00e0 feuilles pour les march\u00e9s frais locaux<\/p>\r\n                                        <p class='recensione-specializzazione'><\/p>\r\n                                        <p class='recensione-content'>\"Avec les moissonneuses Ortomec et leur personnel, nous avons \u00e9t\u00e9 accompagn\u00e9s d\u00e8s le premier jour o\u00f9 nous avons d\u00e9cid\u00e9 de m\u00e9caniser la r\u00e9colte, nous avons suivi les modifications apport\u00e9es aux machines, et nous avons toujours \u00e9t\u00e9 satisfaits des changements apport\u00e9s !\"<\/p>\r\n                                        <svg width='95' height='10' viewBox='0 0 95 10' xmlns='http:\/\/www.w3.org\/2000\/svg'><path style='stroke: #f87a1f;' d='M1 8l11.54-6 11.538 6 11.54-6 11.538 6 11.538-6 11.54 6L81.77 2 94 8' stroke-width='3' stroke='#6CC139' fill='none' fill-rule='evenodd'><\/path><\/svg>\r\n                                        <p class='recensione-content'><\/p>\r\n                                    <\/div>\r\n                                    <div class='recensione-footer'>\r\n                                        <div class='recensione-done'>Moissonneuses en service : No. 1\r\nPremi\u00e8re moissonneuse Avril 2002 mod. \"SV\"\r\nDeuxi\u00e8me moissonneuse juillet 2009 mod \"SVK\" rempla\u00e7ant le \"SV\".\r\nTroisi\u00e8me moissonneuse Novembre 2018 mod. 8400electro rempla\u00e7ant le \"SVK\".\r\nUTILISATION ANNUELLE DE LA MOISSONNEUSE : 1500-2000 HEURES <\/div>\r\n                                        <!-- <img src='' class='recensione-logo' alt='' title=''> -->\r\n                                    <\/div>\r\n                                <\/div>\r\n                            <\/div><div class='swiper-slide recensione'>\r\n                                <div class='recensione-image_wrapper'>\r\n                                    <img src='https:\/\/www.stage.ortomec.com\/wp-content\/uploads\/2021\/06\/IMG_2835-scaled.jpg' class='recensione-image' alt='Production de l\u00e9gumes \u00e0 feuilles pour gamma IV, ensachage, destination nationale et internationale.' title='Production de l\u00e9gumes \u00e0 feuilles pour gamma IV, ensachage, destination nationale et internationale.'>\r\n                                <\/div>\r\n                                <div class='recensione-info_wrapper'>\r\n                                    <div class='recensione-content'>\r\n                                        <p class='recensione-azienda'>Soc. Agricola Casa Verde - TAGLIO DI PO (RO)<\/p>\r\n                                        <p class='recensione-scopo'>Production de l\u00e9gumes \u00e0 feuilles pour gamma IV, ensachage, destination nationale et internationale.<\/p>\r\n                                        <svg width='95' height='10' viewBox='0 0 95 10' xmlns='http:\/\/www.w3.org\/2000\/svg'><path style='stroke: #f87a1f;' d='M1 8l11.54-6 11.538 6 11.54-6 11.538 6 11.538-6 11.54 6L81.77 2 94 8' stroke-width='3' stroke='#6CC139' fill='none' fill-rule='evenodd'><\/path><\/svg>\r\n                                        <p class='recensione-slogan'>DE NOMBREUSES DEMANDES !<\/p>\r\n                                        <p class='recensione-specializzazione'>QUALIT\u00c9 DES PRODUITS - HYGI\u00c8NE - S\u00c9CURIT\u00c9 ET PERFORMANCE UN GRAND D\u00c9FI ET UNE GRANDE SATISFACTION POUR ORTOMEC<\/p>\r\n                                        <p class='recensione-content'>\"Nous avons toujours \u00e9t\u00e9 \u00e0 la recherche d'un fabricant de machines agricoles offrant une connaissance\/exp\u00e9rience des r\u00e9coltes de l\u00e9gumes et dispos\u00e9 \u00e0 personnaliser nos syst\u00e8mes, nos m\u00e9thodes de r\u00e9colte et, surtout, l'hygi\u00e8ne et l'assainissement pendant la r\u00e9colte. Ortomec nous a garanti tout cela au fil des ans !\"<\/p>\r\n                                        <svg width='95' height='10' viewBox='0 0 95 10' xmlns='http:\/\/www.w3.org\/2000\/svg'><path style='stroke: #f87a1f;' d='M1 8l11.54-6 11.538 6 11.54-6 11.538 6 11.538-6 11.54 6L81.77 2 94 8' stroke-width='3' stroke='#6CC139' fill='none' fill-rule='evenodd'><\/path><\/svg>\r\n                                        <p class='recensione-content'><\/p>\r\n                                    <\/div>\r\n                                    <div class='recensione-footer'>\r\n                                        <div class='recensione-done'>Machines utilis\u00e9es :\r\nNettoyeur amen\u00e9 au tracteur (2004)\r\nSVK Leaf (2005)\r\nSVK-HE (2006\r\n9000 Leaf (2011)\r\n8000 Feuille \r\nNettoyeur 2\r\nMultiseed<\/div>\r\n                                        <!-- <img src='' class='recensione-logo' alt='' title=''> -->\r\n                                    <\/div>\r\n                                <\/div>\r\n                            <\/div>\r\n                                <\/div>\r\n                                <div class='recensioni_clienti-pagination swiper-pagination'><\/div>\r\n                            <\/div>\r\n                        <\/div>\t\t\t\t<\/div>\n\t\t\t\t<\/div>\n\t\t\t\t\t<\/div>\n\t\t<\/div>\n\t\t\t\t\t<\/div>\n\t\t<\/section>\n\t\t\t\t<\/div>\n\t\t","protected":false},"excerpt":{"rendered":"<p>Ce qu&rsquo;ils disent de nous LES SUCC\u00c8S DE CERTAINS CLIENTS AZIENDA AGRICOLA F.LLI QUAGGIO DANIO E MORENO \u2013 MIRA (VE) Conduzione famigliare diretta Produzione Ortaggi [&hellip;]<\/p>\n","protected":false},"author":1,"featured_media":0,"parent":0,"menu_order":0,"comment_status":"closed","ping_status":"closed","template":"","meta":{"_acf_changed":false,"footnotes":""},"class_list":["post-20501","page","type-page","status-publish","hentry"],"acf":[],"yoast_head":"<!-- This site is optimized with the Yoast SEO plugin v24.6 - https:\/\/yoast.com\/wordpress\/plugins\/seo\/ -->\n<title>Ce qu&#039;ils disent de nous - Ortomec<\/title>\n<meta name=\"robots\" content=\"noindex, follow, max-snippet:-1, max-image-preview:large, max-video-preview:-1\" \/>\n<meta property=\"og:locale\" content=\"fr_FR\" \/>\n<meta property=\"og:type\" content=\"article\" \/>\n<meta property=\"og:title\" content=\"Ce qu&#039;ils disent de nous - Ortomec\" \/>\n<meta property=\"og:description\" content=\"Ce qu&rsquo;ils disent de nous LES SUCC\u00c8S DE CERTAINS CLIENTS AZIENDA AGRICOLA F.LLI QUAGGIO DANIO E MORENO \u2013 MIRA (VE) Conduzione famigliare diretta Produzione Ortaggi [&hellip;]\" \/>\n<meta property=\"og:url\" content=\"https:\/\/www.stage.ortomec.com\/fr\/ce-quils-disent-de-nous\/\" \/>\n<meta property=\"og:site_name\" content=\"Ortomec\" \/>\n<meta property=\"article:modified_time\" content=\"2022-06-16T15:49:24+00:00\" \/>\n<meta property=\"og:image\" content=\"https:\/\/www.stage.ortomec.com\/wp-content\/uploads\/2021\/06\/IMG_2735-scaled.jpg\" \/>\n<meta name=\"twitter:card\" content=\"summary_large_image\" \/>\n<meta name=\"twitter:label1\" content=\"Dur\u00e9e de lecture estim\u00e9e\" \/>\n\t<meta name=\"twitter:data1\" content=\"1 minute\" \/>\n<script type=\"application\/ld+json\" class=\"yoast-schema-graph\">{\"@context\":\"https:\/\/schema.org\",\"@graph\":[{\"@type\":\"WebPage\",\"@id\":\"https:\/\/www.stage.ortomec.com\/fr\/ce-quils-disent-de-nous\/\",\"url\":\"https:\/\/www.stage.ortomec.com\/fr\/ce-quils-disent-de-nous\/\",\"name\":\"Ce qu'ils disent de nous - Ortomec\",\"isPartOf\":{\"@id\":\"https:\/\/www.stage.ortomec.com\/fr\/#website\"},\"primaryImageOfPage\":{\"@id\":\"https:\/\/www.stage.ortomec.com\/fr\/ce-quils-disent-de-nous\/#primaryimage\"},\"image\":{\"@id\":\"https:\/\/www.stage.ortomec.com\/fr\/ce-quils-disent-de-nous\/#primaryimage\"},\"thumbnailUrl\":\"https:\/\/www.stage.ortomec.com\/wp-content\/uploads\/2021\/06\/IMG_2735-scaled.jpg\",\"datePublished\":\"2021-06-09T08:47:16+00:00\",\"dateModified\":\"2022-06-16T15:49:24+00:00\",\"breadcrumb\":{\"@id\":\"https:\/\/www.stage.ortomec.com\/fr\/ce-quils-disent-de-nous\/#breadcrumb\"},\"inLanguage\":\"fr-FR\",\"potentialAction\":[{\"@type\":\"ReadAction\",\"target\":[\"https:\/\/www.stage.ortomec.com\/fr\/ce-quils-disent-de-nous\/\"]}]},{\"@type\":\"ImageObject\",\"inLanguage\":\"fr-FR\",\"@id\":\"https:\/\/www.stage.ortomec.com\/fr\/ce-quils-disent-de-nous\/#primaryimage\",\"url\":\"https:\/\/www.stage.ortomec.com\/wp-content\/uploads\/2021\/06\/IMG_2735-scaled.jpg\",\"contentUrl\":\"https:\/\/www.stage.ortomec.com\/wp-content\/uploads\/2021\/06\/IMG_2735-scaled.jpg\"},{\"@type\":\"BreadcrumbList\",\"@id\":\"https:\/\/www.stage.ortomec.com\/fr\/ce-quils-disent-de-nous\/#breadcrumb\",\"itemListElement\":[{\"@type\":\"ListItem\",\"position\":1,\"name\":\"Home\",\"item\":\"https:\/\/www.stage.ortomec.com\/fr\/\"},{\"@type\":\"ListItem\",\"position\":2,\"name\":\"Ce qu&#8217;ils disent de nous\"}]},{\"@type\":\"WebSite\",\"@id\":\"https:\/\/www.stage.ortomec.com\/fr\/#website\",\"url\":\"https:\/\/www.stage.ortomec.com\/fr\/\",\"name\":\"Ortomec\",\"description\":\"\",\"publisher\":{\"@id\":\"https:\/\/www.stage.ortomec.com\/fr\/#organization\"},\"potentialAction\":[{\"@type\":\"SearchAction\",\"target\":{\"@type\":\"EntryPoint\",\"urlTemplate\":\"https:\/\/www.stage.ortomec.com\/fr\/?s={search_term_string}\"},\"query-input\":{\"@type\":\"PropertyValueSpecification\",\"valueRequired\":true,\"valueName\":\"search_term_string\"}}],\"inLanguage\":\"fr-FR\"},{\"@type\":\"Organization\",\"@id\":\"https:\/\/www.stage.ortomec.com\/fr\/#organization\",\"name\":\"Ortomec\",\"url\":\"https:\/\/www.stage.ortomec.com\/fr\/\",\"logo\":{\"@type\":\"ImageObject\",\"inLanguage\":\"fr-FR\",\"@id\":\"https:\/\/www.stage.ortomec.com\/fr\/#\/schema\/logo\/image\/\",\"url\":\"https:\/\/www.stage.ortomec.com\/wp-content\/uploads\/2020\/07\/ortomec_favicon.png\",\"contentUrl\":\"https:\/\/www.stage.ortomec.com\/wp-content\/uploads\/2020\/07\/ortomec_favicon.png\",\"width\":512,\"height\":512,\"caption\":\"Ortomec\"},\"image\":{\"@id\":\"https:\/\/www.stage.ortomec.com\/fr\/#\/schema\/logo\/image\/\"}}]}<\/script>\n<!-- \/ Yoast SEO plugin. -->","yoast_head_json":{"title":"Ce qu'ils disent de nous - Ortomec","robots":{"index":"noindex","follow":"follow","max-snippet":"max-snippet:-1","max-image-preview":"max-image-preview:large","max-video-preview":"max-video-preview:-1"},"og_locale":"fr_FR","og_type":"article","og_title":"Ce qu'ils disent de nous - Ortomec","og_description":"Ce qu&rsquo;ils disent de nous LES SUCC\u00c8S DE CERTAINS CLIENTS AZIENDA AGRICOLA F.LLI QUAGGIO DANIO E MORENO \u2013 MIRA (VE) Conduzione famigliare diretta Produzione Ortaggi [&hellip;]","og_url":"https:\/\/www.stage.ortomec.com\/fr\/ce-quils-disent-de-nous\/","og_site_name":"Ortomec","article_modified_time":"2022-06-16T15:49:24+00:00","og_image":[{"url":"https:\/\/www.stage.ortomec.com\/wp-content\/uploads\/2021\/06\/IMG_2735-scaled.jpg","type":"","width":"","height":""}],"twitter_card":"summary_large_image","twitter_misc":{"Dur\u00e9e de lecture estim\u00e9e":"1 minute"},"schema":{"@context":"https:\/\/schema.org","@graph":[{"@type":"WebPage","@id":"https:\/\/www.stage.ortomec.com\/fr\/ce-quils-disent-de-nous\/","url":"https:\/\/www.stage.ortomec.com\/fr\/ce-quils-disent-de-nous\/","name":"Ce qu'ils disent de nous - Ortomec","isPartOf":{"@id":"https:\/\/www.stage.ortomec.com\/fr\/#website"},"primaryImageOfPage":{"@id":"https:\/\/www.stage.ortomec.com\/fr\/ce-quils-disent-de-nous\/#primaryimage"},"image":{"@id":"https:\/\/www.stage.ortomec.com\/fr\/ce-quils-disent-de-nous\/#primaryimage"},"thumbnailUrl":"https:\/\/www.stage.ortomec.com\/wp-content\/uploads\/2021\/06\/IMG_2735-scaled.jpg","datePublished":"2021-06-09T08:47:16+00:00","dateModified":"2022-06-16T15:49:24+00:00","breadcrumb":{"@id":"https:\/\/www.stage.ortomec.com\/fr\/ce-quils-disent-de-nous\/#breadcrumb"},"inLanguage":"fr-FR","potentialAction":[{"@type":"ReadAction","target":["https:\/\/www.stage.ortomec.com\/fr\/ce-quils-disent-de-nous\/"]}]},{"@type":"ImageObject","inLanguage":"fr-FR","@id":"https:\/\/www.stage.ortomec.com\/fr\/ce-quils-disent-de-nous\/#primaryimage","url":"https:\/\/www.stage.ortomec.com\/wp-content\/uploads\/2021\/06\/IMG_2735-scaled.jpg","contentUrl":"https:\/\/www.stage.ortomec.com\/wp-content\/uploads\/2021\/06\/IMG_2735-scaled.jpg"},{"@type":"BreadcrumbList","@id":"https:\/\/www.stage.ortomec.com\/fr\/ce-quils-disent-de-nous\/#breadcrumb","itemListElement":[{"@type":"ListItem","position":1,"name":"Home","item":"https:\/\/www.stage.ortomec.com\/fr\/"},{"@type":"ListItem","position":2,"name":"Ce qu&#8217;ils disent de nous"}]},{"@type":"WebSite","@id":"https:\/\/www.stage.ortomec.com\/fr\/#website","url":"https:\/\/www.stage.ortomec.com\/fr\/","name":"Ortomec","description":"","publisher":{"@id":"https:\/\/www.stage.ortomec.com\/fr\/#organization"},"potentialAction":[{"@type":"SearchAction","target":{"@type":"EntryPoint","urlTemplate":"https:\/\/www.stage.ortomec.com\/fr\/?s={search_term_string}"},"query-input":{"@type":"PropertyValueSpecification","valueRequired":true,"valueName":"search_term_string"}}],"inLanguage":"fr-FR"},{"@type":"Organization","@id":"https:\/\/www.stage.ortomec.com\/fr\/#organization","name":"Ortomec","url":"https:\/\/www.stage.ortomec.com\/fr\/","logo":{"@type":"ImageObject","inLanguage":"fr-FR","@id":"https:\/\/www.stage.ortomec.com\/fr\/#\/schema\/logo\/image\/","url":"https:\/\/www.stage.ortomec.com\/wp-content\/uploads\/2020\/07\/ortomec_favicon.png","contentUrl":"https:\/\/www.stage.ortomec.com\/wp-content\/uploads\/2020\/07\/ortomec_favicon.png","width":512,"height":512,"caption":"Ortomec"},"image":{"@id":"https:\/\/www.stage.ortomec.com\/fr\/#\/schema\/logo\/image\/"}}]}},"_links":{"self":[{"href":"https:\/\/www.stage.ortomec.com\/fr\/wp-json\/wp\/v2\/pages\/20501","targetHints":{"allow":["GET"]}}],"collection":[{"href":"https:\/\/www.stage.ortomec.com\/fr\/wp-json\/wp\/v2\/pages"}],"about":[{"href":"https:\/\/www.stage.ortomec.com\/fr\/wp-json\/wp\/v2\/types\/page"}],"author":[{"embeddable":true,"href":"https:\/\/www.stage.ortomec.com\/fr\/wp-json\/wp\/v2\/users\/1"}],"replies":[{"embeddable":true,"href":"https:\/\/www.stage.ortomec.com\/fr\/wp-json\/wp\/v2\/comments?post=20501"}],"version-history":[{"count":2,"href":"https:\/\/www.stage.ortomec.com\/fr\/wp-json\/wp\/v2\/pages\/20501\/revisions"}],"predecessor-version":[{"id":20505,"href":"https:\/\/www.stage.ortomec.com\/fr\/wp-json\/wp\/v2\/pages\/20501\/revisions\/20505"}],"wp:attachment":[{"href":"https:\/\/www.stage.ortomec.com\/fr\/wp-json\/wp\/v2\/media?parent=20501"}],"curies":[{"name":"wp","href":"https:\/\/api.w.org\/{rel}","templated":true}]}}