{"id":16180,"date":"2020-12-16T11:16:56","date_gmt":"2020-12-16T10:16:56","guid":{"rendered":"https:\/\/www.stage.ortomec.com\/?page_id=16180"},"modified":"2020-12-17T10:24:31","modified_gmt":"2020-12-17T09:24:31","slug":"conditions-generales-de-vente","status":"publish","type":"page","link":"https:\/\/www.stage.ortomec.com\/fr\/assistenza\/conditions-generales-de-vente\/","title":{"rendered":"Conditions generales de vente"},"content":{"rendered":"\t\t<div data-elementor-type=\"wp-page\" data-elementor-id=\"16180\" class=\"elementor elementor-16180 elementor-16159\">\n\t\t\t\t\t\t<section class=\"elementor-section elementor-top-section elementor-element elementor-element-74a1ba44 elementor-section-height-min-height light-style elementor-section-content-middle banner-section rt-el-parallax-background elementor-section-boxed elementor-section-height-default elementor-section-items-middle\" data-id=\"74a1ba44\" data-element_type=\"section\" data-settings=\"{&quot;rt_color_sets&quot;:&quot;light-style&quot;,&quot;background_background&quot;:&quot;slideshow&quot;,&quot;shape_divider_bottom&quot;:&quot;arrow&quot;,&quot;shape_divider_bottom_negative&quot;:&quot;yes&quot;,&quot;background_slideshow_gallery&quot;:[{&quot;id&quot;:16172,&quot;url&quot;:&quot;https:\\\/\\\/www.stage.ortomec.com\\\/wp-content\\\/uploads\\\/2020\\\/12\\\/Head_Condizioni-scaled.jpg&quot;}],&quot;rt_parallax&quot;:&quot;rt-el-parallax-background&quot;,&quot;background_slideshow_loop&quot;:&quot;yes&quot;,&quot;background_slideshow_slide_duration&quot;:5000,&quot;background_slideshow_slide_transition&quot;:&quot;fade&quot;,&quot;background_slideshow_transition_duration&quot;:500,&quot;rt_bg_parallax_effect&quot;:&quot;3&quot;,&quot;rt_bg_parallax_speed&quot;:&quot;1&quot;}\">\n\t\t\t\t\t<div class=\"elementor-shape elementor-shape-bottom\" data-negative=\"true\">\n\t\t\t<svg xmlns=\"http:\/\/www.w3.org\/2000\/svg\" viewBox=\"0 0 700 10\" preserveAspectRatio=\"none\">\n\t<path class=\"elementor-shape-fill\" d=\"M360 0L350 9.9 340 0 0 0 0 10 700 10 700 0\"\/>\n<\/svg>\t\t<\/div>\n\t\t\t\t\t<div class=\"elementor-container elementor-column-gap-default\">\n\t\t\t\t\t<div class=\"elementor-column elementor-col-100 elementor-top-column elementor-element elementor-element-4104ef57\" data-id=\"4104ef57\" data-element_type=\"column\">\n\t\t\t<div class=\"elementor-widget-wrap elementor-element-populated\">\n\t\t\t\t\t\t<div class=\"elementor-element elementor-element-5b495e54 elementor-widget elementor-widget-rt-heading\" data-id=\"5b495e54\" data-element_type=\"widget\" data-widget_type=\"rt-heading.default\">\n\t\t\t\t<div class=\"elementor-widget-container\">\n\t\t\t\t\t<div class=\"rt-heading-wrapper style-4 text-center\">\n\t\t\t\t\t\t<H1 class=\"   rt-heading style-4\" >CONDITIONS GENERALES DE VENTE<svg width=\"95\" height=\"10\" viewBox=\"0 0 95 10\" xmlns=\"http:\/\/www.w3.org\/2000\/svg\"><path d=\"M1 8l11.54-6 11.538 6 11.54-6 11.538 6 11.538-6 11.54 6L81.77 2 94 8\" stroke-width=\"3\" stroke=\"#6CC139\" fill=\"none\" fill-rule=\"evenodd\"\/><\/svg><\/H1>\n\t\t\t\t\t<\/div>\t\t\t\t<\/div>\n\t\t\t\t<\/div>\n\t\t\t\t\t<\/div>\n\t\t<\/div>\n\t\t\t\t\t<\/div>\n\t\t<\/section>\n\t\t\t\t<section class=\"elementor-section elementor-top-section elementor-element elementor-element-fa72c21 elementor-section-boxed elementor-section-height-default elementor-section-height-default default-style\" data-id=\"fa72c21\" data-element_type=\"section\" data-settings=\"{&quot;rt_color_sets&quot;:&quot;default-style&quot;}\">\n\t\t\t\t\t\t<div class=\"elementor-container elementor-column-gap-default\">\n\t\t\t\t\t<div class=\"elementor-column elementor-col-100 elementor-top-column elementor-element elementor-element-8b7a051\" data-id=\"8b7a051\" data-element_type=\"column\">\n\t\t\t<div class=\"elementor-widget-wrap elementor-element-populated\">\n\t\t\t\t\t\t<div class=\"elementor-element elementor-element-7a5692a elementor-widget elementor-widget-text-editor\" data-id=\"7a5692a\" data-element_type=\"widget\" data-widget_type=\"text-editor.default\">\n\t\t\t\t<div class=\"elementor-widget-container\">\n\t\t\t\t\t\t\t\t\t<p><strong>PRIX<\/strong> : Les prix indiqu\u00e9s dans ce tarif s&rsquo;entendent : H.T., d\u00e9part de notre usine pour un paiement comptant, tout retard de r\u00e8glement \u00e0 la date pr\u00e9vue entra\u00eene la perception par ORSI GROUP S.r.l. d&rsquo;int\u00e9r\u00eat mensuel jusqu&rsquo;au r\u00e8glement des sommes dues. Dans tous les cas tous les co\u00fbts et d\u00e9penses relatifs \u00e0 la vente tels que, par ex., l&#8217;emballage, le transport, l&rsquo;assurance, les taxes locales, etc ..seront support\u00e9s par l&rsquo;acheteur.<\/p><p><strong>PAYEMENTS<\/strong> : Les paiements doivent \u00eatre effectu\u00e9s au si\u00e8ge du vendeur en vertu des termes et conditions pr\u00e9vues par le contrat et ne peuvent pas \u00eatre report\u00e9s pour n&rsquo;importe quelle raison ou motivation; m\u00eame dans le cas de contestations, l&rsquo;acheteur n&rsquo;a pas le droit de suspendre ou retarder les paiements. Chaque fourniture pour laquelle a \u00e9t\u00e9 convenu le paiement d&rsquo;un acompte est subordonn\u00e9e, pour l&rsquo;ex\u00e9cution, au paiement effectif de l&rsquo;acompte m\u00eame. En cas de d\u00e9faut, la livraison sera suspendu. Les paiements sont \u00e0 \u00eatre effectu\u00e9s int\u00e9gralement au montant net indiqu\u00e9 dans la facture et aucune d\u00e9ductions pour frais bancaires sera accept\u00e9.<\/p><p><strong>INTERETS MORATOIRES<\/strong>: Sans pr\u00e9judice de tous ce qui a \u00e9t\u00e9 convenu dans le contrat et dans ces conditions g\u00e9n\u00e9rales, en cas de retard de paiement les int\u00e9r\u00eats moratoires seront appliqu\u00e9 conform\u00e9ment au D.Lgs n. 231\/2002<\/p><p><strong>LIVRAISON<\/strong>: Le vendeur r\u00e9pond \u00e0 toutes ces devoirs en fournissant la fourniture franco de port son usine. D\u00e8s l&rsquo;acte de la prise en charge de la marchandise par l&rsquo;acheteur, le transfert du risque sera tenue par ce dernier. L&rsquo;exp\u00e9dition de la marchandise est toujours fait \u00e0 risque et p\u00e9ril de l&rsquo;acheteur, par n&rsquo;importe quel moyen elle est faite. L&#8217;emballage est support\u00e9 par l&rsquo;acheteur.<\/p><p><strong>DELAIS DE LIVRAISON<\/strong>: Les d\u00e9lais de livraison sont uniquement \u00e0 titre indicatif et non obligatoire pour le vendeur et sont express\u00e9ment convenus avec la clause \u00ab\u00a0sauf circonstances impr\u00e9vues\u00a0\u00bb. Les conditions sont compt\u00e9s en jours ouvrables \u00e0 compter de la signature du contrat; toute modification ou int\u00e9gration du contrat se traduira par une nouvelle course de temps. Dans aucun cas le vendeur r\u00e9pondra des retard de livraison (ou de tout dommage d\u00e9coulant), sauf en cas de n\u00e9gligence grave \u00e0 son charge. Toute responsabilit\u00e9 pour le retard est exclue dans les cas suivants: &#8211; Le non-respect des modalit\u00e9s de paiement de l&rsquo;acheteur, le vendeur en utilisant l&rsquo;art. 1461 cc &#8211; Force majeure, y compris gr\u00e8ves, retards de transport, et les ph\u00e9nom\u00e8nes m\u00e9t\u00e9orologiques; &#8211; D\u00e9faut ou retard dans la livraison des mat\u00e9riaux par les sub-fournisseurs.<\/p><p><strong>RECLAMATIONS<\/strong>: L&rsquo;acheteur a la responsabilit\u00e9 de v\u00e9rifier les marchandises \u00e0 la r\u00e9ception, de v\u00e9rifier la correspondance avec la commande et de transmettre des plaintes, sous peine de d\u00e9ch\u00e9ance, dans les 8 jours de sa r\u00e9ception.<\/p><p><strong>VENTE AVEC R\u00c9SERVE DE PROPRI\u00c9T\u00c9<\/strong>: Les ventes s&rsquo;entendent sous r\u00e9serve de propri\u00e9t\u00e9 aux sens des artt.1523 et ss. c.c. et suivantes modifications. L&rsquo;acheteur acquiert la propri\u00e9t\u00e9 de la marchandise avec le paiement de la derni\u00e8re tranche du prix mais il assume les risques de possession au moment de la livraison, en s&rsquo;engageant de garder les biens avec diligence, r\u00e9pondant aussi aux dommages caus\u00e9s par le feu, le vol, et autre. Jusqu&rsquo;au paiement complet du prix, l&rsquo;acheteur ne pourra pas vendre ou nantir la marchandise ou la louer \u00e0 des tiers. L&rsquo;acheteur aura \u00e9galement l&rsquo;obligation d&rsquo;informer imm\u00e9diatement le vendeur de toute action de tiers sur les marchandises (par exemple saisies, etc.).<\/p><p><br \/><strong>GARANTIE<\/strong>: M\u00e9thodes et conditions de la garantie pr\u00e9vue par la loi en vigueur, sauf accord contraire par \u00e9crit entre les parties. La garantie est limit\u00e9e au remplacement gratuit des pi\u00e8ces qui pr\u00e9sente des d\u00e9fauts de mat\u00e9riaux ou de fabrication qui les rendent impropres \u00e0 leur utilisation pr\u00e9vue. Les pi\u00e8ces \u00e0 r\u00e9parer ou \u00e0 remplacer doivent \u00eatre envoy\u00e9es au si\u00e8ge du vendeur aux frais et risques de l&rsquo;acheteur; les pi\u00e8ces r\u00e9par\u00e9es ou remplac\u00e9es seront livr\u00e9s gratuitement franco \u00e9tablissement du vendeur, l&#8217;emballage restera \u00e0 charge de l&rsquo;acheteur, ainsi que les frais de d\u00e9placement pour l&rsquo;intervention. L&rsquo;acheteur perd le droit \u00e0 la garantie: &#8211; S&rsquo;il ne respecte pas les modalit\u00e9s de paiement; &#8211; Si les d\u00e9fauts r\u00e9clam\u00e9s ont origine par des faits de l&rsquo;acheteur, de ses employ\u00e9s ou des tiers en g\u00e9n\u00e9ral, et m\u00eame en cas d&rsquo;utilisation abusive; &#8211; Si avant de pr\u00e9senter plainte aupr\u00e8s du vendeur, l&rsquo;acheteur, directement ou par des tiers, est intervenu sur les parties sous garantie; &#8211; S&rsquo;il n&rsquo;accompli pas aux prestations contractuelles \u00e0 son charge Aucune garantie ne sera due en cas de d\u00e9fauts r\u00e9sultant de mauvais entretien, de n\u00e9gligence ou incomp\u00e9tence dans l&rsquo;utilisation, de modifications ou alt\u00e9rations effectu\u00e9es par l&rsquo;acheteur ainsi en cas de force majeure. De la garantie sont exclus l&rsquo;usure normale et la normale d\u00e9t\u00e9rioration d&rsquo;usage. Dans aucun des cas pr\u00e9vus par le pr\u00e9sent article, l&rsquo;acheteur peut demander la r\u00e9siliation du contrat, ni le remboursement des dommages directes ou indirectes de quelconque nature. Toute contestation, sous r\u00e9serve de r\u00e9vocation, devra \u00eatre faite au vendeur par \u00e9crit et avec indication sp\u00e9cifique des d\u00e9fauts sous plainte, dans les 8 jours de la d\u00e9couverte.<\/p><p><strong>REMBOURSEMENT DOMMAGES<\/strong>: Sans pr\u00e9judice des autres droits et pouvoirs, en cas de r\u00e9siliation du contrat en raison de la faute de l&rsquo;acheteur, le vendeur peut retenir, \u00e0 titre de p\u00e9nalit\u00e9, les sommes d\u00e9j\u00e0 re\u00e7ues sous r\u00e9serve, ou en tout cas une somme \u00e9gale \u00e0 35% du montant de la machine dans chaque cas, de la remboursabilit\u00e9 de tout dommage suppl\u00e9mentaire, compris celui de l\u2019amortissement des machines vendues.<\/p><p><strong>MODIFICATIONS<\/strong>: La Soci\u00e9t\u00e9 ORTOMEC S.r.l., dans l&rsquo;engagement constant d&rsquo;am\u00e9liorer sa production et\/ou pour des raisons commerciales, a la possibilit\u00e9 de modifier ses produits et leurs prix en n&rsquo;importe quel moment sans engagement de pr\u00e9avis et sans que l&rsquo;acheteur ait le droit de r\u00e9silier le contrat. La mise \u00e0 jour des catalogues et des listes de prix est disponible sur www.ortomec.com<\/p><p><strong>COMP\u00c9TENCE<\/strong>: Pour tout litige ou controverse li\u00e9s \u00e0 la conclusion, l&rsquo;ex\u00e9cution, l&rsquo;interpr\u00e9tation du contrat d&rsquo;approvisionnement, cependant d\u00e9pendant ou li\u00e9, et aussi pour les cas de continence et connexion des causes, les parties \u00e9lisent comme comp\u00e9tence exclusive le Tribunal de Venezia, avec exclusion d\u00e9finitive des autres tribunaux concurrents.<\/p><p style=\"text-align: center;\"><strong>LE MATERIEL ORTOMEC EST CONFORME AUX NORMES \u00ab\u00a0CE\u00a0\u00bb Photographies, dessins et donn\u00e9es techniques sont indicatifs et sans engagement Les caract\u00e9ristiques et sp\u00e9cifications techniques sont sujets \u00e0 changement sans pr\u00e9avis.<\/strong><\/p>\t\t\t\t\t\t\t\t<\/div>\n\t\t\t\t<\/div>\n\t\t\t\t\t<\/div>\n\t\t<\/div>\n\t\t\t\t\t<\/div>\n\t\t<\/section>\n\t\t\t\t<\/div>\n\t\t","protected":false},"excerpt":{"rendered":"<p>CONDITIONS GENERALES DE VENTE PRIX : Les prix indiqu\u00e9s dans ce tarif s&rsquo;entendent : H.T., d\u00e9part de notre usine pour un paiement comptant, tout retard [&hellip;]<\/p>\n","protected":false},"author":1,"featured_media":0,"parent":9854,"menu_order":0,"comment_status":"closed","ping_status":"closed","template":"","meta":{"_acf_changed":false,"footnotes":""},"class_list":["post-16180","page","type-page","status-publish","hentry"],"acf":[],"yoast_head":"<!-- This site is optimized with the Yoast SEO plugin v24.6 - https:\/\/yoast.com\/wordpress\/plugins\/seo\/ -->\n<title>Conditions de vente R\u00e9colteuses et semoirs | Ortomec<\/title>\n<meta name=\"description\" content=\"Ortomec garantit la transparence et le respect des conditions g\u00e9n\u00e9rales de vente pour tous ses clients. D\u00e9couvrez-les maintenant!\" \/>\n<meta name=\"robots\" content=\"noindex, follow, max-snippet:-1, max-image-preview:large, max-video-preview:-1\" \/>\n<meta property=\"og:locale\" content=\"fr_FR\" \/>\n<meta property=\"og:type\" content=\"article\" \/>\n<meta property=\"og:title\" content=\"Conditions de vente R\u00e9colteuses et semoirs | Ortomec\" \/>\n<meta property=\"og:description\" content=\"Ortomec garantit la transparence et le respect des conditions g\u00e9n\u00e9rales de vente pour tous ses clients. D\u00e9couvrez-les maintenant!\" \/>\n<meta property=\"og:url\" content=\"https:\/\/www.stage.ortomec.com\/fr\/assistenza\/conditions-generales-de-vente\/\" \/>\n<meta property=\"og:site_name\" content=\"Ortomec\" \/>\n<meta property=\"article:modified_time\" content=\"2020-12-17T09:24:31+00:00\" \/>\n<meta name=\"twitter:card\" content=\"summary_large_image\" \/>\n<meta name=\"twitter:label1\" content=\"Dur\u00e9e de lecture estim\u00e9e\" \/>\n\t<meta name=\"twitter:data1\" content=\"6 minutes\" \/>\n<script type=\"application\/ld+json\" class=\"yoast-schema-graph\">{\"@context\":\"https:\/\/schema.org\",\"@graph\":[{\"@type\":\"WebPage\",\"@id\":\"https:\/\/www.stage.ortomec.com\/fr\/assistenza\/conditions-generales-de-vente\/\",\"url\":\"https:\/\/www.stage.ortomec.com\/fr\/assistenza\/conditions-generales-de-vente\/\",\"name\":\"Conditions de vente R\u00e9colteuses et semoirs | Ortomec\",\"isPartOf\":{\"@id\":\"https:\/\/www.stage.ortomec.com\/fr\/#website\"},\"datePublished\":\"2020-12-16T10:16:56+00:00\",\"dateModified\":\"2020-12-17T09:24:31+00:00\",\"description\":\"Ortomec garantit la transparence et le respect des conditions g\u00e9n\u00e9rales de vente pour tous ses clients. D\u00e9couvrez-les maintenant!\",\"breadcrumb\":{\"@id\":\"https:\/\/www.stage.ortomec.com\/fr\/assistenza\/conditions-generales-de-vente\/#breadcrumb\"},\"inLanguage\":\"fr-FR\",\"potentialAction\":[{\"@type\":\"ReadAction\",\"target\":[\"https:\/\/www.stage.ortomec.com\/fr\/assistenza\/conditions-generales-de-vente\/\"]}]},{\"@type\":\"BreadcrumbList\",\"@id\":\"https:\/\/www.stage.ortomec.com\/fr\/assistenza\/conditions-generales-de-vente\/#breadcrumb\",\"itemListElement\":[{\"@type\":\"ListItem\",\"position\":1,\"name\":\"Home\",\"item\":\"https:\/\/www.stage.ortomec.com\/fr\/\"},{\"@type\":\"ListItem\",\"position\":2,\"name\":\"Assistance\",\"item\":\"https:\/\/www.stage.ortomec.com\/fr\/assistenza\/\"},{\"@type\":\"ListItem\",\"position\":3,\"name\":\"Conditions generales de vente\"}]},{\"@type\":\"WebSite\",\"@id\":\"https:\/\/www.stage.ortomec.com\/fr\/#website\",\"url\":\"https:\/\/www.stage.ortomec.com\/fr\/\",\"name\":\"Ortomec\",\"description\":\"\",\"publisher\":{\"@id\":\"https:\/\/www.stage.ortomec.com\/fr\/#organization\"},\"potentialAction\":[{\"@type\":\"SearchAction\",\"target\":{\"@type\":\"EntryPoint\",\"urlTemplate\":\"https:\/\/www.stage.ortomec.com\/fr\/?s={search_term_string}\"},\"query-input\":{\"@type\":\"PropertyValueSpecification\",\"valueRequired\":true,\"valueName\":\"search_term_string\"}}],\"inLanguage\":\"fr-FR\"},{\"@type\":\"Organization\",\"@id\":\"https:\/\/www.stage.ortomec.com\/fr\/#organization\",\"name\":\"Ortomec\",\"url\":\"https:\/\/www.stage.ortomec.com\/fr\/\",\"logo\":{\"@type\":\"ImageObject\",\"inLanguage\":\"fr-FR\",\"@id\":\"https:\/\/www.stage.ortomec.com\/fr\/#\/schema\/logo\/image\/\",\"url\":\"https:\/\/www.stage.ortomec.com\/wp-content\/uploads\/2020\/07\/ortomec_favicon.png\",\"contentUrl\":\"https:\/\/www.stage.ortomec.com\/wp-content\/uploads\/2020\/07\/ortomec_favicon.png\",\"width\":512,\"height\":512,\"caption\":\"Ortomec\"},\"image\":{\"@id\":\"https:\/\/www.stage.ortomec.com\/fr\/#\/schema\/logo\/image\/\"}}]}<\/script>\n<!-- \/ Yoast SEO plugin. -->","yoast_head_json":{"title":"Conditions de vente R\u00e9colteuses et semoirs | Ortomec","description":"Ortomec garantit la transparence et le respect des conditions g\u00e9n\u00e9rales de vente pour tous ses clients. D\u00e9couvrez-les maintenant!","robots":{"index":"noindex","follow":"follow","max-snippet":"max-snippet:-1","max-image-preview":"max-image-preview:large","max-video-preview":"max-video-preview:-1"},"og_locale":"fr_FR","og_type":"article","og_title":"Conditions de vente R\u00e9colteuses et semoirs | Ortomec","og_description":"Ortomec garantit la transparence et le respect des conditions g\u00e9n\u00e9rales de vente pour tous ses clients. D\u00e9couvrez-les maintenant!","og_url":"https:\/\/www.stage.ortomec.com\/fr\/assistenza\/conditions-generales-de-vente\/","og_site_name":"Ortomec","article_modified_time":"2020-12-17T09:24:31+00:00","twitter_card":"summary_large_image","twitter_misc":{"Dur\u00e9e de lecture estim\u00e9e":"6 minutes"},"schema":{"@context":"https:\/\/schema.org","@graph":[{"@type":"WebPage","@id":"https:\/\/www.stage.ortomec.com\/fr\/assistenza\/conditions-generales-de-vente\/","url":"https:\/\/www.stage.ortomec.com\/fr\/assistenza\/conditions-generales-de-vente\/","name":"Conditions de vente R\u00e9colteuses et semoirs | Ortomec","isPartOf":{"@id":"https:\/\/www.stage.ortomec.com\/fr\/#website"},"datePublished":"2020-12-16T10:16:56+00:00","dateModified":"2020-12-17T09:24:31+00:00","description":"Ortomec garantit la transparence et le respect des conditions g\u00e9n\u00e9rales de vente pour tous ses clients. D\u00e9couvrez-les maintenant!","breadcrumb":{"@id":"https:\/\/www.stage.ortomec.com\/fr\/assistenza\/conditions-generales-de-vente\/#breadcrumb"},"inLanguage":"fr-FR","potentialAction":[{"@type":"ReadAction","target":["https:\/\/www.stage.ortomec.com\/fr\/assistenza\/conditions-generales-de-vente\/"]}]},{"@type":"BreadcrumbList","@id":"https:\/\/www.stage.ortomec.com\/fr\/assistenza\/conditions-generales-de-vente\/#breadcrumb","itemListElement":[{"@type":"ListItem","position":1,"name":"Home","item":"https:\/\/www.stage.ortomec.com\/fr\/"},{"@type":"ListItem","position":2,"name":"Assistance","item":"https:\/\/www.stage.ortomec.com\/fr\/assistenza\/"},{"@type":"ListItem","position":3,"name":"Conditions generales de vente"}]},{"@type":"WebSite","@id":"https:\/\/www.stage.ortomec.com\/fr\/#website","url":"https:\/\/www.stage.ortomec.com\/fr\/","name":"Ortomec","description":"","publisher":{"@id":"https:\/\/www.stage.ortomec.com\/fr\/#organization"},"potentialAction":[{"@type":"SearchAction","target":{"@type":"EntryPoint","urlTemplate":"https:\/\/www.stage.ortomec.com\/fr\/?s={search_term_string}"},"query-input":{"@type":"PropertyValueSpecification","valueRequired":true,"valueName":"search_term_string"}}],"inLanguage":"fr-FR"},{"@type":"Organization","@id":"https:\/\/www.stage.ortomec.com\/fr\/#organization","name":"Ortomec","url":"https:\/\/www.stage.ortomec.com\/fr\/","logo":{"@type":"ImageObject","inLanguage":"fr-FR","@id":"https:\/\/www.stage.ortomec.com\/fr\/#\/schema\/logo\/image\/","url":"https:\/\/www.stage.ortomec.com\/wp-content\/uploads\/2020\/07\/ortomec_favicon.png","contentUrl":"https:\/\/www.stage.ortomec.com\/wp-content\/uploads\/2020\/07\/ortomec_favicon.png","width":512,"height":512,"caption":"Ortomec"},"image":{"@id":"https:\/\/www.stage.ortomec.com\/fr\/#\/schema\/logo\/image\/"}}]}},"_links":{"self":[{"href":"https:\/\/www.stage.ortomec.com\/fr\/wp-json\/wp\/v2\/pages\/16180","targetHints":{"allow":["GET"]}}],"collection":[{"href":"https:\/\/www.stage.ortomec.com\/fr\/wp-json\/wp\/v2\/pages"}],"about":[{"href":"https:\/\/www.stage.ortomec.com\/fr\/wp-json\/wp\/v2\/types\/page"}],"author":[{"embeddable":true,"href":"https:\/\/www.stage.ortomec.com\/fr\/wp-json\/wp\/v2\/users\/1"}],"replies":[{"embeddable":true,"href":"https:\/\/www.stage.ortomec.com\/fr\/wp-json\/wp\/v2\/comments?post=16180"}],"version-history":[{"count":0,"href":"https:\/\/www.stage.ortomec.com\/fr\/wp-json\/wp\/v2\/pages\/16180\/revisions"}],"up":[{"embeddable":true,"href":"https:\/\/www.stage.ortomec.com\/fr\/wp-json\/wp\/v2\/pages\/9854"}],"wp:attachment":[{"href":"https:\/\/www.stage.ortomec.com\/fr\/wp-json\/wp\/v2\/media?parent=16180"}],"curies":[{"name":"wp","href":"https:\/\/api.w.org\/{rel}","templated":true}]}}