{"id":11862,"date":"2020-10-12T12:21:32","date_gmt":"2020-10-12T10:21:32","guid":{"rendered":"https:\/\/www.stage.ortomec.com\/?page_id=11862"},"modified":"2020-10-12T12:22:26","modified_gmt":"2020-10-12T10:22:26","slug":"cookie-policy","status":"publish","type":"page","link":"https:\/\/www.stage.ortomec.com\/fr\/cookie-policy-fr\/","title":{"rendered":"Cookie Policy"},"content":{"rendered":"\t\t<div data-elementor-type=\"wp-page\" data-elementor-id=\"11862\" class=\"elementor elementor-11862 elementor-11857\">\n\t\t\t\t\t\t<section class=\"elementor-section elementor-top-section elementor-element elementor-element-b7603ae elementor-section-boxed elementor-section-height-default elementor-section-height-default default-style\" data-id=\"b7603ae\" data-element_type=\"section\" data-settings=\"{&quot;rt_color_sets&quot;:&quot;default-style&quot;}\">\n\t\t\t\t\t\t<div class=\"elementor-container elementor-column-gap-default\">\n\t\t\t\t\t<div class=\"elementor-column elementor-col-100 elementor-top-column elementor-element elementor-element-0b4d1a4\" data-id=\"0b4d1a4\" data-element_type=\"column\">\n\t\t\t<div class=\"elementor-widget-wrap elementor-element-populated\">\n\t\t\t\t\t\t<div class=\"elementor-element elementor-element-dc7d4ec elementor-widget elementor-widget-heading\" data-id=\"dc7d4ec\" data-element_type=\"widget\" data-widget_type=\"heading.default\">\n\t\t\t\t<div class=\"elementor-widget-container\">\n\t\t\t\t\t<h1 class=\"elementor-heading-title elementor-size-xxl\">Cookie Policy<\/h1>\t\t\t\t<\/div>\n\t\t\t\t<\/div>\n\t\t\t\t\t<\/div>\n\t\t<\/div>\n\t\t\t\t\t<\/div>\n\t\t<\/section>\n\t\t\t\t<section class=\"elementor-section elementor-top-section elementor-element elementor-element-f177ae4 elementor-section-boxed elementor-section-height-default elementor-section-height-default default-style\" data-id=\"f177ae4\" data-element_type=\"section\" data-settings=\"{&quot;rt_color_sets&quot;:&quot;default-style&quot;}\">\n\t\t\t\t\t\t<div class=\"elementor-container elementor-column-gap-default\">\n\t\t\t\t\t<div class=\"elementor-column elementor-col-100 elementor-top-column elementor-element elementor-element-f890efa\" data-id=\"f890efa\" data-element_type=\"column\">\n\t\t\t<div class=\"elementor-widget-wrap elementor-element-populated\">\n\t\t\t\t\t\t<div class=\"elementor-element elementor-element-5e23daa elementor-widget elementor-widget-text-editor\" data-id=\"5e23daa\" data-element_type=\"widget\" data-widget_type=\"text-editor.default\">\n\t\t\t\t<div class=\"elementor-widget-container\">\n\t\t\t\t\t\t\t\t\t<p>Nous utilisons des cookies pour personnaliser le contenu et les publicit\u00e9s, fournir des fonctionnalit\u00e9s de m\u00e9dias sociaux et analyser notre trafic. Nous fournissons \u00e9galement des informations sur votre utilisation de notre site \u00e0 nos partenaires d&rsquo;analyse Web, de publicit\u00e9 et de m\u00e9dias sociaux, qui peuvent les combiner avec d&rsquo;autres informations que vous leur avez fournies ou qu&rsquo;ils ont collect\u00e9es en fonction de votre utilisation des leurs. prestations de service.<br \/><br \/>Que sont les cookies: les cookies sont de petits fichiers texte qui peuvent \u00eatre utilis\u00e9s par les sites Web pour rendre l&rsquo;exp\u00e9rience utilisateur plus efficace. La loi stipule que nous pouvons stocker des cookies sur votre appareil s&rsquo;ils sont strictement n\u00e9cessaires au fonctionnement de ce site.<br \/><br \/>Pour tous les autres types de cookies, nous avons besoin de votre autorisation.<br \/><br \/>Ce site utilise diff\u00e9rents types de cookies. Certains cookies sont plac\u00e9s par des services tiers qui apparaissent sur nos pages.<br \/><br \/>Les cookies n\u00e9cessaires aident \u00e0 rendre un site Web utilisable en activant des fonctions de base telles que la navigation dans les pages et l&rsquo;acc\u00e8s aux zones prot\u00e9g\u00e9es du site. Le site Web ne peut pas fonctionner correctement sans ces cookies.<br \/><br \/>Cookies n\u00e9cessaires:<br \/>\u2022 PHPSESSID: g\u00e8re la session de l&rsquo;utilisateur;<br \/>\u2022 cookiescriptaccept: g\u00e8re l&rsquo;activation \/ la d\u00e9sactivation des cookies;<br \/>\u2022 _gid: utilis\u00e9 pour distinguer les utilisateurs;<br \/>\u2022 _ga: utilis\u00e9 pour distinguer les utilisateurs;<br \/>\u2022 Google Analytics (Google Inc.):<br \/>Google Analytics est un service d&rsquo;analyse Web fourni par Google Inc. (\u00abGoogle\u00bb). Google utilise les donn\u00e9es personnelles collect\u00e9es dans le but de suivre et d&rsquo;examiner l&rsquo;utilisation de ce site Web, de compiler des rapports et de les partager avec d&rsquo;autres services d\u00e9velopp\u00e9s par Google.<br \/>Google peut utiliser les donn\u00e9es personnelles pour contextualiser et personnaliser les publicit\u00e9s de son propre r\u00e9seau publicitaire.<\/p>\t\t\t\t\t\t\t\t<\/div>\n\t\t\t\t<\/div>\n\t\t\t\t\t<\/div>\n\t\t<\/div>\n\t\t\t\t\t<\/div>\n\t\t<\/section>\n\t\t\t\t<\/div>\n\t\t","protected":false},"excerpt":{"rendered":"<p>Cookie Policy Nous utilisons des cookies pour personnaliser le contenu et les publicit\u00e9s, fournir des fonctionnalit\u00e9s de m\u00e9dias sociaux et analyser notre trafic. Nous fournissons [&hellip;]<\/p>\n","protected":false},"author":1,"featured_media":0,"parent":0,"menu_order":0,"comment_status":"closed","ping_status":"closed","template":"","meta":{"_acf_changed":false,"footnotes":""},"class_list":["post-11862","page","type-page","status-publish","hentry"],"acf":[],"yoast_head":"<!-- This site is optimized with the Yoast SEO plugin v24.6 - https:\/\/yoast.com\/wordpress\/plugins\/seo\/ -->\n<title>Cookie Policy - Ortomec<\/title>\n<meta name=\"robots\" content=\"noindex, follow, max-snippet:-1, max-image-preview:large, max-video-preview:-1\" \/>\n<meta property=\"og:locale\" content=\"fr_FR\" \/>\n<meta property=\"og:type\" content=\"article\" \/>\n<meta property=\"og:title\" content=\"Cookie Policy - Ortomec\" \/>\n<meta property=\"og:description\" content=\"Cookie Policy Nous utilisons des cookies pour personnaliser le contenu et les publicit\u00e9s, fournir des fonctionnalit\u00e9s de m\u00e9dias sociaux et analyser notre trafic. Nous fournissons [&hellip;]\" \/>\n<meta property=\"og:url\" content=\"https:\/\/www.stage.ortomec.com\/fr\/cookie-policy-fr\/\" \/>\n<meta property=\"og:site_name\" content=\"Ortomec\" \/>\n<meta property=\"article:modified_time\" content=\"2020-10-12T10:22:26+00:00\" \/>\n<meta name=\"twitter:card\" content=\"summary_large_image\" \/>\n<meta name=\"twitter:label1\" content=\"Dur\u00e9e de lecture estim\u00e9e\" \/>\n\t<meta name=\"twitter:data1\" content=\"2 minutes\" \/>\n<script type=\"application\/ld+json\" class=\"yoast-schema-graph\">{\"@context\":\"https:\/\/schema.org\",\"@graph\":[{\"@type\":\"WebPage\",\"@id\":\"https:\/\/www.stage.ortomec.com\/fr\/cookie-policy-fr\/\",\"url\":\"https:\/\/www.stage.ortomec.com\/fr\/cookie-policy-fr\/\",\"name\":\"Cookie Policy - Ortomec\",\"isPartOf\":{\"@id\":\"https:\/\/www.stage.ortomec.com\/fr\/#website\"},\"datePublished\":\"2020-10-12T10:21:32+00:00\",\"dateModified\":\"2020-10-12T10:22:26+00:00\",\"breadcrumb\":{\"@id\":\"https:\/\/www.stage.ortomec.com\/fr\/cookie-policy-fr\/#breadcrumb\"},\"inLanguage\":\"fr-FR\",\"potentialAction\":[{\"@type\":\"ReadAction\",\"target\":[\"https:\/\/www.stage.ortomec.com\/fr\/cookie-policy-fr\/\"]}]},{\"@type\":\"BreadcrumbList\",\"@id\":\"https:\/\/www.stage.ortomec.com\/fr\/cookie-policy-fr\/#breadcrumb\",\"itemListElement\":[{\"@type\":\"ListItem\",\"position\":1,\"name\":\"Home\",\"item\":\"https:\/\/www.stage.ortomec.com\/fr\/\"},{\"@type\":\"ListItem\",\"position\":2,\"name\":\"Cookie Policy\"}]},{\"@type\":\"WebSite\",\"@id\":\"https:\/\/www.stage.ortomec.com\/fr\/#website\",\"url\":\"https:\/\/www.stage.ortomec.com\/fr\/\",\"name\":\"Ortomec\",\"description\":\"\",\"publisher\":{\"@id\":\"https:\/\/www.stage.ortomec.com\/fr\/#organization\"},\"potentialAction\":[{\"@type\":\"SearchAction\",\"target\":{\"@type\":\"EntryPoint\",\"urlTemplate\":\"https:\/\/www.stage.ortomec.com\/fr\/?s={search_term_string}\"},\"query-input\":{\"@type\":\"PropertyValueSpecification\",\"valueRequired\":true,\"valueName\":\"search_term_string\"}}],\"inLanguage\":\"fr-FR\"},{\"@type\":\"Organization\",\"@id\":\"https:\/\/www.stage.ortomec.com\/fr\/#organization\",\"name\":\"Ortomec\",\"url\":\"https:\/\/www.stage.ortomec.com\/fr\/\",\"logo\":{\"@type\":\"ImageObject\",\"inLanguage\":\"fr-FR\",\"@id\":\"https:\/\/www.stage.ortomec.com\/fr\/#\/schema\/logo\/image\/\",\"url\":\"https:\/\/www.stage.ortomec.com\/wp-content\/uploads\/2020\/07\/ortomec_favicon.png\",\"contentUrl\":\"https:\/\/www.stage.ortomec.com\/wp-content\/uploads\/2020\/07\/ortomec_favicon.png\",\"width\":512,\"height\":512,\"caption\":\"Ortomec\"},\"image\":{\"@id\":\"https:\/\/www.stage.ortomec.com\/fr\/#\/schema\/logo\/image\/\"}}]}<\/script>\n<!-- \/ Yoast SEO plugin. -->","yoast_head_json":{"title":"Cookie Policy - Ortomec","robots":{"index":"noindex","follow":"follow","max-snippet":"max-snippet:-1","max-image-preview":"max-image-preview:large","max-video-preview":"max-video-preview:-1"},"og_locale":"fr_FR","og_type":"article","og_title":"Cookie Policy - Ortomec","og_description":"Cookie Policy Nous utilisons des cookies pour personnaliser le contenu et les publicit\u00e9s, fournir des fonctionnalit\u00e9s de m\u00e9dias sociaux et analyser notre trafic. Nous fournissons [&hellip;]","og_url":"https:\/\/www.stage.ortomec.com\/fr\/cookie-policy-fr\/","og_site_name":"Ortomec","article_modified_time":"2020-10-12T10:22:26+00:00","twitter_card":"summary_large_image","twitter_misc":{"Dur\u00e9e de lecture estim\u00e9e":"2 minutes"},"schema":{"@context":"https:\/\/schema.org","@graph":[{"@type":"WebPage","@id":"https:\/\/www.stage.ortomec.com\/fr\/cookie-policy-fr\/","url":"https:\/\/www.stage.ortomec.com\/fr\/cookie-policy-fr\/","name":"Cookie Policy - Ortomec","isPartOf":{"@id":"https:\/\/www.stage.ortomec.com\/fr\/#website"},"datePublished":"2020-10-12T10:21:32+00:00","dateModified":"2020-10-12T10:22:26+00:00","breadcrumb":{"@id":"https:\/\/www.stage.ortomec.com\/fr\/cookie-policy-fr\/#breadcrumb"},"inLanguage":"fr-FR","potentialAction":[{"@type":"ReadAction","target":["https:\/\/www.stage.ortomec.com\/fr\/cookie-policy-fr\/"]}]},{"@type":"BreadcrumbList","@id":"https:\/\/www.stage.ortomec.com\/fr\/cookie-policy-fr\/#breadcrumb","itemListElement":[{"@type":"ListItem","position":1,"name":"Home","item":"https:\/\/www.stage.ortomec.com\/fr\/"},{"@type":"ListItem","position":2,"name":"Cookie Policy"}]},{"@type":"WebSite","@id":"https:\/\/www.stage.ortomec.com\/fr\/#website","url":"https:\/\/www.stage.ortomec.com\/fr\/","name":"Ortomec","description":"","publisher":{"@id":"https:\/\/www.stage.ortomec.com\/fr\/#organization"},"potentialAction":[{"@type":"SearchAction","target":{"@type":"EntryPoint","urlTemplate":"https:\/\/www.stage.ortomec.com\/fr\/?s={search_term_string}"},"query-input":{"@type":"PropertyValueSpecification","valueRequired":true,"valueName":"search_term_string"}}],"inLanguage":"fr-FR"},{"@type":"Organization","@id":"https:\/\/www.stage.ortomec.com\/fr\/#organization","name":"Ortomec","url":"https:\/\/www.stage.ortomec.com\/fr\/","logo":{"@type":"ImageObject","inLanguage":"fr-FR","@id":"https:\/\/www.stage.ortomec.com\/fr\/#\/schema\/logo\/image\/","url":"https:\/\/www.stage.ortomec.com\/wp-content\/uploads\/2020\/07\/ortomec_favicon.png","contentUrl":"https:\/\/www.stage.ortomec.com\/wp-content\/uploads\/2020\/07\/ortomec_favicon.png","width":512,"height":512,"caption":"Ortomec"},"image":{"@id":"https:\/\/www.stage.ortomec.com\/fr\/#\/schema\/logo\/image\/"}}]}},"_links":{"self":[{"href":"https:\/\/www.stage.ortomec.com\/fr\/wp-json\/wp\/v2\/pages\/11862","targetHints":{"allow":["GET"]}}],"collection":[{"href":"https:\/\/www.stage.ortomec.com\/fr\/wp-json\/wp\/v2\/pages"}],"about":[{"href":"https:\/\/www.stage.ortomec.com\/fr\/wp-json\/wp\/v2\/types\/page"}],"author":[{"embeddable":true,"href":"https:\/\/www.stage.ortomec.com\/fr\/wp-json\/wp\/v2\/users\/1"}],"replies":[{"embeddable":true,"href":"https:\/\/www.stage.ortomec.com\/fr\/wp-json\/wp\/v2\/comments?post=11862"}],"version-history":[{"count":0,"href":"https:\/\/www.stage.ortomec.com\/fr\/wp-json\/wp\/v2\/pages\/11862\/revisions"}],"wp:attachment":[{"href":"https:\/\/www.stage.ortomec.com\/fr\/wp-json\/wp\/v2\/media?parent=11862"}],"curies":[{"name":"wp","href":"https:\/\/api.w.org\/{rel}","templated":true}]}}