{"id":17774,"date":"2021-06-09T10:28:18","date_gmt":"2021-06-09T08:28:18","guid":{"rendered":"https:\/\/www.stage.ortomec.com\/?post_type=product&#038;p=17774"},"modified":"2024-04-17T11:07:48","modified_gmt":"2024-04-17T09:07:48","slug":"sembradora-multi-seed-copy","status":"publish","type":"product","link":"https:\/\/www.stage.ortomec.com\/es\/producto\/sembradora-multi-seed-copy\/","title":{"rendered":"MULTI-SEED 160"},"content":{"rendered":"","protected":false},"excerpt":{"rendered":"<div class=\"elementor-element elementor-element-42ac415a elementor-widget elementor-widget-heading\" data-id=\"42ac415a\" data-element_type=\"widget\" data-widget_type=\"heading.default\">\n<div class=\"elementor-widget-container\">\n<h3 class=\"elementor-heading-title elementor-size-default\">Caracter\u00edsticas principales<\/h3>\n<\/div>\n<\/div>\n<section class=\"elementor-element elementor-element-56a90e03 elementor-section-boxed elementor-section-height-default elementor-section-height-default default-style elementor-section elementor-inner-section\" data-id=\"56a90e03\" data-element_type=\"section\" data-settings=\"{&quot;rt_color_sets&quot;:&quot;default-style&quot;}\">\n<div class=\"elementor-container elementor-column-gap-default\">\n<div class=\"elementor-row\">\n<div class=\"elementor-element elementor-element-3a86ce2b elementor-column elementor-col-100 elementor-inner-column\" data-id=\"3a86ce2b\" data-element_type=\"column\">\n<div class=\"elementor-column-wrap elementor-element-populated\">\n<div class=\"elementor-widget-wrap\">\n<div class=\"elementor-element elementor-element-7e26b6f4 elementor-icon-list--layout-traditional elementor-widget elementor-widget-icon-list\" data-id=\"7e26b6f4\" data-element_type=\"widget\" data-widget_type=\"icon-list.default\">\n<div class=\"elementor-widget-container\">\n<ul class=\"elementor-icon-list-items\">\n<li class=\"elementor-icon-list-item\">Cambio r\u00e1pido de semillas con sistema de descarga mediante un elevador de tolva a presi\u00f3n;<\/li>\n<li class=\"elementor-icon-list-item\">Ajuste de la profundidad de las rejas en el suelo con palanca manual con posiciones graduadas;<\/li>\n<li class=\"elementor-icon-list-item\">Distribuidores individuales para cada fila de siembra con apertura o cierre independiente;<\/li>\n<li class=\"elementor-icon-list-item\">Cantidad de siembra variable con control graduado \u00fanico ajustable manualmente;<\/li>\n<li class=\"elementor-icon-list-item\">Las piezas de movimiento y transmisi\u00f3n est\u00e1n protegidas de las inclemencias del tiempo y del polvo gracias al particular dise\u00f1o del bastidor \u00abcaja\u00bb;<\/li>\n<li class=\"elementor-icon-list-item\">Sistema de accionamiento hidr\u00e1ulico a los dos rodillos con conexiones hidr\u00e1ulicas desde el tractor;<\/li>\n<li class=\"elementor-icon-list-item\">Rodillos de acero inoxidable \u00d8 323 mm. equipados con un rascador de tierra r\u00edgido para permitir la limpieza de los propios rodillos;<\/li>\n<li class=\"elementor-icon-list-item\">Tolva de semillas de acero inoxidable y pintura del bastidor de la m\u00e1quina con una imprimaci\u00f3n especial anticorrosiva;<\/li>\n<li class=\"elementor-icon-list-item\">Vibraci\u00f3n el\u00e9ctrica a la tolva para la continuidad de la alimentaci\u00f3n de semillas, 12 voltios al tractor, con bot\u00f3n ON\/OFF;<\/li>\n<\/ul>\n<\/div>\n<\/div>\n<\/div>\n<\/div>\n<\/div>\n<\/div>\n<\/div>\n<\/section>\n","protected":false},"featured_media":22335,"comment_status":"closed","ping_status":"closed","template":"","meta":{"_acf_changed":false},"product_brand":[],"product_cat":[163],"product_tag":[],"class_list":{"0":"post-17774","1":"product","2":"type-product","3":"status-publish","4":"has-post-thumbnail","6":"product_cat-en-stock","8":"first","9":"instock","10":"shipping-taxable","11":"product-type-simple"},"acf":[],"yoast_head":"<!-- This site is optimized with the Yoast SEO plugin v24.6 - https:\/\/yoast.com\/wordpress\/plugins\/seo\/ -->\n<title>MULTI-SEED 160 - Ortomec<\/title>\n<meta name=\"description\" content=\"Descubra ahora los excelentes equipos de segunda mano de Ortomec: solicite informaci\u00f3n sobre nuestro MULTI-SEED 160, \u00a1eficiente y 100% fiable!\" \/>\n<meta name=\"robots\" content=\"noindex, follow, max-snippet:-1, max-image-preview:large, max-video-preview:-1\" \/>\n<meta property=\"og:locale\" content=\"es_ES\" \/>\n<meta property=\"og:type\" content=\"article\" \/>\n<meta property=\"og:title\" content=\"MULTI-SEED 160 - Ortomec\" \/>\n<meta property=\"og:description\" content=\"Descubra ahora los excelentes equipos de segunda mano de Ortomec: solicite informaci\u00f3n sobre nuestro MULTI-SEED 160, \u00a1eficiente y 100% fiable!\" \/>\n<meta property=\"og:url\" content=\"https:\/\/www.stage.ortomec.com\/es\/producto\/sembradora-multi-seed-copy\/\" \/>\n<meta property=\"og:site_name\" content=\"Ortomec\" \/>\n<meta property=\"article:modified_time\" content=\"2024-04-17T09:07:48+00:00\" \/>\n<meta property=\"og:image\" content=\"https:\/\/www.stage.ortomec.com\/wp-content\/uploads\/2023\/09\/IMG_1539.jpg\" \/>\n\t<meta property=\"og:image:width\" content=\"1024\" \/>\n\t<meta property=\"og:image:height\" content=\"768\" \/>\n\t<meta property=\"og:image:type\" content=\"image\/jpeg\" \/>\n<meta name=\"twitter:card\" content=\"summary_large_image\" \/>\n<script type=\"application\/ld+json\" class=\"yoast-schema-graph\">{\"@context\":\"https:\/\/schema.org\",\"@graph\":[{\"@type\":\"WebPage\",\"@id\":\"https:\/\/www.stage.ortomec.com\/es\/producto\/sembradora-multi-seed-copy\/\",\"url\":\"https:\/\/www.stage.ortomec.com\/es\/producto\/sembradora-multi-seed-copy\/\",\"name\":\"MULTI-SEED 160 - Ortomec\",\"isPartOf\":{\"@id\":\"https:\/\/www.stage.ortomec.com\/es\/#website\"},\"primaryImageOfPage\":{\"@id\":\"https:\/\/www.stage.ortomec.com\/es\/producto\/sembradora-multi-seed-copy\/#primaryimage\"},\"image\":{\"@id\":\"https:\/\/www.stage.ortomec.com\/es\/producto\/sembradora-multi-seed-copy\/#primaryimage\"},\"thumbnailUrl\":\"https:\/\/www.stage.ortomec.com\/wp-content\/uploads\/2023\/09\/IMG_1539.jpg\",\"datePublished\":\"2021-06-09T08:28:18+00:00\",\"dateModified\":\"2024-04-17T09:07:48+00:00\",\"description\":\"Descubra ahora los excelentes equipos de segunda mano de Ortomec: solicite informaci\u00f3n sobre nuestro MULTI-SEED 160, \u00a1eficiente y 100% fiable!\",\"breadcrumb\":{\"@id\":\"https:\/\/www.stage.ortomec.com\/es\/producto\/sembradora-multi-seed-copy\/#breadcrumb\"},\"inLanguage\":\"es\",\"potentialAction\":[{\"@type\":\"ReadAction\",\"target\":[\"https:\/\/www.stage.ortomec.com\/es\/producto\/sembradora-multi-seed-copy\/\"]}]},{\"@type\":\"ImageObject\",\"inLanguage\":\"es\",\"@id\":\"https:\/\/www.stage.ortomec.com\/es\/producto\/sembradora-multi-seed-copy\/#primaryimage\",\"url\":\"https:\/\/www.stage.ortomec.com\/wp-content\/uploads\/2023\/09\/IMG_1539.jpg\",\"contentUrl\":\"https:\/\/www.stage.ortomec.com\/wp-content\/uploads\/2023\/09\/IMG_1539.jpg\",\"width\":1024,\"height\":768},{\"@type\":\"BreadcrumbList\",\"@id\":\"https:\/\/www.stage.ortomec.com\/es\/producto\/sembradora-multi-seed-copy\/#breadcrumb\",\"itemListElement\":[{\"@type\":\"ListItem\",\"position\":1,\"name\":\"Home\",\"item\":\"https:\/\/www.stage.ortomec.com\/es\/\"},{\"@type\":\"ListItem\",\"position\":2,\"name\":\"Productos\",\"item\":\"https:\/\/www.stage.ortomec.com\/es\/shop\/\"},{\"@type\":\"ListItem\",\"position\":3,\"name\":\"MULTI-SEED 160\"}]},{\"@type\":\"WebSite\",\"@id\":\"https:\/\/www.stage.ortomec.com\/es\/#website\",\"url\":\"https:\/\/www.stage.ortomec.com\/es\/\",\"name\":\"Ortomec\",\"description\":\"\",\"publisher\":{\"@id\":\"https:\/\/www.stage.ortomec.com\/es\/#organization\"},\"potentialAction\":[{\"@type\":\"SearchAction\",\"target\":{\"@type\":\"EntryPoint\",\"urlTemplate\":\"https:\/\/www.stage.ortomec.com\/es\/?s={search_term_string}\"},\"query-input\":{\"@type\":\"PropertyValueSpecification\",\"valueRequired\":true,\"valueName\":\"search_term_string\"}}],\"inLanguage\":\"es\"},{\"@type\":\"Organization\",\"@id\":\"https:\/\/www.stage.ortomec.com\/es\/#organization\",\"name\":\"Ortomec\",\"url\":\"https:\/\/www.stage.ortomec.com\/es\/\",\"logo\":{\"@type\":\"ImageObject\",\"inLanguage\":\"es\",\"@id\":\"https:\/\/www.stage.ortomec.com\/es\/#\/schema\/logo\/image\/\",\"url\":\"https:\/\/www.stage.ortomec.com\/wp-content\/uploads\/2020\/07\/ortomec_favicon.png\",\"contentUrl\":\"https:\/\/www.stage.ortomec.com\/wp-content\/uploads\/2020\/07\/ortomec_favicon.png\",\"width\":512,\"height\":512,\"caption\":\"Ortomec\"},\"image\":{\"@id\":\"https:\/\/www.stage.ortomec.com\/es\/#\/schema\/logo\/image\/\"}}]}<\/script>\n<!-- \/ Yoast SEO plugin. -->","yoast_head_json":{"title":"MULTI-SEED 160 - Ortomec","description":"Descubra ahora los excelentes equipos de segunda mano de Ortomec: solicite informaci\u00f3n sobre nuestro MULTI-SEED 160, \u00a1eficiente y 100% fiable!","robots":{"index":"noindex","follow":"follow","max-snippet":"max-snippet:-1","max-image-preview":"max-image-preview:large","max-video-preview":"max-video-preview:-1"},"og_locale":"es_ES","og_type":"article","og_title":"MULTI-SEED 160 - Ortomec","og_description":"Descubra ahora los excelentes equipos de segunda mano de Ortomec: solicite informaci\u00f3n sobre nuestro MULTI-SEED 160, \u00a1eficiente y 100% fiable!","og_url":"https:\/\/www.stage.ortomec.com\/es\/producto\/sembradora-multi-seed-copy\/","og_site_name":"Ortomec","article_modified_time":"2024-04-17T09:07:48+00:00","og_image":[{"width":1024,"height":768,"url":"https:\/\/www.stage.ortomec.com\/wp-content\/uploads\/2023\/09\/IMG_1539.jpg","type":"image\/jpeg"}],"twitter_card":"summary_large_image","schema":{"@context":"https:\/\/schema.org","@graph":[{"@type":"WebPage","@id":"https:\/\/www.stage.ortomec.com\/es\/producto\/sembradora-multi-seed-copy\/","url":"https:\/\/www.stage.ortomec.com\/es\/producto\/sembradora-multi-seed-copy\/","name":"MULTI-SEED 160 - Ortomec","isPartOf":{"@id":"https:\/\/www.stage.ortomec.com\/es\/#website"},"primaryImageOfPage":{"@id":"https:\/\/www.stage.ortomec.com\/es\/producto\/sembradora-multi-seed-copy\/#primaryimage"},"image":{"@id":"https:\/\/www.stage.ortomec.com\/es\/producto\/sembradora-multi-seed-copy\/#primaryimage"},"thumbnailUrl":"https:\/\/www.stage.ortomec.com\/wp-content\/uploads\/2023\/09\/IMG_1539.jpg","datePublished":"2021-06-09T08:28:18+00:00","dateModified":"2024-04-17T09:07:48+00:00","description":"Descubra ahora los excelentes equipos de segunda mano de Ortomec: solicite informaci\u00f3n sobre nuestro MULTI-SEED 160, \u00a1eficiente y 100% fiable!","breadcrumb":{"@id":"https:\/\/www.stage.ortomec.com\/es\/producto\/sembradora-multi-seed-copy\/#breadcrumb"},"inLanguage":"es","potentialAction":[{"@type":"ReadAction","target":["https:\/\/www.stage.ortomec.com\/es\/producto\/sembradora-multi-seed-copy\/"]}]},{"@type":"ImageObject","inLanguage":"es","@id":"https:\/\/www.stage.ortomec.com\/es\/producto\/sembradora-multi-seed-copy\/#primaryimage","url":"https:\/\/www.stage.ortomec.com\/wp-content\/uploads\/2023\/09\/IMG_1539.jpg","contentUrl":"https:\/\/www.stage.ortomec.com\/wp-content\/uploads\/2023\/09\/IMG_1539.jpg","width":1024,"height":768},{"@type":"BreadcrumbList","@id":"https:\/\/www.stage.ortomec.com\/es\/producto\/sembradora-multi-seed-copy\/#breadcrumb","itemListElement":[{"@type":"ListItem","position":1,"name":"Home","item":"https:\/\/www.stage.ortomec.com\/es\/"},{"@type":"ListItem","position":2,"name":"Productos","item":"https:\/\/www.stage.ortomec.com\/es\/shop\/"},{"@type":"ListItem","position":3,"name":"MULTI-SEED 160"}]},{"@type":"WebSite","@id":"https:\/\/www.stage.ortomec.com\/es\/#website","url":"https:\/\/www.stage.ortomec.com\/es\/","name":"Ortomec","description":"","publisher":{"@id":"https:\/\/www.stage.ortomec.com\/es\/#organization"},"potentialAction":[{"@type":"SearchAction","target":{"@type":"EntryPoint","urlTemplate":"https:\/\/www.stage.ortomec.com\/es\/?s={search_term_string}"},"query-input":{"@type":"PropertyValueSpecification","valueRequired":true,"valueName":"search_term_string"}}],"inLanguage":"es"},{"@type":"Organization","@id":"https:\/\/www.stage.ortomec.com\/es\/#organization","name":"Ortomec","url":"https:\/\/www.stage.ortomec.com\/es\/","logo":{"@type":"ImageObject","inLanguage":"es","@id":"https:\/\/www.stage.ortomec.com\/es\/#\/schema\/logo\/image\/","url":"https:\/\/www.stage.ortomec.com\/wp-content\/uploads\/2020\/07\/ortomec_favicon.png","contentUrl":"https:\/\/www.stage.ortomec.com\/wp-content\/uploads\/2020\/07\/ortomec_favicon.png","width":512,"height":512,"caption":"Ortomec"},"image":{"@id":"https:\/\/www.stage.ortomec.com\/es\/#\/schema\/logo\/image\/"}}]}},"_links":{"self":[{"href":"https:\/\/www.stage.ortomec.com\/es\/wp-json\/wp\/v2\/product\/17774","targetHints":{"allow":["GET"]}}],"collection":[{"href":"https:\/\/www.stage.ortomec.com\/es\/wp-json\/wp\/v2\/product"}],"about":[{"href":"https:\/\/www.stage.ortomec.com\/es\/wp-json\/wp\/v2\/types\/product"}],"replies":[{"embeddable":true,"href":"https:\/\/www.stage.ortomec.com\/es\/wp-json\/wp\/v2\/comments?post=17774"}],"wp:featuredmedia":[{"embeddable":true,"href":"https:\/\/www.stage.ortomec.com\/es\/wp-json\/wp\/v2\/media\/22335"}],"wp:attachment":[{"href":"https:\/\/www.stage.ortomec.com\/es\/wp-json\/wp\/v2\/media?parent=17774"}],"wp:term":[{"taxonomy":"product_brand","embeddable":true,"href":"https:\/\/www.stage.ortomec.com\/es\/wp-json\/wp\/v2\/product_brand?post=17774"},{"taxonomy":"product_cat","embeddable":true,"href":"https:\/\/www.stage.ortomec.com\/es\/wp-json\/wp\/v2\/product_cat?post=17774"},{"taxonomy":"product_tag","embeddable":true,"href":"https:\/\/www.stage.ortomec.com\/es\/wp-json\/wp\/v2\/product_tag?post=17774"}],"curies":[{"name":"wp","href":"https:\/\/api.w.org\/{rel}","templated":true}]}}