{"id":20503,"date":"2021-06-09T10:47:16","date_gmt":"2021-06-09T08:47:16","guid":{"rendered":"https:\/\/www.stage.ortomec.com\/dicono-di-noi\/"},"modified":"2022-06-16T17:53:19","modified_gmt":"2022-06-16T15:53:19","slug":"dicono-di-noi","status":"publish","type":"page","link":"https:\/\/www.stage.ortomec.com\/es\/decir-de-nos\/","title":{"rendered":"Lo que dicen de nosotros"},"content":{"rendered":"\t\t<div data-elementor-type=\"wp-page\" data-elementor-id=\"20503\" class=\"elementor elementor-20503 elementor-17787\">\n\t\t\t\t\t\t<section class=\"elementor-section elementor-top-section elementor-element elementor-element-f156f66 elementor-section-height-min-height light-style rt-el-parallax-background elementor-section-content-middle elementor-section-boxed elementor-section-height-default elementor-section-items-middle\" data-id=\"f156f66\" data-element_type=\"section\" data-settings=\"{&quot;rt_color_sets&quot;:&quot;light-style&quot;,&quot;background_background&quot;:&quot;classic&quot;,&quot;rt_parallax&quot;:&quot;rt-el-parallax-background&quot;,&quot;shape_divider_bottom&quot;:&quot;arrow&quot;,&quot;shape_divider_bottom_negative&quot;:&quot;yes&quot;,&quot;rt_bg_parallax_effect&quot;:&quot;3&quot;,&quot;rt_bg_parallax_speed&quot;:&quot;1&quot;}\">\n\t\t\t\t\t\t\t<div class=\"elementor-background-overlay\"><\/div>\n\t\t\t\t\t\t<div class=\"elementor-shape elementor-shape-bottom\" data-negative=\"true\">\n\t\t\t<svg xmlns=\"http:\/\/www.w3.org\/2000\/svg\" viewBox=\"0 0 700 10\" preserveAspectRatio=\"none\">\n\t<path class=\"elementor-shape-fill\" d=\"M360 0L350 9.9 340 0 0 0 0 10 700 10 700 0\"\/>\n<\/svg>\t\t<\/div>\n\t\t\t\t\t<div class=\"elementor-container elementor-column-gap-default\">\n\t\t\t\t\t<div class=\"elementor-column elementor-col-100 elementor-top-column elementor-element elementor-element-2abb9def\" data-id=\"2abb9def\" data-element_type=\"column\">\n\t\t\t<div class=\"elementor-widget-wrap elementor-element-populated\">\n\t\t\t\t\t\t<div class=\"elementor-element elementor-element-6ada4d11 elementor-widget elementor-widget-rt-heading\" data-id=\"6ada4d11\" data-element_type=\"widget\" data-widget_type=\"rt-heading.default\">\n\t\t\t\t<div class=\"elementor-widget-container\">\n\t\t\t\t\t<div class=\"rt-heading-wrapper text-center\">\n\t\t\t\t\t\t<span class=\"   rt-heading secondary-color secondary-font\" >Lo que dicen de nosotros<\/span>\n\t\t\t\t\t<\/div>\t\t\t\t<\/div>\n\t\t\t\t<\/div>\n\t\t\t\t<div class=\"elementor-element elementor-element-56e8ae78 elementor-widget elementor-widget-rt-heading\" data-id=\"56e8ae78\" data-element_type=\"widget\" data-widget_type=\"rt-heading.default\">\n\t\t\t\t<div class=\"elementor-widget-container\">\n\t\t\t\t\t<div class=\"rt-heading-wrapper style-4\">\n\t\t\t\t\t\t<H1 class=\"   rt-heading style-4\" >LOS \u00c9XITOS DE ALGUNOS CLIENTES<svg width=\"95\" height=\"10\" viewBox=\"0 0 95 10\" xmlns=\"http:\/\/www.w3.org\/2000\/svg\"><path d=\"M1 8l11.54-6 11.538 6 11.54-6 11.538 6 11.538-6 11.54 6L81.77 2 94 8\" stroke-width=\"3\" stroke=\"#6CC139\" fill=\"none\" fill-rule=\"evenodd\"\/><\/svg><\/H1>\n\t\t\t\t\t<\/div>\t\t\t\t<\/div>\n\t\t\t\t<\/div>\n\t\t\t\t\t<\/div>\n\t\t<\/div>\n\t\t\t\t\t<\/div>\n\t\t<\/section>\n\t\t\t\t<section class=\"elementor-section elementor-top-section elementor-element elementor-element-9235582 elementor-section-boxed elementor-section-height-default elementor-section-height-default default-style\" data-id=\"9235582\" data-element_type=\"section\" data-settings=\"{&quot;rt_color_sets&quot;:&quot;default-style&quot;}\">\n\t\t\t\t\t\t<div class=\"elementor-container elementor-column-gap-default\">\n\t\t\t\t\t<div class=\"elementor-column elementor-col-100 elementor-top-column elementor-element elementor-element-74695b0\" data-id=\"74695b0\" data-element_type=\"column\">\n\t\t\t<div class=\"elementor-widget-wrap elementor-element-populated\">\n\t\t\t\t\t\t<div class=\"elementor-element elementor-element-f327adf elementor-widget elementor-widget-spacer\" data-id=\"f327adf\" data-element_type=\"widget\" data-widget_type=\"spacer.default\">\n\t\t\t\t<div class=\"elementor-widget-container\">\n\t\t\t\t\t\t\t<div class=\"elementor-spacer\">\n\t\t\t<div class=\"elementor-spacer-inner\"><\/div>\n\t\t<\/div>\n\t\t\t\t\t\t<\/div>\n\t\t\t\t<\/div>\n\t\t\t\t<div class=\"elementor-element elementor-element-e38c6a0 elementor-widget elementor-widget-recensioni-clienti\" data-id=\"e38c6a0\" data-element_type=\"widget\" data-widget_type=\"recensioni-clienti.default\">\n\t\t\t\t<div class=\"elementor-widget-container\">\n\t\t\t\t\t<div id='recensioni_clienti-wrapper'>\r\n                            <div class='recensioni_clienti-wrapper swiper'>\r\n                                <div class='swiper-wrapper'>\r\n                                    <div class='swiper-slide recensione'>\r\n                                <div class='recensione-image_wrapper'>\r\n                                    <img src='https:\/\/www.stage.ortomec.com\/wp-content\/uploads\/2021\/06\/IMG_2735-scaled.jpg' class='recensione-image' alt='Gesti\u00f3n familiar directa' title='Gesti\u00f3n familiar directa'>\r\n                                <\/div>\r\n                                <div class='recensione-info_wrapper'>\r\n                                    <div class='recensione-content'>\r\n                                        <p class='recensione-azienda'>Granja F.lli Quaggio Danio E Moreno - MIRA (VE)<\/p>\r\n                                        <p class='recensione-scopo'>Gesti\u00f3n familiar directa<\/p>\r\n                                        <svg width='95' height='10' viewBox='0 0 95 10' xmlns='http:\/\/www.w3.org\/2000\/svg'><path style='stroke: #f87a1f;' d='M1 8l11.54-6 11.538 6 11.54-6 11.538 6 11.538-6 11.54 6L81.77 2 94 8' stroke-width='3' stroke='#6CC139' fill='none' fill-rule='evenodd'><\/path><\/svg>\r\n                                        <p class='recensione-slogan'>Producci\u00f3n Varias hortalizas de hoja para los mercados locales de productos frescos<\/p>\r\n                                        <p class='recensione-specializzazione'><\/p>\r\n                                        <p class='recensione-content'>\"Con las cosechadoras Ortomec y su personal, nos acompa\u00f1aron desde el primer d\u00eda que decidimos mecanizar la cosecha, seguimos los cambios realizados en las m\u00e1quinas, \u00a1y siempre quedamos satisfechos con los cambios realizados!\"<\/p>\r\n                                        <svg width='95' height='10' viewBox='0 0 95 10' xmlns='http:\/\/www.w3.org\/2000\/svg'><path style='stroke: #f87a1f;' d='M1 8l11.54-6 11.538 6 11.54-6 11.538 6 11.538-6 11.54 6L81.77 2 94 8' stroke-width='3' stroke='#6CC139' fill='none' fill-rule='evenodd'><\/path><\/svg>\r\n                                        <p class='recensione-content'><\/p>\r\n                                    <\/div>\r\n                                    <div class='recensione-footer'>\r\n                                        <div class='recensione-done'>Cosechadoras en uso: n\u00ba 1\r\nPrimera cosechadora Abril 2002 mod. \"SV\"\r\nSegunda cosechadora Julio 2009 mod \"SVK\" sustituyendo al \"SV\"\r\nTercera cosechadora noviembre 2018 mod. 8400electro sustituyendo a la \"SVK\"\r\nUSO ANUAL DE LA COSECHADORA: 1500-2000 HORAS<\/div>\r\n                                        <!-- <img src='' class='recensione-logo' alt='' title=''> -->\r\n                                    <\/div>\r\n                                <\/div>\r\n                            <\/div><div class='swiper-slide recensione'>\r\n                                <div class='recensione-image_wrapper'>\r\n                                    <img src='https:\/\/www.stage.ortomec.com\/wp-content\/uploads\/2021\/06\/IMG_2835-scaled.jpg' class='recensione-image' alt='Producci\u00f3n de hortalizas de hoja para gamma IV, embolsado, destino nacional e internacional' title='Producci\u00f3n de hortalizas de hoja para gamma IV, embolsado, destino nacional e internacional'>\r\n                                <\/div>\r\n                                <div class='recensione-info_wrapper'>\r\n                                    <div class='recensione-content'>\r\n                                        <p class='recensione-azienda'>Soc. Agricola Casa Verde - TAGLIO DI PO (RO)<\/p>\r\n                                        <p class='recensione-scopo'>Producci\u00f3n de hortalizas de hoja para gamma IV, embolsado, destino nacional e internacional<\/p>\r\n                                        <svg width='95' height='10' viewBox='0 0 95 10' xmlns='http:\/\/www.w3.org\/2000\/svg'><path style='stroke: #f87a1f;' d='M1 8l11.54-6 11.538 6 11.54-6 11.538 6 11.538-6 11.54 6L81.77 2 94 8' stroke-width='3' stroke='#6CC139' fill='none' fill-rule='evenodd'><\/path><\/svg>\r\n                                        <p class='recensione-slogan'>\u00a1MUCHAS DEMANDAS!<\/p>\r\n                                        <p class='recensione-specializzazione'>CALIDAD DEL PRODUCTO - HIGIENE - SEGURIDAD Y RENDIMIENTO UN GRAN RETO Y UNA GRAN SATISFACCI\u00d3N PARA ORTOMEC<\/p>\r\n                                        <p class='recensione-content'>\"Siempre hemos buscado un fabricante de maquinaria agr\u00edcola que ofreciera conocimientos\/experiencia en cosechadoras de hortalizas y que estuviera dispuesto a personalizar nuestros sistemas, m\u00e9todos de cosecha y, sobre todo, la higiene y la sanidad durante la cosecha. Ortomec nos ha garantizado todo esto a lo largo de los a\u00f1os\".<\/p>\r\n                                        <svg width='95' height='10' viewBox='0 0 95 10' xmlns='http:\/\/www.w3.org\/2000\/svg'><path style='stroke: #f87a1f;' d='M1 8l11.54-6 11.538 6 11.54-6 11.538 6 11.538-6 11.54 6L81.77 2 94 8' stroke-width='3' stroke='#6CC139' fill='none' fill-rule='evenodd'><\/path><\/svg>\r\n                                        <p class='recensione-content'><\/p>\r\n                                    <\/div>\r\n                                    <div class='recensione-footer'>\r\n                                        <div class='recensione-done'>M\u00e1quinas utilizadas:\r\nLimpiador llevado al tractor (2004)\r\nSVK Leaf (2005)\r\nSVK-HE (2006\r\n9000 Leaf (2011)\r\n8000 Hoja \r\nLimpiador 2\r\nMultiseed<\/div>\r\n                                        <!-- <img src='' class='recensione-logo' alt='' title=''> -->\r\n                                    <\/div>\r\n                                <\/div>\r\n                            <\/div>\r\n                                <\/div>\r\n                                <div class='recensioni_clienti-pagination swiper-pagination'><\/div>\r\n                            <\/div>\r\n                        <\/div>\t\t\t\t<\/div>\n\t\t\t\t<\/div>\n\t\t\t\t\t<\/div>\n\t\t<\/div>\n\t\t\t\t\t<\/div>\n\t\t<\/section>\n\t\t\t\t<\/div>\n\t\t","protected":false},"excerpt":{"rendered":"<p>Lo que dicen de nosotros LOS \u00c9XITOS DE ALGUNOS CLIENTES AZIENDA AGRICOLA F.LLI QUAGGIO DANIO E MORENO \u2013 MIRA (VE) Conduzione famigliare diretta Produzione Ortaggi [&hellip;]<\/p>\n","protected":false},"author":1,"featured_media":0,"parent":0,"menu_order":0,"comment_status":"closed","ping_status":"closed","template":"","meta":{"_acf_changed":false,"footnotes":""},"class_list":["post-20503","page","type-page","status-publish","hentry"],"acf":[],"yoast_head":"<!-- This site is optimized with the Yoast SEO plugin v24.6 - https:\/\/yoast.com\/wordpress\/plugins\/seo\/ -->\n<title>Lo que dicen de nosotros - Ortomec<\/title>\n<meta name=\"robots\" content=\"noindex, follow, max-snippet:-1, max-image-preview:large, max-video-preview:-1\" \/>\n<meta property=\"og:locale\" content=\"es_ES\" \/>\n<meta property=\"og:type\" content=\"article\" \/>\n<meta property=\"og:title\" content=\"Lo que dicen de nosotros - Ortomec\" \/>\n<meta property=\"og:description\" content=\"Lo que dicen de nosotros LOS \u00c9XITOS DE ALGUNOS CLIENTES AZIENDA AGRICOLA F.LLI QUAGGIO DANIO E MORENO \u2013 MIRA (VE) Conduzione famigliare diretta Produzione Ortaggi [&hellip;]\" \/>\n<meta property=\"og:url\" content=\"https:\/\/www.stage.ortomec.com\/es\/decir-de-nos\/\" \/>\n<meta property=\"og:site_name\" content=\"Ortomec\" \/>\n<meta property=\"article:modified_time\" content=\"2022-06-16T15:53:19+00:00\" \/>\n<meta property=\"og:image\" content=\"https:\/\/www.stage.ortomec.com\/wp-content\/uploads\/2021\/06\/IMG_2735-scaled.jpg\" \/>\n<meta name=\"twitter:card\" content=\"summary_large_image\" \/>\n<meta name=\"twitter:label1\" content=\"Tiempo de lectura\" \/>\n\t<meta name=\"twitter:data1\" content=\"1 minuto\" \/>\n<script type=\"application\/ld+json\" class=\"yoast-schema-graph\">{\"@context\":\"https:\/\/schema.org\",\"@graph\":[{\"@type\":\"WebPage\",\"@id\":\"https:\/\/www.stage.ortomec.com\/es\/decir-de-nos\/\",\"url\":\"https:\/\/www.stage.ortomec.com\/es\/decir-de-nos\/\",\"name\":\"Lo que dicen de nosotros - Ortomec\",\"isPartOf\":{\"@id\":\"https:\/\/www.stage.ortomec.com\/es\/#website\"},\"primaryImageOfPage\":{\"@id\":\"https:\/\/www.stage.ortomec.com\/es\/decir-de-nos\/#primaryimage\"},\"image\":{\"@id\":\"https:\/\/www.stage.ortomec.com\/es\/decir-de-nos\/#primaryimage\"},\"thumbnailUrl\":\"https:\/\/www.stage.ortomec.com\/wp-content\/uploads\/2021\/06\/IMG_2735-scaled.jpg\",\"datePublished\":\"2021-06-09T08:47:16+00:00\",\"dateModified\":\"2022-06-16T15:53:19+00:00\",\"breadcrumb\":{\"@id\":\"https:\/\/www.stage.ortomec.com\/es\/decir-de-nos\/#breadcrumb\"},\"inLanguage\":\"es\",\"potentialAction\":[{\"@type\":\"ReadAction\",\"target\":[\"https:\/\/www.stage.ortomec.com\/es\/decir-de-nos\/\"]}]},{\"@type\":\"ImageObject\",\"inLanguage\":\"es\",\"@id\":\"https:\/\/www.stage.ortomec.com\/es\/decir-de-nos\/#primaryimage\",\"url\":\"https:\/\/www.stage.ortomec.com\/wp-content\/uploads\/2021\/06\/IMG_2735-scaled.jpg\",\"contentUrl\":\"https:\/\/www.stage.ortomec.com\/wp-content\/uploads\/2021\/06\/IMG_2735-scaled.jpg\"},{\"@type\":\"BreadcrumbList\",\"@id\":\"https:\/\/www.stage.ortomec.com\/es\/decir-de-nos\/#breadcrumb\",\"itemListElement\":[{\"@type\":\"ListItem\",\"position\":1,\"name\":\"Home\",\"item\":\"https:\/\/www.stage.ortomec.com\/es\/\"},{\"@type\":\"ListItem\",\"position\":2,\"name\":\"Lo que dicen de nosotros\"}]},{\"@type\":\"WebSite\",\"@id\":\"https:\/\/www.stage.ortomec.com\/es\/#website\",\"url\":\"https:\/\/www.stage.ortomec.com\/es\/\",\"name\":\"Ortomec\",\"description\":\"\",\"publisher\":{\"@id\":\"https:\/\/www.stage.ortomec.com\/es\/#organization\"},\"potentialAction\":[{\"@type\":\"SearchAction\",\"target\":{\"@type\":\"EntryPoint\",\"urlTemplate\":\"https:\/\/www.stage.ortomec.com\/es\/?s={search_term_string}\"},\"query-input\":{\"@type\":\"PropertyValueSpecification\",\"valueRequired\":true,\"valueName\":\"search_term_string\"}}],\"inLanguage\":\"es\"},{\"@type\":\"Organization\",\"@id\":\"https:\/\/www.stage.ortomec.com\/es\/#organization\",\"name\":\"Ortomec\",\"url\":\"https:\/\/www.stage.ortomec.com\/es\/\",\"logo\":{\"@type\":\"ImageObject\",\"inLanguage\":\"es\",\"@id\":\"https:\/\/www.stage.ortomec.com\/es\/#\/schema\/logo\/image\/\",\"url\":\"https:\/\/www.stage.ortomec.com\/wp-content\/uploads\/2020\/07\/ortomec_favicon.png\",\"contentUrl\":\"https:\/\/www.stage.ortomec.com\/wp-content\/uploads\/2020\/07\/ortomec_favicon.png\",\"width\":512,\"height\":512,\"caption\":\"Ortomec\"},\"image\":{\"@id\":\"https:\/\/www.stage.ortomec.com\/es\/#\/schema\/logo\/image\/\"}}]}<\/script>\n<!-- \/ Yoast SEO plugin. -->","yoast_head_json":{"title":"Lo que dicen de nosotros - Ortomec","robots":{"index":"noindex","follow":"follow","max-snippet":"max-snippet:-1","max-image-preview":"max-image-preview:large","max-video-preview":"max-video-preview:-1"},"og_locale":"es_ES","og_type":"article","og_title":"Lo que dicen de nosotros - Ortomec","og_description":"Lo que dicen de nosotros LOS \u00c9XITOS DE ALGUNOS CLIENTES AZIENDA AGRICOLA F.LLI QUAGGIO DANIO E MORENO \u2013 MIRA (VE) Conduzione famigliare diretta Produzione Ortaggi [&hellip;]","og_url":"https:\/\/www.stage.ortomec.com\/es\/decir-de-nos\/","og_site_name":"Ortomec","article_modified_time":"2022-06-16T15:53:19+00:00","og_image":[{"url":"https:\/\/www.stage.ortomec.com\/wp-content\/uploads\/2021\/06\/IMG_2735-scaled.jpg","type":"","width":"","height":""}],"twitter_card":"summary_large_image","twitter_misc":{"Tiempo de lectura":"1 minuto"},"schema":{"@context":"https:\/\/schema.org","@graph":[{"@type":"WebPage","@id":"https:\/\/www.stage.ortomec.com\/es\/decir-de-nos\/","url":"https:\/\/www.stage.ortomec.com\/es\/decir-de-nos\/","name":"Lo que dicen de nosotros - Ortomec","isPartOf":{"@id":"https:\/\/www.stage.ortomec.com\/es\/#website"},"primaryImageOfPage":{"@id":"https:\/\/www.stage.ortomec.com\/es\/decir-de-nos\/#primaryimage"},"image":{"@id":"https:\/\/www.stage.ortomec.com\/es\/decir-de-nos\/#primaryimage"},"thumbnailUrl":"https:\/\/www.stage.ortomec.com\/wp-content\/uploads\/2021\/06\/IMG_2735-scaled.jpg","datePublished":"2021-06-09T08:47:16+00:00","dateModified":"2022-06-16T15:53:19+00:00","breadcrumb":{"@id":"https:\/\/www.stage.ortomec.com\/es\/decir-de-nos\/#breadcrumb"},"inLanguage":"es","potentialAction":[{"@type":"ReadAction","target":["https:\/\/www.stage.ortomec.com\/es\/decir-de-nos\/"]}]},{"@type":"ImageObject","inLanguage":"es","@id":"https:\/\/www.stage.ortomec.com\/es\/decir-de-nos\/#primaryimage","url":"https:\/\/www.stage.ortomec.com\/wp-content\/uploads\/2021\/06\/IMG_2735-scaled.jpg","contentUrl":"https:\/\/www.stage.ortomec.com\/wp-content\/uploads\/2021\/06\/IMG_2735-scaled.jpg"},{"@type":"BreadcrumbList","@id":"https:\/\/www.stage.ortomec.com\/es\/decir-de-nos\/#breadcrumb","itemListElement":[{"@type":"ListItem","position":1,"name":"Home","item":"https:\/\/www.stage.ortomec.com\/es\/"},{"@type":"ListItem","position":2,"name":"Lo que dicen de nosotros"}]},{"@type":"WebSite","@id":"https:\/\/www.stage.ortomec.com\/es\/#website","url":"https:\/\/www.stage.ortomec.com\/es\/","name":"Ortomec","description":"","publisher":{"@id":"https:\/\/www.stage.ortomec.com\/es\/#organization"},"potentialAction":[{"@type":"SearchAction","target":{"@type":"EntryPoint","urlTemplate":"https:\/\/www.stage.ortomec.com\/es\/?s={search_term_string}"},"query-input":{"@type":"PropertyValueSpecification","valueRequired":true,"valueName":"search_term_string"}}],"inLanguage":"es"},{"@type":"Organization","@id":"https:\/\/www.stage.ortomec.com\/es\/#organization","name":"Ortomec","url":"https:\/\/www.stage.ortomec.com\/es\/","logo":{"@type":"ImageObject","inLanguage":"es","@id":"https:\/\/www.stage.ortomec.com\/es\/#\/schema\/logo\/image\/","url":"https:\/\/www.stage.ortomec.com\/wp-content\/uploads\/2020\/07\/ortomec_favicon.png","contentUrl":"https:\/\/www.stage.ortomec.com\/wp-content\/uploads\/2020\/07\/ortomec_favicon.png","width":512,"height":512,"caption":"Ortomec"},"image":{"@id":"https:\/\/www.stage.ortomec.com\/es\/#\/schema\/logo\/image\/"}}]}},"_links":{"self":[{"href":"https:\/\/www.stage.ortomec.com\/es\/wp-json\/wp\/v2\/pages\/20503","targetHints":{"allow":["GET"]}}],"collection":[{"href":"https:\/\/www.stage.ortomec.com\/es\/wp-json\/wp\/v2\/pages"}],"about":[{"href":"https:\/\/www.stage.ortomec.com\/es\/wp-json\/wp\/v2\/types\/page"}],"author":[{"embeddable":true,"href":"https:\/\/www.stage.ortomec.com\/es\/wp-json\/wp\/v2\/users\/1"}],"replies":[{"embeddable":true,"href":"https:\/\/www.stage.ortomec.com\/es\/wp-json\/wp\/v2\/comments?post=20503"}],"version-history":[{"count":2,"href":"https:\/\/www.stage.ortomec.com\/es\/wp-json\/wp\/v2\/pages\/20503\/revisions"}],"predecessor-version":[{"id":20511,"href":"https:\/\/www.stage.ortomec.com\/es\/wp-json\/wp\/v2\/pages\/20503\/revisions\/20511"}],"wp:attachment":[{"href":"https:\/\/www.stage.ortomec.com\/es\/wp-json\/wp\/v2\/media?parent=20503"}],"curies":[{"name":"wp","href":"https:\/\/api.w.org\/{rel}","templated":true}]}}