{"id":20277,"date":"2022-06-16T15:34:55","date_gmt":"2022-06-16T13:34:55","guid":{"rendered":"https:\/\/www.stage.ortomec.com\/assistenza-2\/solicitud-de-devolucion\/"},"modified":"2022-06-16T18:08:19","modified_gmt":"2022-06-16T16:08:19","slug":"solicitud-de-devolucion","status":"publish","type":"page","link":"https:\/\/www.stage.ortomec.com\/es\/assistenza-2\/solicitud-de-devolucion\/","title":{"rendered":"Solicitud de devoluci\u00f3n"},"content":{"rendered":"\t\t<div data-elementor-type=\"wp-page\" data-elementor-id=\"20277\" class=\"elementor elementor-20277 elementor-19792\">\n\t\t\t\t\t\t<section class=\"elementor-section elementor-top-section elementor-element elementor-element-74a1ba44 elementor-section-height-min-height light-style elementor-section-content-middle banner-section rt-el-parallax-background elementor-section-boxed elementor-section-height-default elementor-section-items-middle\" data-id=\"74a1ba44\" data-element_type=\"section\" data-settings=\"{&quot;rt_color_sets&quot;:&quot;light-style&quot;,&quot;background_background&quot;:&quot;slideshow&quot;,&quot;shape_divider_bottom&quot;:&quot;arrow&quot;,&quot;shape_divider_bottom_negative&quot;:&quot;yes&quot;,&quot;background_slideshow_gallery&quot;:[{&quot;id&quot;:16196,&quot;url&quot;:&quot;https:\\\/\\\/www.stage.ortomec.com\\\/wp-content\\\/uploads\\\/2020\\\/12\\\/Head_Garanzia-scaled.jpg&quot;}],&quot;rt_parallax&quot;:&quot;rt-el-parallax-background&quot;,&quot;background_slideshow_loop&quot;:&quot;yes&quot;,&quot;background_slideshow_slide_duration&quot;:5000,&quot;background_slideshow_slide_transition&quot;:&quot;fade&quot;,&quot;background_slideshow_transition_duration&quot;:500,&quot;rt_bg_parallax_effect&quot;:&quot;3&quot;,&quot;rt_bg_parallax_speed&quot;:&quot;1&quot;}\">\n\t\t\t\t\t<div class=\"elementor-shape elementor-shape-bottom\" data-negative=\"true\">\n\t\t\t<svg xmlns=\"http:\/\/www.w3.org\/2000\/svg\" viewBox=\"0 0 700 10\" preserveAspectRatio=\"none\">\n\t<path class=\"elementor-shape-fill\" d=\"M360 0L350 9.9 340 0 0 0 0 10 700 10 700 0\"\/>\n<\/svg>\t\t<\/div>\n\t\t\t\t\t<div class=\"elementor-container elementor-column-gap-default\">\n\t\t\t\t\t<div class=\"elementor-column elementor-col-100 elementor-top-column elementor-element elementor-element-4104ef57\" data-id=\"4104ef57\" data-element_type=\"column\">\n\t\t\t<div class=\"elementor-widget-wrap elementor-element-populated\">\n\t\t\t\t\t\t<div class=\"elementor-element elementor-element-5b495e54 elementor-widget elementor-widget-rt-heading\" data-id=\"5b495e54\" data-element_type=\"widget\" data-widget_type=\"rt-heading.default\">\n\t\t\t\t<div class=\"elementor-widget-container\">\n\t\t\t\t\t<div class=\"rt-heading-wrapper style-4 text-center\">\n\t\t\t\t\t\t<H1 class=\"   rt-heading style-4\" >SOLICITUD DE DEVOLUCI\u00d3N DE ORTOMEC<svg width=\"95\" height=\"10\" viewBox=\"0 0 95 10\" xmlns=\"http:\/\/www.w3.org\/2000\/svg\"><path d=\"M1 8l11.54-6 11.538 6 11.54-6 11.538 6 11.538-6 11.54 6L81.77 2 94 8\" stroke-width=\"3\" stroke=\"#6CC139\" fill=\"none\" fill-rule=\"evenodd\"\/><\/svg><\/H1>\n\t\t\t\t\t<\/div>\t\t\t\t<\/div>\n\t\t\t\t<\/div>\n\t\t\t\t\t<\/div>\n\t\t<\/div>\n\t\t\t\t\t<\/div>\n\t\t<\/section>\n\t\t\t\t<section class=\"elementor-section elementor-top-section elementor-element elementor-element-fa72c21 elementor-section-boxed elementor-section-height-default elementor-section-height-default default-style\" data-id=\"fa72c21\" data-element_type=\"section\" data-settings=\"{&quot;rt_color_sets&quot;:&quot;default-style&quot;}\">\n\t\t\t\t\t\t<div class=\"elementor-container elementor-column-gap-default\">\n\t\t\t\t\t<div class=\"elementor-column elementor-col-100 elementor-top-column elementor-element elementor-element-8b7a051\" data-id=\"8b7a051\" data-element_type=\"column\">\n\t\t\t<div class=\"elementor-widget-wrap elementor-element-populated\">\n\t\t\t\t\t\t<div class=\"elementor-element elementor-element-00a66e6 elementor-widget elementor-widget-text-editor\" data-id=\"00a66e6\" data-element_type=\"widget\" data-widget_type=\"text-editor.default\">\n\t\t\t\t<div class=\"elementor-widget-container\">\n\t\t\t\t\t\t\t\t\t<h4 style=\"text-align: center;\">\u00bfNecesita solicitar la devoluci\u00f3n de una de nuestras piezas de recambio? Rellene el siguiente formulario y env\u00edenos su solicitud!<\/h4>\t\t\t\t\t\t\t\t<\/div>\n\t\t\t\t<\/div>\n\t\t\t\t<div class=\"elementor-element elementor-element-7a43dac elementor-widget elementor-widget-shortcode\" data-id=\"7a43dac\" data-element_type=\"widget\" data-widget_type=\"shortcode.default\">\n\t\t\t\t<div class=\"elementor-widget-container\">\n\t\t\t\t\t\t\t<div class=\"elementor-shortcode\">\n<div class=\"wpcf7 no-js\" id=\"wpcf7-f20270-o1\" lang=\"es-ES\" dir=\"ltr\" data-wpcf7-id=\"20270\">\n<div class=\"screen-reader-response\"><p role=\"status\" aria-live=\"polite\" aria-atomic=\"true\"><\/p> <ul><\/ul><\/div>\n<form action=\"\/es\/wp-json\/wp\/v2\/pages\/20277#wpcf7-f20270-o1\" method=\"post\" class=\"wpcf7-form init\" aria-label=\"Formulario de contacto\" enctype=\"multipart\/form-data\" novalidate=\"novalidate\" data-status=\"init\">\n<div style=\"display: none;\">\n<input type=\"hidden\" name=\"_wpcf7\" value=\"20270\" \/>\n<input type=\"hidden\" name=\"_wpcf7_version\" value=\"6.0.4\" \/>\n<input type=\"hidden\" name=\"_wpcf7_locale\" value=\"es_ES\" \/>\n<input type=\"hidden\" name=\"_wpcf7_unit_tag\" value=\"wpcf7-f20270-o1\" \/>\n<input type=\"hidden\" name=\"_wpcf7_container_post\" value=\"0\" \/>\n<input type=\"hidden\" name=\"_wpcf7_posted_data_hash\" value=\"\" \/>\n<input type=\"hidden\" name=\"_wpcf7_recaptcha_response\" value=\"\" \/>\n<\/div>\n<div class=\"cf-container\">\n\t<div class=\"cf-col-6\">\n\t\t<p><span class=\"wpcf7-form-control-wrap\" data-name=\"nome\"><input size=\"40\" maxlength=\"400\" class=\"wpcf7-form-control wpcf7-text wpcf7-validates-as-required\" aria-required=\"true\" aria-invalid=\"false\" placeholder=\"Nombre*\" value=\"\" type=\"text\" name=\"nome\" \/><\/span>\n\t\t<\/p>\n\t<\/div>\n\t<div class=\"cf-col-6\">\n\t\t<p><span class=\"wpcf7-form-control-wrap\" data-name=\"indirizzo\"><input size=\"40\" maxlength=\"400\" class=\"wpcf7-form-control wpcf7-text wpcf7-validates-as-required\" aria-required=\"true\" aria-invalid=\"false\" placeholder=\"Direcci\u00f3n*\" value=\"\" type=\"text\" name=\"indirizzo\" \/><\/span>\n\t\t<\/p>\n\t<\/div>\n\t<div class=\"cf-col-6\">\n\t\t<p><span class=\"wpcf7-form-control-wrap\" data-name=\"citt\"><input size=\"40\" maxlength=\"400\" class=\"wpcf7-form-control wpcf7-text wpcf7-validates-as-required\" aria-required=\"true\" aria-invalid=\"false\" placeholder=\"Ciudad*\" value=\"\" type=\"text\" name=\"citt\" \/><\/span>\n\t\t<\/p>\n\t<\/div>\n\t<div class=\"cf-col-6\">\n\t\t<p><span class=\"wpcf7-form-control-wrap\" data-name=\"persona_di_riferimento\"><input size=\"40\" maxlength=\"400\" class=\"wpcf7-form-control wpcf7-text wpcf7-validates-as-required\" aria-required=\"true\" aria-invalid=\"false\" placeholder=\"Persona de contacto*\" value=\"\" type=\"text\" name=\"persona_di_riferimento\" \/><\/span>\n\t\t<\/p>\n\t<\/div>\n\t<div class=\"cf-col-6\">\n\t\t<p><span class=\"wpcf7-form-control-wrap\" data-name=\"telefono\"><input size=\"40\" maxlength=\"400\" class=\"wpcf7-form-control wpcf7-tel wpcf7-validates-as-required wpcf7-text wpcf7-validates-as-tel\" aria-required=\"true\" aria-invalid=\"false\" placeholder=\"Tel\u00e9fono del solicitante*\" value=\"\" type=\"tel\" name=\"telefono\" \/><\/span>\n\t\t<\/p>\n\t<\/div>\n\t<div class=\"cf-col-6\">\n\t\t<p><span class=\"wpcf7-form-control-wrap\" data-name=\"email\"><input size=\"40\" maxlength=\"400\" class=\"wpcf7-form-control wpcf7-email wpcf7-validates-as-required wpcf7-text wpcf7-validates-as-email\" aria-required=\"true\" aria-invalid=\"false\" placeholder=\"Correo electr\u00f3nico del solicitante*\" value=\"\" type=\"email\" name=\"email\" \/><\/span>\n\t\t<\/p>\n\t<\/div>\n\t<div class=\"cf-col-6\">\n\t\t<p><span class=\"wpcf7-form-control-wrap\" data-name=\"codice_ortomec\"><input size=\"40\" maxlength=\"400\" class=\"wpcf7-form-control wpcf7-text wpcf7-validates-as-required\" aria-required=\"true\" aria-invalid=\"false\" placeholder=\"C\u00f3digo Ortomec*\" value=\"\" type=\"text\" name=\"codice_ortomec\" \/><\/span>\n\t\t<\/p>\n\t<\/div>\n\t<div class=\"cf-col-6\">\n\t\t<p><span class=\"wpcf7-form-control-wrap\" data-name=\"descrizione\"><input size=\"40\" maxlength=\"400\" class=\"wpcf7-form-control wpcf7-text wpcf7-validates-as-required\" aria-required=\"true\" aria-invalid=\"false\" placeholder=\"Descripci\u00f3n del producto*\" value=\"\" type=\"text\" name=\"descrizione\" \/><\/span>\n\t\t<\/p>\n\t<\/div>\n\t<div class=\"cf-col-6\">\n\t\t<p><span class=\"wpcf7-form-control-wrap\" data-name=\"qta\"><input class=\"wpcf7-form-control wpcf7-number wpcf7-validates-as-required wpcf7-validates-as-number\" aria-required=\"true\" aria-invalid=\"false\" placeholder=\"Cantidad*\" value=\"\" type=\"number\" name=\"qta\" \/><\/span>\n\t\t<\/p>\n\t<\/div>\n\t<div class=\"cf-col-6\">\n\t\t<p><span class=\"wpcf7-form-control-wrap\" data-name=\"numero_di_serie\"><input size=\"40\" maxlength=\"400\" class=\"wpcf7-form-control wpcf7-text\" aria-invalid=\"false\" placeholder=\"N\u00famero de serie\" value=\"\" type=\"text\" name=\"numero_di_serie\" \/><\/span>\n\t\t<\/p>\n\t<\/div>\n\t<div class=\"cf-col-6\">\n\t\t<p><span class=\"wpcf7-form-control-wrap\" data-name=\"ddt_vendita_ortomec\"><input size=\"40\" maxlength=\"400\" class=\"wpcf7-form-control wpcf7-text wpcf7-validates-as-required\" aria-required=\"true\" aria-invalid=\"false\" placeholder=\"DDT de Venta Ortomec*\" value=\"\" type=\"text\" name=\"ddt_vendita_ortomec\" \/><\/span>\n\t\t<\/p>\n\t<\/div>\n\t<div class=\"cf-col-6\">\n\t\t<p><span class=\"wpcf7-form-control-wrap\" data-name=\"data_dtt\"><input class=\"wpcf7-form-control wpcf7-date wpcf7-validates-as-required wpcf7-validates-as-date\" aria-required=\"true\" aria-invalid=\"false\" placeholder=\"Fecha del DDT*\" value=\"\" type=\"date\" name=\"data_dtt\" \/><\/span>\n\t\t<\/p>\n\t<\/div>\n\t<div class=\"cf-col-12\">\n\t\t<p><span class=\"wpcf7-form-control-wrap\" data-name=\"motivo_del_reso\"><input size=\"40\" maxlength=\"400\" class=\"wpcf7-form-control wpcf7-text wpcf7-validates-as-required\" aria-required=\"true\" aria-invalid=\"false\" placeholder=\"Motivo de la devoluci\u00f3n*\" value=\"\" type=\"text\" name=\"motivo_del_reso\" \/><\/span>\n\t\t<\/p>\n\t<\/div>\n\t<div class=\"cf-col-12\">\n\t\t<p><span class=\"wpcf7-form-control-wrap\" data-name=\"note\"><input size=\"40\" maxlength=\"400\" class=\"wpcf7-form-control wpcf7-text\" aria-invalid=\"false\" placeholder=\"Notas\" value=\"\" type=\"text\" name=\"note\" \/><\/span>\n\t\t<\/p>\n\t<\/div>\n<input class=\"wpcf7-form-control wpcf7-hidden\" value=\"Creato\" type=\"hidden\" name=\"stato_reso\" \/>\n\t<div class=\"cf-col-12\">\n\t\t<p><span class=\"wpcf7-form-control-wrap\" data-name=\"file_4_1\"><input size=\"40\" class=\"wpcf7-form-control wpcf7-file\" accept=\"audio\/*,video\/*,image\/*\" aria-invalid=\"false\" type=\"file\" name=\"file_4_1\" \/><\/span>\n\t\t<\/p>\n\t<\/div>\n\t<div class=\"cf-col-12\">\n\t\t<p><input class=\"wpcf7-form-control wpcf7-submit has-spinner\" type=\"submit\" value=\"Solicitud de devoluci\u00f3n\" \/>\n\t\t<\/p>\n\t<\/div>\n<\/div><div class=\"wpcf7-response-output\" aria-hidden=\"true\"><\/div>\n<\/form>\n<\/div>\n<\/div>\n\t\t\t\t\t\t<\/div>\n\t\t\t\t<\/div>\n\t\t\t\t\t<\/div>\n\t\t<\/div>\n\t\t\t\t\t<\/div>\n\t\t<\/section>\n\t\t\t\t<\/div>\n\t\t","protected":false},"excerpt":{"rendered":"<p>SOLICITUD DE DEVOLUCI\u00d3N DE ORTOMEC \u00bfNecesita solicitar la devoluci\u00f3n de una de nuestras piezas de recambio? Rellene el siguiente formulario y env\u00edenos su solicitud!<\/p>\n","protected":false},"author":1,"featured_media":0,"parent":9843,"menu_order":0,"comment_status":"closed","ping_status":"closed","template":"","meta":{"_acf_changed":false,"footnotes":""},"class_list":["post-20277","page","type-page","status-publish","hentry"],"acf":[],"yoast_head":"<!-- This site is optimized with the Yoast SEO plugin v24.6 - https:\/\/yoast.com\/wordpress\/plugins\/seo\/ -->\n<title>Solicitud de devoluci\u00f3n de repuestos para cosechadoras y sembradoras | Ortomec<\/title>\n<meta name=\"description\" content=\"Puede solicitar la devoluci\u00f3n de un recambio Ortomec en cualquier momento. Rellene el formulario y solicite su devoluci\u00f3n directamente a nuestro equipo.\" \/>\n<meta name=\"robots\" content=\"noindex, follow, max-snippet:-1, max-image-preview:large, max-video-preview:-1\" \/>\n<meta property=\"og:locale\" content=\"es_ES\" \/>\n<meta property=\"og:type\" content=\"article\" \/>\n<meta property=\"og:title\" content=\"Solicitud de devoluci\u00f3n de repuestos para cosechadoras y sembradoras | Ortomec\" \/>\n<meta property=\"og:description\" content=\"Puede solicitar la devoluci\u00f3n de un recambio Ortomec en cualquier momento. Rellene el formulario y solicite su devoluci\u00f3n directamente a nuestro equipo.\" \/>\n<meta property=\"og:url\" content=\"https:\/\/www.stage.ortomec.com\/es\/assistenza-2\/solicitud-de-devolucion\/\" \/>\n<meta property=\"og:site_name\" content=\"Ortomec\" \/>\n<meta property=\"article:modified_time\" content=\"2022-06-16T16:08:19+00:00\" \/>\n<meta name=\"twitter:card\" content=\"summary_large_image\" \/>\n<script type=\"application\/ld+json\" class=\"yoast-schema-graph\">{\"@context\":\"https:\/\/schema.org\",\"@graph\":[{\"@type\":\"WebPage\",\"@id\":\"https:\/\/www.stage.ortomec.com\/es\/assistenza-2\/solicitud-de-devolucion\/\",\"url\":\"https:\/\/www.stage.ortomec.com\/es\/assistenza-2\/solicitud-de-devolucion\/\",\"name\":\"Solicitud de devoluci\u00f3n de repuestos para cosechadoras y sembradoras | Ortomec\",\"isPartOf\":{\"@id\":\"https:\/\/www.stage.ortomec.com\/es\/#website\"},\"datePublished\":\"2022-06-16T13:34:55+00:00\",\"dateModified\":\"2022-06-16T16:08:19+00:00\",\"description\":\"Puede solicitar la devoluci\u00f3n de un recambio Ortomec en cualquier momento. Rellene el formulario y solicite su devoluci\u00f3n directamente a nuestro equipo.\",\"breadcrumb\":{\"@id\":\"https:\/\/www.stage.ortomec.com\/es\/assistenza-2\/solicitud-de-devolucion\/#breadcrumb\"},\"inLanguage\":\"es\",\"potentialAction\":[{\"@type\":\"ReadAction\",\"target\":[\"https:\/\/www.stage.ortomec.com\/es\/assistenza-2\/solicitud-de-devolucion\/\"]}]},{\"@type\":\"BreadcrumbList\",\"@id\":\"https:\/\/www.stage.ortomec.com\/es\/assistenza-2\/solicitud-de-devolucion\/#breadcrumb\",\"itemListElement\":[{\"@type\":\"ListItem\",\"position\":1,\"name\":\"Home\",\"item\":\"https:\/\/www.stage.ortomec.com\/es\/\"},{\"@type\":\"ListItem\",\"position\":2,\"name\":\"Asistencia\",\"item\":\"https:\/\/www.stage.ortomec.com\/es\/assistenza\/\"},{\"@type\":\"ListItem\",\"position\":3,\"name\":\"Solicitud de devoluci\u00f3n\"}]},{\"@type\":\"WebSite\",\"@id\":\"https:\/\/www.stage.ortomec.com\/es\/#website\",\"url\":\"https:\/\/www.stage.ortomec.com\/es\/\",\"name\":\"Ortomec\",\"description\":\"\",\"publisher\":{\"@id\":\"https:\/\/www.stage.ortomec.com\/es\/#organization\"},\"potentialAction\":[{\"@type\":\"SearchAction\",\"target\":{\"@type\":\"EntryPoint\",\"urlTemplate\":\"https:\/\/www.stage.ortomec.com\/es\/?s={search_term_string}\"},\"query-input\":{\"@type\":\"PropertyValueSpecification\",\"valueRequired\":true,\"valueName\":\"search_term_string\"}}],\"inLanguage\":\"es\"},{\"@type\":\"Organization\",\"@id\":\"https:\/\/www.stage.ortomec.com\/es\/#organization\",\"name\":\"Ortomec\",\"url\":\"https:\/\/www.stage.ortomec.com\/es\/\",\"logo\":{\"@type\":\"ImageObject\",\"inLanguage\":\"es\",\"@id\":\"https:\/\/www.stage.ortomec.com\/es\/#\/schema\/logo\/image\/\",\"url\":\"https:\/\/www.stage.ortomec.com\/wp-content\/uploads\/2020\/07\/ortomec_favicon.png\",\"contentUrl\":\"https:\/\/www.stage.ortomec.com\/wp-content\/uploads\/2020\/07\/ortomec_favicon.png\",\"width\":512,\"height\":512,\"caption\":\"Ortomec\"},\"image\":{\"@id\":\"https:\/\/www.stage.ortomec.com\/es\/#\/schema\/logo\/image\/\"}}]}<\/script>\n<!-- \/ Yoast SEO plugin. -->","yoast_head_json":{"title":"Solicitud de devoluci\u00f3n de repuestos para cosechadoras y sembradoras | Ortomec","description":"Puede solicitar la devoluci\u00f3n de un recambio Ortomec en cualquier momento. Rellene el formulario y solicite su devoluci\u00f3n directamente a nuestro equipo.","robots":{"index":"noindex","follow":"follow","max-snippet":"max-snippet:-1","max-image-preview":"max-image-preview:large","max-video-preview":"max-video-preview:-1"},"og_locale":"es_ES","og_type":"article","og_title":"Solicitud de devoluci\u00f3n de repuestos para cosechadoras y sembradoras | Ortomec","og_description":"Puede solicitar la devoluci\u00f3n de un recambio Ortomec en cualquier momento. Rellene el formulario y solicite su devoluci\u00f3n directamente a nuestro equipo.","og_url":"https:\/\/www.stage.ortomec.com\/es\/assistenza-2\/solicitud-de-devolucion\/","og_site_name":"Ortomec","article_modified_time":"2022-06-16T16:08:19+00:00","twitter_card":"summary_large_image","schema":{"@context":"https:\/\/schema.org","@graph":[{"@type":"WebPage","@id":"https:\/\/www.stage.ortomec.com\/es\/assistenza-2\/solicitud-de-devolucion\/","url":"https:\/\/www.stage.ortomec.com\/es\/assistenza-2\/solicitud-de-devolucion\/","name":"Solicitud de devoluci\u00f3n de repuestos para cosechadoras y sembradoras | Ortomec","isPartOf":{"@id":"https:\/\/www.stage.ortomec.com\/es\/#website"},"datePublished":"2022-06-16T13:34:55+00:00","dateModified":"2022-06-16T16:08:19+00:00","description":"Puede solicitar la devoluci\u00f3n de un recambio Ortomec en cualquier momento. Rellene el formulario y solicite su devoluci\u00f3n directamente a nuestro equipo.","breadcrumb":{"@id":"https:\/\/www.stage.ortomec.com\/es\/assistenza-2\/solicitud-de-devolucion\/#breadcrumb"},"inLanguage":"es","potentialAction":[{"@type":"ReadAction","target":["https:\/\/www.stage.ortomec.com\/es\/assistenza-2\/solicitud-de-devolucion\/"]}]},{"@type":"BreadcrumbList","@id":"https:\/\/www.stage.ortomec.com\/es\/assistenza-2\/solicitud-de-devolucion\/#breadcrumb","itemListElement":[{"@type":"ListItem","position":1,"name":"Home","item":"https:\/\/www.stage.ortomec.com\/es\/"},{"@type":"ListItem","position":2,"name":"Asistencia","item":"https:\/\/www.stage.ortomec.com\/es\/assistenza\/"},{"@type":"ListItem","position":3,"name":"Solicitud de devoluci\u00f3n"}]},{"@type":"WebSite","@id":"https:\/\/www.stage.ortomec.com\/es\/#website","url":"https:\/\/www.stage.ortomec.com\/es\/","name":"Ortomec","description":"","publisher":{"@id":"https:\/\/www.stage.ortomec.com\/es\/#organization"},"potentialAction":[{"@type":"SearchAction","target":{"@type":"EntryPoint","urlTemplate":"https:\/\/www.stage.ortomec.com\/es\/?s={search_term_string}"},"query-input":{"@type":"PropertyValueSpecification","valueRequired":true,"valueName":"search_term_string"}}],"inLanguage":"es"},{"@type":"Organization","@id":"https:\/\/www.stage.ortomec.com\/es\/#organization","name":"Ortomec","url":"https:\/\/www.stage.ortomec.com\/es\/","logo":{"@type":"ImageObject","inLanguage":"es","@id":"https:\/\/www.stage.ortomec.com\/es\/#\/schema\/logo\/image\/","url":"https:\/\/www.stage.ortomec.com\/wp-content\/uploads\/2020\/07\/ortomec_favicon.png","contentUrl":"https:\/\/www.stage.ortomec.com\/wp-content\/uploads\/2020\/07\/ortomec_favicon.png","width":512,"height":512,"caption":"Ortomec"},"image":{"@id":"https:\/\/www.stage.ortomec.com\/es\/#\/schema\/logo\/image\/"}}]}},"_links":{"self":[{"href":"https:\/\/www.stage.ortomec.com\/es\/wp-json\/wp\/v2\/pages\/20277","targetHints":{"allow":["GET"]}}],"collection":[{"href":"https:\/\/www.stage.ortomec.com\/es\/wp-json\/wp\/v2\/pages"}],"about":[{"href":"https:\/\/www.stage.ortomec.com\/es\/wp-json\/wp\/v2\/types\/page"}],"author":[{"embeddable":true,"href":"https:\/\/www.stage.ortomec.com\/es\/wp-json\/wp\/v2\/users\/1"}],"replies":[{"embeddable":true,"href":"https:\/\/www.stage.ortomec.com\/es\/wp-json\/wp\/v2\/comments?post=20277"}],"version-history":[{"count":1,"href":"https:\/\/www.stage.ortomec.com\/es\/wp-json\/wp\/v2\/pages\/20277\/revisions"}],"predecessor-version":[{"id":20278,"href":"https:\/\/www.stage.ortomec.com\/es\/wp-json\/wp\/v2\/pages\/20277\/revisions\/20278"}],"up":[{"embeddable":true,"href":"https:\/\/www.stage.ortomec.com\/es\/wp-json\/wp\/v2\/pages\/9843"}],"wp:attachment":[{"href":"https:\/\/www.stage.ortomec.com\/es\/wp-json\/wp\/v2\/media?parent=20277"}],"curies":[{"name":"wp","href":"https:\/\/api.w.org\/{rel}","templated":true}]}}