{"id":16186,"date":"2020-12-16T11:24:00","date_gmt":"2020-12-16T10:24:00","guid":{"rendered":"https:\/\/www.stage.ortomec.com\/?page_id=16186"},"modified":"2021-06-30T09:47:54","modified_gmt":"2021-06-30T07:47:54","slug":"condiciones-generales-de-venta","status":"publish","type":"page","link":"https:\/\/www.stage.ortomec.com\/es\/assistenza-2\/condiciones-generales-de-venta\/","title":{"rendered":"Condiciones generales de venta"},"content":{"rendered":"\t\t<div data-elementor-type=\"wp-page\" data-elementor-id=\"16186\" class=\"elementor elementor-16186 elementor-16159\">\n\t\t\t\t\t\t<section class=\"elementor-section elementor-top-section elementor-element elementor-element-74a1ba44 elementor-section-height-min-height light-style elementor-section-content-middle banner-section rt-el-parallax-background elementor-section-boxed elementor-section-height-default elementor-section-items-middle\" data-id=\"74a1ba44\" data-element_type=\"section\" data-settings=\"{&quot;rt_color_sets&quot;:&quot;light-style&quot;,&quot;background_background&quot;:&quot;slideshow&quot;,&quot;shape_divider_bottom&quot;:&quot;arrow&quot;,&quot;shape_divider_bottom_negative&quot;:&quot;yes&quot;,&quot;background_slideshow_gallery&quot;:[{&quot;id&quot;:16172,&quot;url&quot;:&quot;https:\\\/\\\/www.stage.ortomec.com\\\/wp-content\\\/uploads\\\/2020\\\/12\\\/Head_Condizioni-scaled.jpg&quot;}],&quot;rt_parallax&quot;:&quot;rt-el-parallax-background&quot;,&quot;background_slideshow_loop&quot;:&quot;yes&quot;,&quot;background_slideshow_slide_duration&quot;:5000,&quot;background_slideshow_slide_transition&quot;:&quot;fade&quot;,&quot;background_slideshow_transition_duration&quot;:500,&quot;rt_bg_parallax_effect&quot;:&quot;3&quot;,&quot;rt_bg_parallax_speed&quot;:&quot;1&quot;}\">\n\t\t\t\t\t<div class=\"elementor-shape elementor-shape-bottom\" data-negative=\"true\">\n\t\t\t<svg xmlns=\"http:\/\/www.w3.org\/2000\/svg\" viewBox=\"0 0 700 10\" preserveAspectRatio=\"none\">\n\t<path class=\"elementor-shape-fill\" d=\"M360 0L350 9.9 340 0 0 0 0 10 700 10 700 0\"\/>\n<\/svg>\t\t<\/div>\n\t\t\t\t\t<div class=\"elementor-container elementor-column-gap-default\">\n\t\t\t\t\t<div class=\"elementor-column elementor-col-100 elementor-top-column elementor-element elementor-element-4104ef57\" data-id=\"4104ef57\" data-element_type=\"column\">\n\t\t\t<div class=\"elementor-widget-wrap elementor-element-populated\">\n\t\t\t\t\t\t<div class=\"elementor-element elementor-element-5b495e54 elementor-widget elementor-widget-rt-heading\" data-id=\"5b495e54\" data-element_type=\"widget\" data-widget_type=\"rt-heading.default\">\n\t\t\t\t<div class=\"elementor-widget-container\">\n\t\t\t\t\t<div class=\"rt-heading-wrapper style-4 text-center\">\n\t\t\t\t\t\t<H1 class=\"   rt-heading style-4\" >CONDICIONES GENERALES DE VENTA<svg width=\"95\" height=\"10\" viewBox=\"0 0 95 10\" xmlns=\"http:\/\/www.w3.org\/2000\/svg\"><path d=\"M1 8l11.54-6 11.538 6 11.54-6 11.538 6 11.538-6 11.54 6L81.77 2 94 8\" stroke-width=\"3\" stroke=\"#6CC139\" fill=\"none\" fill-rule=\"evenodd\"\/><\/svg><\/H1>\n\t\t\t\t\t<\/div>\t\t\t\t<\/div>\n\t\t\t\t<\/div>\n\t\t\t\t\t<\/div>\n\t\t<\/div>\n\t\t\t\t\t<\/div>\n\t\t<\/section>\n\t\t\t\t<section class=\"elementor-section elementor-top-section elementor-element elementor-element-fa72c21 elementor-section-boxed elementor-section-height-default elementor-section-height-default default-style\" data-id=\"fa72c21\" data-element_type=\"section\" data-settings=\"{&quot;rt_color_sets&quot;:&quot;default-style&quot;}\">\n\t\t\t\t\t\t<div class=\"elementor-container elementor-column-gap-default\">\n\t\t\t\t\t<div class=\"elementor-column elementor-col-100 elementor-top-column elementor-element elementor-element-8b7a051\" data-id=\"8b7a051\" data-element_type=\"column\">\n\t\t\t<div class=\"elementor-widget-wrap elementor-element-populated\">\n\t\t\t\t\t\t<div class=\"elementor-element elementor-element-7a5692a elementor-widget elementor-widget-text-editor\" data-id=\"7a5692a\" data-element_type=\"widget\" data-widget_type=\"text-editor.default\">\n\t\t\t\t<div class=\"elementor-widget-container\">\n\t\t\t\t\t\t\t\t\t<p><strong>PRECIOS<\/strong>: Son de entenderse v\u00e1lidos para la mercancia franco ns. sede, IVA exclu\u00edda y con pago en efectivo. Toda eventual retraso implicar\u00e1 el cargo de los respectivos intereses.De cualquier forma todas las expensas y los gastos acesorios a la venta como por ejemplo: emabalaje, transporte, seguro, impuestos locales,e tc., estan a cargo del comprador<\/p><p><strong>PAGOS<\/strong>: Los pagos tendran que ser hechos en la sede del vendedor segun terminos y condicciones de contracto previstos y no se podrian postponer para ninguna razon o causa; tambien para contestaciones occuridas, el comprador no tendr\u00e0 titulo para suspender o atrasar pagos. Cada fornecimiento por el cual se ha concordato un pago adelantado es sujeto, para la ejecucion, al efectivo pago del adelantado. En defecto ser\u00e0 suspendida la entrega. Los pagos tienen que llegar al neto del valor de la factura, no se aceptan gastos bancarios a nuestra carga<\/p><p><strong>INTERESES DE DEMORA<\/strong>: Dejada valida cualquier otra condiccion prevista en contracto y en las actuales condicciones generales, en caso de atraso de pago seran aplicado los intereses de demora en virtud del D.Lgs n.231\/2002.<\/p><p><strong>DESPACHO<\/strong>: El vendedor cumple con todas sus prestacciones entregando la mercancia franco su fabrica . Del momento de la toma en carga de la mercancia por parte del comprador el pasaje del riesgo llevar\u00e0 a cabo por este ultimo. El envio de la mercancia se entiende hecha bajo riesgo y peligro del comprador, por cualquier medio sea hecha. El embalaje se carga al comprador.<\/p><p><strong>CONDICCIONES DE ENTREGA<\/strong>: El plazo de entrega es solo indicativo y no compromitido por el vendedor y y son convenido expresamente con la clausola \u00absalvo circunstancias imprevistas\u00bb. Los terminos se entienden calculados para dias de trabajo con efecto de la firma del contracto; cada modificacion o integracion al contracto implica nuevos terminos. El vendedor no contestar\u00e0 de cualquier forma para atraso de entrega (o relativos da\u00f1os conexos) si no por grave culpa a su cargo. La responsabilidad para atraso est\u00e0 excluida en los siguientes casos: -Incumplimiento de las condicciones de pago por el comprador, haciendo asi uso el vendedor del art.1461 c.c. -Fuerza major, incluidos huelgas, atraso en porte, eventos atmosfericos; -Incumplimiento o atraso en la entrega de material por subcontratistas<\/p><p><strong>RECLAMOS<\/strong>:El comprador tiene la carga de controlar la mercancia al recibo, de comprobar la correspondencia con cuanto pedido y enviar cualquier reclamo dentro 8 dias del recibo, pena de caducidad.<\/p><p><strong>VENTA CON RESERVA DE PROPRIEDAD<\/strong>: Las ventas se entienden con reserva de propriedad en virtud de los art.1523 e ss c.c. y sucesivas modificaciones. El comprador compra la propriedad de la mercanica con el pago de la ultima cuota de precio pero toma en carga todos los riesgo de poseo desde el momento de la entrega, comprometi\u00e9ndose a mantener las mercanc\u00edas con toda diligencia, respondiendo tambien para da\u00f1os de incendio, robo y otros. Hasta el pago total del precio el comprador no podr\u00e0 vender o compromitir la maquina, ni alquilar a terceros. El comprador tendr\u00e0 tambien obligacion de notificar al vendedor cada accion de terceros sobre la mercancia (por ejemplo: secuetro, incautacion, etc.) Los reclamos para mercancia recibida da\u00f1ada a causa del transporte (siempre que sea organizado por ORSI Group) se tomar\u00e1n en consideraci\u00f3n dentro de los 8 d\u00edas de la fecha de entrega de la mercancia<\/p><p><strong>GARANTIA<\/strong>: Formas y condiciones de garantia segun las vigentes leyes, salvo diferente acuerdo escrito entre las partes. La garantia se limita a la substitucion gratuita de las partes que presentan defectos de material o construccion que no permiten el uso por el cual estan destinadas. Las partes a ser reparadas o substituidas tienen que ser entregadas a la direccion del vendedor a cargo y cura del comprador; las reparadas o substituidas seran de nuevo entregadas franco fabrica del vendedor, quedando el embalaje a cargo del comprador, asi como los gastos de salida para intervencion. El comprador no tiene derecho para garantia: <br \/>-Si no observa las condicicones de pago; -Si los defectos reclamados resultan caudaos por hechos del comprador, de sus empleados o terceros, tambien para uso improprio; -Si antes de la denuncia al vendedor el comprador directamente o por parte de terceros interviene sobre las partes en garantia; -Si no respecta las condicciones del contracto a su cargo. Ninguna garantia ser\u00e0 reconocida en caso de defectos por mal manutencion, negligencia o incompetencia en el uso, por modificaciones o manipulaciones hechas por el comprador ni tambien por causas de fuerza mayor. Estan excluidos de la garantia el normal consumo y uso. En ningun de los presentes casos el comprador podr\u00e0 pretender la risoluccion del contracto ni la compensacion da\u00f1os, directos o indirectos de cualquier tipo. Cada contestacion, tendr\u00e0 que ser hecha al vendedor, pena de caducidad, por escrito y con clara indicacion de los vicios quejado, dentro de 8 dias desde la descubierta.<\/p><p><strong>COMPENSACION DA\u00d1OS<\/strong>: A pesar de cualquier otra ley y faculdad, en caso de risoluccion del contracto por hecho y culpa del comprador, el vendedor podr\u00e0 tener, como penal los importes recibidos, o ademas una suma del 35% del total de la entrega, ademas del mayor da\u00f1o a ser pagado, tambi\u00e9n el de la depreciaci\u00f2n de la maquina vendida.<\/p><p><strong>MODIFICACIONES<\/strong>: La empresa ORTOMEC tiene facultad de mod\u00edfica de las caracter\u00edsticas t\u00e9cnicas y de los precios en cualquier momento y sin obligaci\u00f3n de preaviso, para mejorar la produccion o para exigencias de mercado, sin que esto represente motivo de risoluci\u00f3n de contrato por parte del comprador. La actualizaci\u00f3n de cat\u00e1logos y listas de precios est\u00e1n disponibles en www.ortomec.com<\/p><p><strong>CONTROVERSIAS<\/strong>: Para eventuales controversias referentes a la conclusion, esecucion, interpretacion del contracto de fornecimiento, sin embargo dependente o referente aunque para contigencia o conexion de causas las partes eligen como foto exclusivamente el foro de Venezia excluido otros foro disponibles.<\/p><p style=\"text-align: center;\"><strong>EL MATERIAL ORTOMEC ES CONFORME A LAS NORMAS \u00abCE \u00bb Fotografias y datos tecnicos son indicativos y no compromisorios Las caracter\u00edsticas y especificaciones est\u00e1n sujetas a cambios sin previo aviso.<\/strong><\/p>\t\t\t\t\t\t\t\t<\/div>\n\t\t\t\t<\/div>\n\t\t\t\t\t<\/div>\n\t\t<\/div>\n\t\t\t\t\t<\/div>\n\t\t<\/section>\n\t\t\t\t<\/div>\n\t\t","protected":false},"excerpt":{"rendered":"<p>CONDICIONES GENERALES DE VENTA PRECIOS: Son de entenderse v\u00e1lidos para la mercancia franco ns. sede, IVA exclu\u00edda y con pago en efectivo. Toda eventual retraso [&hellip;]<\/p>\n","protected":false},"author":1,"featured_media":0,"parent":9843,"menu_order":0,"comment_status":"closed","ping_status":"closed","template":"","meta":{"_acf_changed":false,"footnotes":""},"class_list":["post-16186","page","type-page","status-publish","hentry"],"acf":[],"yoast_head":"<!-- This site is optimized with the Yoast SEO plugin v24.6 - https:\/\/yoast.com\/wordpress\/plugins\/seo\/ -->\n<title>Condiciones de Venta Cosechadoras y Sembradoras | Ortomec<\/title>\n<meta name=\"description\" content=\"Ortomec garantiza transparencia y atenci\u00f3n a las condiciones generales de venta para todos sus clientes. \u00a1Desc\u00fabrelas ahora!\" \/>\n<meta name=\"robots\" content=\"noindex, follow, max-snippet:-1, max-image-preview:large, max-video-preview:-1\" \/>\n<meta property=\"og:locale\" content=\"es_ES\" \/>\n<meta property=\"og:type\" content=\"article\" \/>\n<meta property=\"og:title\" content=\"Condiciones de Venta Cosechadoras y Sembradoras | Ortomec\" \/>\n<meta property=\"og:description\" content=\"Ortomec garantiza transparencia y atenci\u00f3n a las condiciones generales de venta para todos sus clientes. \u00a1Desc\u00fabrelas ahora!\" \/>\n<meta property=\"og:url\" content=\"https:\/\/www.stage.ortomec.com\/es\/assistenza-2\/condiciones-generales-de-venta\/\" \/>\n<meta property=\"og:site_name\" content=\"Ortomec\" \/>\n<meta property=\"article:modified_time\" content=\"2021-06-30T07:47:54+00:00\" \/>\n<meta name=\"twitter:card\" content=\"summary_large_image\" \/>\n<meta name=\"twitter:label1\" content=\"Tiempo de lectura\" \/>\n\t<meta name=\"twitter:data1\" content=\"5 minutos\" \/>\n<script type=\"application\/ld+json\" class=\"yoast-schema-graph\">{\"@context\":\"https:\/\/schema.org\",\"@graph\":[{\"@type\":\"WebPage\",\"@id\":\"https:\/\/www.stage.ortomec.com\/es\/assistenza-2\/condiciones-generales-de-venta\/\",\"url\":\"https:\/\/www.stage.ortomec.com\/es\/assistenza-2\/condiciones-generales-de-venta\/\",\"name\":\"Condiciones de Venta Cosechadoras y Sembradoras | Ortomec\",\"isPartOf\":{\"@id\":\"https:\/\/www.stage.ortomec.com\/es\/#website\"},\"datePublished\":\"2020-12-16T10:24:00+00:00\",\"dateModified\":\"2021-06-30T07:47:54+00:00\",\"description\":\"Ortomec garantiza transparencia y atenci\u00f3n a las condiciones generales de venta para todos sus clientes. \u00a1Desc\u00fabrelas ahora!\",\"breadcrumb\":{\"@id\":\"https:\/\/www.stage.ortomec.com\/es\/assistenza-2\/condiciones-generales-de-venta\/#breadcrumb\"},\"inLanguage\":\"es\",\"potentialAction\":[{\"@type\":\"ReadAction\",\"target\":[\"https:\/\/www.stage.ortomec.com\/es\/assistenza-2\/condiciones-generales-de-venta\/\"]}]},{\"@type\":\"BreadcrumbList\",\"@id\":\"https:\/\/www.stage.ortomec.com\/es\/assistenza-2\/condiciones-generales-de-venta\/#breadcrumb\",\"itemListElement\":[{\"@type\":\"ListItem\",\"position\":1,\"name\":\"Home\",\"item\":\"https:\/\/www.stage.ortomec.com\/es\/\"},{\"@type\":\"ListItem\",\"position\":2,\"name\":\"Asistencia\",\"item\":\"https:\/\/www.stage.ortomec.com\/es\/assistenza\/\"},{\"@type\":\"ListItem\",\"position\":3,\"name\":\"Condiciones generales de venta\"}]},{\"@type\":\"WebSite\",\"@id\":\"https:\/\/www.stage.ortomec.com\/es\/#website\",\"url\":\"https:\/\/www.stage.ortomec.com\/es\/\",\"name\":\"Ortomec\",\"description\":\"\",\"publisher\":{\"@id\":\"https:\/\/www.stage.ortomec.com\/es\/#organization\"},\"potentialAction\":[{\"@type\":\"SearchAction\",\"target\":{\"@type\":\"EntryPoint\",\"urlTemplate\":\"https:\/\/www.stage.ortomec.com\/es\/?s={search_term_string}\"},\"query-input\":{\"@type\":\"PropertyValueSpecification\",\"valueRequired\":true,\"valueName\":\"search_term_string\"}}],\"inLanguage\":\"es\"},{\"@type\":\"Organization\",\"@id\":\"https:\/\/www.stage.ortomec.com\/es\/#organization\",\"name\":\"Ortomec\",\"url\":\"https:\/\/www.stage.ortomec.com\/es\/\",\"logo\":{\"@type\":\"ImageObject\",\"inLanguage\":\"es\",\"@id\":\"https:\/\/www.stage.ortomec.com\/es\/#\/schema\/logo\/image\/\",\"url\":\"https:\/\/www.stage.ortomec.com\/wp-content\/uploads\/2020\/07\/ortomec_favicon.png\",\"contentUrl\":\"https:\/\/www.stage.ortomec.com\/wp-content\/uploads\/2020\/07\/ortomec_favicon.png\",\"width\":512,\"height\":512,\"caption\":\"Ortomec\"},\"image\":{\"@id\":\"https:\/\/www.stage.ortomec.com\/es\/#\/schema\/logo\/image\/\"}}]}<\/script>\n<!-- \/ Yoast SEO plugin. -->","yoast_head_json":{"title":"Condiciones de Venta Cosechadoras y Sembradoras | Ortomec","description":"Ortomec garantiza transparencia y atenci\u00f3n a las condiciones generales de venta para todos sus clientes. \u00a1Desc\u00fabrelas ahora!","robots":{"index":"noindex","follow":"follow","max-snippet":"max-snippet:-1","max-image-preview":"max-image-preview:large","max-video-preview":"max-video-preview:-1"},"og_locale":"es_ES","og_type":"article","og_title":"Condiciones de Venta Cosechadoras y Sembradoras | Ortomec","og_description":"Ortomec garantiza transparencia y atenci\u00f3n a las condiciones generales de venta para todos sus clientes. \u00a1Desc\u00fabrelas ahora!","og_url":"https:\/\/www.stage.ortomec.com\/es\/assistenza-2\/condiciones-generales-de-venta\/","og_site_name":"Ortomec","article_modified_time":"2021-06-30T07:47:54+00:00","twitter_card":"summary_large_image","twitter_misc":{"Tiempo de lectura":"5 minutos"},"schema":{"@context":"https:\/\/schema.org","@graph":[{"@type":"WebPage","@id":"https:\/\/www.stage.ortomec.com\/es\/assistenza-2\/condiciones-generales-de-venta\/","url":"https:\/\/www.stage.ortomec.com\/es\/assistenza-2\/condiciones-generales-de-venta\/","name":"Condiciones de Venta Cosechadoras y Sembradoras | Ortomec","isPartOf":{"@id":"https:\/\/www.stage.ortomec.com\/es\/#website"},"datePublished":"2020-12-16T10:24:00+00:00","dateModified":"2021-06-30T07:47:54+00:00","description":"Ortomec garantiza transparencia y atenci\u00f3n a las condiciones generales de venta para todos sus clientes. \u00a1Desc\u00fabrelas ahora!","breadcrumb":{"@id":"https:\/\/www.stage.ortomec.com\/es\/assistenza-2\/condiciones-generales-de-venta\/#breadcrumb"},"inLanguage":"es","potentialAction":[{"@type":"ReadAction","target":["https:\/\/www.stage.ortomec.com\/es\/assistenza-2\/condiciones-generales-de-venta\/"]}]},{"@type":"BreadcrumbList","@id":"https:\/\/www.stage.ortomec.com\/es\/assistenza-2\/condiciones-generales-de-venta\/#breadcrumb","itemListElement":[{"@type":"ListItem","position":1,"name":"Home","item":"https:\/\/www.stage.ortomec.com\/es\/"},{"@type":"ListItem","position":2,"name":"Asistencia","item":"https:\/\/www.stage.ortomec.com\/es\/assistenza\/"},{"@type":"ListItem","position":3,"name":"Condiciones generales de venta"}]},{"@type":"WebSite","@id":"https:\/\/www.stage.ortomec.com\/es\/#website","url":"https:\/\/www.stage.ortomec.com\/es\/","name":"Ortomec","description":"","publisher":{"@id":"https:\/\/www.stage.ortomec.com\/es\/#organization"},"potentialAction":[{"@type":"SearchAction","target":{"@type":"EntryPoint","urlTemplate":"https:\/\/www.stage.ortomec.com\/es\/?s={search_term_string}"},"query-input":{"@type":"PropertyValueSpecification","valueRequired":true,"valueName":"search_term_string"}}],"inLanguage":"es"},{"@type":"Organization","@id":"https:\/\/www.stage.ortomec.com\/es\/#organization","name":"Ortomec","url":"https:\/\/www.stage.ortomec.com\/es\/","logo":{"@type":"ImageObject","inLanguage":"es","@id":"https:\/\/www.stage.ortomec.com\/es\/#\/schema\/logo\/image\/","url":"https:\/\/www.stage.ortomec.com\/wp-content\/uploads\/2020\/07\/ortomec_favicon.png","contentUrl":"https:\/\/www.stage.ortomec.com\/wp-content\/uploads\/2020\/07\/ortomec_favicon.png","width":512,"height":512,"caption":"Ortomec"},"image":{"@id":"https:\/\/www.stage.ortomec.com\/es\/#\/schema\/logo\/image\/"}}]}},"_links":{"self":[{"href":"https:\/\/www.stage.ortomec.com\/es\/wp-json\/wp\/v2\/pages\/16186","targetHints":{"allow":["GET"]}}],"collection":[{"href":"https:\/\/www.stage.ortomec.com\/es\/wp-json\/wp\/v2\/pages"}],"about":[{"href":"https:\/\/www.stage.ortomec.com\/es\/wp-json\/wp\/v2\/types\/page"}],"author":[{"embeddable":true,"href":"https:\/\/www.stage.ortomec.com\/es\/wp-json\/wp\/v2\/users\/1"}],"replies":[{"embeddable":true,"href":"https:\/\/www.stage.ortomec.com\/es\/wp-json\/wp\/v2\/comments?post=16186"}],"version-history":[{"count":0,"href":"https:\/\/www.stage.ortomec.com\/es\/wp-json\/wp\/v2\/pages\/16186\/revisions"}],"up":[{"embeddable":true,"href":"https:\/\/www.stage.ortomec.com\/es\/wp-json\/wp\/v2\/pages\/9843"}],"wp:attachment":[{"href":"https:\/\/www.stage.ortomec.com\/es\/wp-json\/wp\/v2\/media?parent=16186"}],"curies":[{"name":"wp","href":"https:\/\/api.w.org\/{rel}","templated":true}]}}