{"id":11870,"date":"2020-10-12T12:25:51","date_gmt":"2020-10-12T10:25:51","guid":{"rendered":"https:\/\/www.stage.ortomec.com\/?page_id=11870"},"modified":"2020-10-12T12:26:43","modified_gmt":"2020-10-12T10:26:43","slug":"cookie-policy","status":"publish","type":"page","link":"https:\/\/www.stage.ortomec.com\/es\/cookie-policy-es\/","title":{"rendered":"Cookie Policy"},"content":{"rendered":"\t\t<div data-elementor-type=\"wp-page\" data-elementor-id=\"11870\" class=\"elementor elementor-11870 elementor-11857\">\n\t\t\t\t\t\t<section class=\"elementor-section elementor-top-section elementor-element elementor-element-b7603ae elementor-section-boxed elementor-section-height-default elementor-section-height-default default-style\" data-id=\"b7603ae\" data-element_type=\"section\" data-settings=\"{&quot;rt_color_sets&quot;:&quot;default-style&quot;}\">\n\t\t\t\t\t\t<div class=\"elementor-container elementor-column-gap-default\">\n\t\t\t\t\t<div class=\"elementor-column elementor-col-100 elementor-top-column elementor-element elementor-element-0b4d1a4\" data-id=\"0b4d1a4\" data-element_type=\"column\">\n\t\t\t<div class=\"elementor-widget-wrap elementor-element-populated\">\n\t\t\t\t\t\t<div class=\"elementor-element elementor-element-dc7d4ec elementor-widget elementor-widget-heading\" data-id=\"dc7d4ec\" data-element_type=\"widget\" data-widget_type=\"heading.default\">\n\t\t\t\t<div class=\"elementor-widget-container\">\n\t\t\t\t\t<h1 class=\"elementor-heading-title elementor-size-xxl\">Cookie Policy<\/h1>\t\t\t\t<\/div>\n\t\t\t\t<\/div>\n\t\t\t\t\t<\/div>\n\t\t<\/div>\n\t\t\t\t\t<\/div>\n\t\t<\/section>\n\t\t\t\t<section class=\"elementor-section elementor-top-section elementor-element elementor-element-f177ae4 elementor-section-boxed elementor-section-height-default elementor-section-height-default default-style\" data-id=\"f177ae4\" data-element_type=\"section\" data-settings=\"{&quot;rt_color_sets&quot;:&quot;default-style&quot;}\">\n\t\t\t\t\t\t<div class=\"elementor-container elementor-column-gap-default\">\n\t\t\t\t\t<div class=\"elementor-column elementor-col-100 elementor-top-column elementor-element elementor-element-f890efa\" data-id=\"f890efa\" data-element_type=\"column\">\n\t\t\t<div class=\"elementor-widget-wrap elementor-element-populated\">\n\t\t\t\t\t\t<div class=\"elementor-element elementor-element-5e23daa elementor-widget elementor-widget-text-editor\" data-id=\"5e23daa\" data-element_type=\"widget\" data-widget_type=\"text-editor.default\">\n\t\t\t\t<div class=\"elementor-widget-container\">\n\t\t\t\t\t\t\t\t\t<p>Usamos cookies para personalizar contenido y anuncios, proporcionar funciones de redes sociales y analizar nuestro tr\u00e1fico. Tambi\u00e9n proporcionamos informaci\u00f3n sobre c\u00f3mo usa nuestro sitio a nuestros socios de an\u00e1lisis web, publicidad y redes sociales, quienes pueden combinarla con otra informaci\u00f3n que les haya proporcionado o que hayan recopilado en funci\u00f3n del uso que haga de ellos. servicios.<br \/><br \/>Qu\u00e9 son las cookies: Las cookies son peque\u00f1os archivos de texto que los sitios web pueden utilizar para hacer que la experiencia del usuario sea m\u00e1s eficiente. La ley establece que podemos almacenar cookies en su dispositivo si son estrictamente necesarias para el funcionamiento de este sitio.<br \/><br \/>Para todos los dem\u00e1s tipos de cookies, necesitamos su permiso.<br \/><br \/>Este sitio utiliza diferentes tipos de cookies. Algunas cookies son colocadas por servicios de terceros que aparecen en nuestras p\u00e1ginas.<br \/><br \/>Las cookies necesarias ayudan a que un sitio web sea utilizable al habilitar funciones b\u00e1sicas como la navegaci\u00f3n de p\u00e1ginas y el acceso a \u00e1reas protegidas del sitio. El sitio web no puede funcionar correctamente sin estas cookies.<br \/><br \/>Cookies necesarias:<br \/>\u2022 PHPSESSID: gestiona la sesi\u00f3n del usuario;<br \/>\u2022 cookiescriptaccept: gestiona la activaci\u00f3n \/ desactivaci\u00f3n de cookies;<br \/>\u2022 _gid: se utiliza para distinguir a los usuarios;<br \/>\u2022 _ga: se utiliza para distinguir a los usuarios;<br \/>\u2022 Google Analytics (Google Inc.):<br \/>Google Analytics es un servicio de an\u00e1lisis web proporcionado por Google Inc. (\u00abGoogle\u00bb). Google utiliza los Datos personales recopilados con el fin de rastrear y examinar el uso de este sitio web, compilar informes y compartirlos con otros servicios desarrollados por Google.<br \/>Google puede utilizar los Datos Personales para contextualizar y personalizar los anuncios de su propia red publicitaria.<\/p>\t\t\t\t\t\t\t\t<\/div>\n\t\t\t\t<\/div>\n\t\t\t\t\t<\/div>\n\t\t<\/div>\n\t\t\t\t\t<\/div>\n\t\t<\/section>\n\t\t\t\t<\/div>\n\t\t","protected":false},"excerpt":{"rendered":"<p>Cookie Policy Usamos cookies para personalizar contenido y anuncios, proporcionar funciones de redes sociales y analizar nuestro tr\u00e1fico. Tambi\u00e9n proporcionamos informaci\u00f3n sobre c\u00f3mo usa nuestro [&hellip;]<\/p>\n","protected":false},"author":1,"featured_media":0,"parent":0,"menu_order":0,"comment_status":"closed","ping_status":"closed","template":"","meta":{"_acf_changed":false,"footnotes":""},"class_list":["post-11870","page","type-page","status-publish","hentry"],"acf":[],"yoast_head":"<!-- This site is optimized with the Yoast SEO plugin v24.6 - https:\/\/yoast.com\/wordpress\/plugins\/seo\/ -->\n<title>Cookie Policy - Ortomec<\/title>\n<meta name=\"robots\" content=\"noindex, follow, max-snippet:-1, max-image-preview:large, max-video-preview:-1\" \/>\n<meta property=\"og:locale\" content=\"es_ES\" \/>\n<meta property=\"og:type\" content=\"article\" \/>\n<meta property=\"og:title\" content=\"Cookie Policy - Ortomec\" \/>\n<meta property=\"og:description\" content=\"Cookie Policy Usamos cookies para personalizar contenido y anuncios, proporcionar funciones de redes sociales y analizar nuestro tr\u00e1fico. Tambi\u00e9n proporcionamos informaci\u00f3n sobre c\u00f3mo usa nuestro [&hellip;]\" \/>\n<meta property=\"og:url\" content=\"https:\/\/www.stage.ortomec.com\/es\/cookie-policy-es\/\" \/>\n<meta property=\"og:site_name\" content=\"Ortomec\" \/>\n<meta property=\"article:modified_time\" content=\"2020-10-12T10:26:43+00:00\" \/>\n<meta name=\"twitter:card\" content=\"summary_large_image\" \/>\n<meta name=\"twitter:label1\" content=\"Tiempo de lectura\" \/>\n\t<meta name=\"twitter:data1\" content=\"1 minuto\" \/>\n<script type=\"application\/ld+json\" class=\"yoast-schema-graph\">{\"@context\":\"https:\/\/schema.org\",\"@graph\":[{\"@type\":\"WebPage\",\"@id\":\"https:\/\/www.stage.ortomec.com\/es\/cookie-policy-es\/\",\"url\":\"https:\/\/www.stage.ortomec.com\/es\/cookie-policy-es\/\",\"name\":\"Cookie Policy - Ortomec\",\"isPartOf\":{\"@id\":\"https:\/\/www.stage.ortomec.com\/es\/#website\"},\"datePublished\":\"2020-10-12T10:25:51+00:00\",\"dateModified\":\"2020-10-12T10:26:43+00:00\",\"breadcrumb\":{\"@id\":\"https:\/\/www.stage.ortomec.com\/es\/cookie-policy-es\/#breadcrumb\"},\"inLanguage\":\"es\",\"potentialAction\":[{\"@type\":\"ReadAction\",\"target\":[\"https:\/\/www.stage.ortomec.com\/es\/cookie-policy-es\/\"]}]},{\"@type\":\"BreadcrumbList\",\"@id\":\"https:\/\/www.stage.ortomec.com\/es\/cookie-policy-es\/#breadcrumb\",\"itemListElement\":[{\"@type\":\"ListItem\",\"position\":1,\"name\":\"Home\",\"item\":\"https:\/\/www.stage.ortomec.com\/es\/\"},{\"@type\":\"ListItem\",\"position\":2,\"name\":\"Cookie Policy\"}]},{\"@type\":\"WebSite\",\"@id\":\"https:\/\/www.stage.ortomec.com\/es\/#website\",\"url\":\"https:\/\/www.stage.ortomec.com\/es\/\",\"name\":\"Ortomec\",\"description\":\"\",\"publisher\":{\"@id\":\"https:\/\/www.stage.ortomec.com\/es\/#organization\"},\"potentialAction\":[{\"@type\":\"SearchAction\",\"target\":{\"@type\":\"EntryPoint\",\"urlTemplate\":\"https:\/\/www.stage.ortomec.com\/es\/?s={search_term_string}\"},\"query-input\":{\"@type\":\"PropertyValueSpecification\",\"valueRequired\":true,\"valueName\":\"search_term_string\"}}],\"inLanguage\":\"es\"},{\"@type\":\"Organization\",\"@id\":\"https:\/\/www.stage.ortomec.com\/es\/#organization\",\"name\":\"Ortomec\",\"url\":\"https:\/\/www.stage.ortomec.com\/es\/\",\"logo\":{\"@type\":\"ImageObject\",\"inLanguage\":\"es\",\"@id\":\"https:\/\/www.stage.ortomec.com\/es\/#\/schema\/logo\/image\/\",\"url\":\"https:\/\/www.stage.ortomec.com\/wp-content\/uploads\/2020\/07\/ortomec_favicon.png\",\"contentUrl\":\"https:\/\/www.stage.ortomec.com\/wp-content\/uploads\/2020\/07\/ortomec_favicon.png\",\"width\":512,\"height\":512,\"caption\":\"Ortomec\"},\"image\":{\"@id\":\"https:\/\/www.stage.ortomec.com\/es\/#\/schema\/logo\/image\/\"}}]}<\/script>\n<!-- \/ Yoast SEO plugin. -->","yoast_head_json":{"title":"Cookie Policy - Ortomec","robots":{"index":"noindex","follow":"follow","max-snippet":"max-snippet:-1","max-image-preview":"max-image-preview:large","max-video-preview":"max-video-preview:-1"},"og_locale":"es_ES","og_type":"article","og_title":"Cookie Policy - Ortomec","og_description":"Cookie Policy Usamos cookies para personalizar contenido y anuncios, proporcionar funciones de redes sociales y analizar nuestro tr\u00e1fico. Tambi\u00e9n proporcionamos informaci\u00f3n sobre c\u00f3mo usa nuestro [&hellip;]","og_url":"https:\/\/www.stage.ortomec.com\/es\/cookie-policy-es\/","og_site_name":"Ortomec","article_modified_time":"2020-10-12T10:26:43+00:00","twitter_card":"summary_large_image","twitter_misc":{"Tiempo de lectura":"1 minuto"},"schema":{"@context":"https:\/\/schema.org","@graph":[{"@type":"WebPage","@id":"https:\/\/www.stage.ortomec.com\/es\/cookie-policy-es\/","url":"https:\/\/www.stage.ortomec.com\/es\/cookie-policy-es\/","name":"Cookie Policy - Ortomec","isPartOf":{"@id":"https:\/\/www.stage.ortomec.com\/es\/#website"},"datePublished":"2020-10-12T10:25:51+00:00","dateModified":"2020-10-12T10:26:43+00:00","breadcrumb":{"@id":"https:\/\/www.stage.ortomec.com\/es\/cookie-policy-es\/#breadcrumb"},"inLanguage":"es","potentialAction":[{"@type":"ReadAction","target":["https:\/\/www.stage.ortomec.com\/es\/cookie-policy-es\/"]}]},{"@type":"BreadcrumbList","@id":"https:\/\/www.stage.ortomec.com\/es\/cookie-policy-es\/#breadcrumb","itemListElement":[{"@type":"ListItem","position":1,"name":"Home","item":"https:\/\/www.stage.ortomec.com\/es\/"},{"@type":"ListItem","position":2,"name":"Cookie Policy"}]},{"@type":"WebSite","@id":"https:\/\/www.stage.ortomec.com\/es\/#website","url":"https:\/\/www.stage.ortomec.com\/es\/","name":"Ortomec","description":"","publisher":{"@id":"https:\/\/www.stage.ortomec.com\/es\/#organization"},"potentialAction":[{"@type":"SearchAction","target":{"@type":"EntryPoint","urlTemplate":"https:\/\/www.stage.ortomec.com\/es\/?s={search_term_string}"},"query-input":{"@type":"PropertyValueSpecification","valueRequired":true,"valueName":"search_term_string"}}],"inLanguage":"es"},{"@type":"Organization","@id":"https:\/\/www.stage.ortomec.com\/es\/#organization","name":"Ortomec","url":"https:\/\/www.stage.ortomec.com\/es\/","logo":{"@type":"ImageObject","inLanguage":"es","@id":"https:\/\/www.stage.ortomec.com\/es\/#\/schema\/logo\/image\/","url":"https:\/\/www.stage.ortomec.com\/wp-content\/uploads\/2020\/07\/ortomec_favicon.png","contentUrl":"https:\/\/www.stage.ortomec.com\/wp-content\/uploads\/2020\/07\/ortomec_favicon.png","width":512,"height":512,"caption":"Ortomec"},"image":{"@id":"https:\/\/www.stage.ortomec.com\/es\/#\/schema\/logo\/image\/"}}]}},"_links":{"self":[{"href":"https:\/\/www.stage.ortomec.com\/es\/wp-json\/wp\/v2\/pages\/11870","targetHints":{"allow":["GET"]}}],"collection":[{"href":"https:\/\/www.stage.ortomec.com\/es\/wp-json\/wp\/v2\/pages"}],"about":[{"href":"https:\/\/www.stage.ortomec.com\/es\/wp-json\/wp\/v2\/types\/page"}],"author":[{"embeddable":true,"href":"https:\/\/www.stage.ortomec.com\/es\/wp-json\/wp\/v2\/users\/1"}],"replies":[{"embeddable":true,"href":"https:\/\/www.stage.ortomec.com\/es\/wp-json\/wp\/v2\/comments?post=11870"}],"version-history":[{"count":0,"href":"https:\/\/www.stage.ortomec.com\/es\/wp-json\/wp\/v2\/pages\/11870\/revisions"}],"wp:attachment":[{"href":"https:\/\/www.stage.ortomec.com\/es\/wp-json\/wp\/v2\/media?parent=11870"}],"curies":[{"name":"wp","href":"https:\/\/api.w.org\/{rel}","templated":true}]}}