{"id":22129,"date":"2023-09-06T14:15:23","date_gmt":"2023-09-06T12:15:23","guid":{"rendered":"https:\/\/www.stage.ortomec.com\/?post_type=product&#038;p=22129"},"modified":"2024-08-28T12:16:05","modified_gmt":"2024-08-28T10:16:05","slug":"gezogene-erntemaschine-mod-2000-130a","status":"publish","type":"product","link":"https:\/\/www.stage.ortomec.com\/de\/produkt\/gezogene-erntemaschine-mod-2000-130a\/","title":{"rendered":"Gezogene Erntemaschine Mod. 2000 130A"},"content":{"rendered":"","protected":false},"excerpt":{"rendered":"<div class=\"elementor-element elementor-element-42ac415a elementor-widget elementor-widget-heading\" data-id=\"42ac415a\" data-element_type=\"widget\" data-widget_type=\"heading.default\">\n<div class=\"elementor-widget-container\">\n<h3 class=\"elementor-heading-title elementor-size-default\">Hauptmerkmale<\/h3>\n<\/div>\n<\/div>\n<section class=\"elementor-element elementor-element-56a90e03 elementor-section-boxed elementor-section-height-default elementor-section-height-default default-style elementor-section elementor-inner-section\" data-id=\"56a90e03\" data-element_type=\"section\" data-settings=\"{&quot;rt_color_sets&quot;:&quot;default-style&quot;}\">\n<div class=\"elementor-container elementor-column-gap-default\">\n<div class=\"elementor-row\">\n<div class=\"elementor-element elementor-element-3a86ce2b elementor-column elementor-col-100 elementor-inner-column\" data-id=\"3a86ce2b\" data-element_type=\"column\">\n<div class=\"elementor-column-wrap elementor-element-populated\">\n<div class=\"elementor-widget-wrap\">\n<div class=\"elementor-element elementor-element-7e26b6f4 elementor-icon-list--layout-traditional elementor-widget elementor-widget-icon-list\" data-id=\"7e26b6f4\" data-element_type=\"widget\" data-widget_type=\"icon-list.default\">\n<div class=\"elementor-widget-container\">\n<ul class=\"elementor-icon-list-items\">\n<li class=\"elementor-icon-list-item\">Bedingungen In ausgezeichnetem Zustand<\/li>\n<\/ul>\n<\/div>\n<\/div>\n<\/div>\n<\/div>\n<\/div>\n<\/div>\n<\/div>\n<\/section>\n","protected":false},"featured_media":23867,"comment_status":"closed","ping_status":"closed","template":"","meta":{"_acf_changed":false},"product_brand":[],"product_cat":[148],"product_tag":[],"class_list":{"0":"post-22129","1":"product","2":"type-product","3":"status-publish","4":"has-post-thumbnail","6":"product_cat-erntemaschine","8":"first","9":"instock","10":"shipping-taxable","11":"product-type-simple"},"acf":[],"yoast_head":"<!-- This site is optimized with the Yoast SEO plugin v24.6 - https:\/\/yoast.com\/wordpress\/plugins\/seo\/ -->\n<title>Gezogene Erntemaschine Mod. 2000 130A - Ortomec<\/title>\n<meta name=\"description\" content=\"Entdecken Sie jetzt die exzellenten Gebrauchtger\u00e4te von Ortomec: Informieren Sie sich \u00fcber unser Gezogene Erntemaschine Mod. 2000 130A, effizient und 100% zuverl\u00e4ssig!\" \/>\n<meta name=\"robots\" content=\"noindex, follow, max-snippet:-1, max-image-preview:large, max-video-preview:-1\" \/>\n<meta property=\"og:locale\" content=\"de_DE\" \/>\n<meta property=\"og:type\" content=\"article\" \/>\n<meta property=\"og:title\" content=\"Gezogene Erntemaschine Mod. 2000 130A - Ortomec\" \/>\n<meta property=\"og:description\" content=\"Entdecken Sie jetzt die exzellenten Gebrauchtger\u00e4te von Ortomec: Informieren Sie sich \u00fcber unser Gezogene Erntemaschine Mod. 2000 130A, effizient und 100% zuverl\u00e4ssig!\" \/>\n<meta property=\"og:url\" content=\"https:\/\/www.stage.ortomec.com\/de\/produkt\/gezogene-erntemaschine-mod-2000-130a\/\" \/>\n<meta property=\"og:site_name\" content=\"Ortomec\" \/>\n<meta property=\"article:modified_time\" content=\"2024-08-28T10:16:05+00:00\" \/>\n<meta property=\"og:image\" content=\"https:\/\/www.stage.ortomec.com\/wp-content\/uploads\/2023\/09\/1724827210590-3.jpeg\" \/>\n\t<meta property=\"og:image:width\" content=\"2000\" \/>\n\t<meta property=\"og:image:height\" content=\"1500\" \/>\n\t<meta property=\"og:image:type\" content=\"image\/jpeg\" \/>\n<meta name=\"twitter:card\" content=\"summary_large_image\" \/>\n<meta name=\"twitter:label1\" content=\"Gesch\u00e4tzte Lesezeit\" \/>\n\t<meta name=\"twitter:data1\" content=\"1\u00a0Minute\" \/>\n<script type=\"application\/ld+json\" class=\"yoast-schema-graph\">{\"@context\":\"https:\/\/schema.org\",\"@graph\":[{\"@type\":\"WebPage\",\"@id\":\"https:\/\/www.stage.ortomec.com\/de\/produkt\/gezogene-erntemaschine-mod-2000-130a\/\",\"url\":\"https:\/\/www.stage.ortomec.com\/de\/produkt\/gezogene-erntemaschine-mod-2000-130a\/\",\"name\":\"Gezogene Erntemaschine Mod. 2000 130A - Ortomec\",\"isPartOf\":{\"@id\":\"https:\/\/www.stage.ortomec.com\/de\/#website\"},\"primaryImageOfPage\":{\"@id\":\"https:\/\/www.stage.ortomec.com\/de\/produkt\/gezogene-erntemaschine-mod-2000-130a\/#primaryimage\"},\"image\":{\"@id\":\"https:\/\/www.stage.ortomec.com\/de\/produkt\/gezogene-erntemaschine-mod-2000-130a\/#primaryimage\"},\"thumbnailUrl\":\"https:\/\/www.stage.ortomec.com\/wp-content\/uploads\/2023\/09\/1724827210590-3.jpeg\",\"datePublished\":\"2023-09-06T12:15:23+00:00\",\"dateModified\":\"2024-08-28T10:16:05+00:00\",\"description\":\"Entdecken Sie jetzt die exzellenten Gebrauchtger\u00e4te von Ortomec: Informieren Sie sich \u00fcber unser Gezogene Erntemaschine Mod. 2000 130A, effizient und 100% zuverl\u00e4ssig!\",\"breadcrumb\":{\"@id\":\"https:\/\/www.stage.ortomec.com\/de\/produkt\/gezogene-erntemaschine-mod-2000-130a\/#breadcrumb\"},\"inLanguage\":\"de\",\"potentialAction\":[{\"@type\":\"ReadAction\",\"target\":[\"https:\/\/www.stage.ortomec.com\/de\/produkt\/gezogene-erntemaschine-mod-2000-130a\/\"]}]},{\"@type\":\"ImageObject\",\"inLanguage\":\"de\",\"@id\":\"https:\/\/www.stage.ortomec.com\/de\/produkt\/gezogene-erntemaschine-mod-2000-130a\/#primaryimage\",\"url\":\"https:\/\/www.stage.ortomec.com\/wp-content\/uploads\/2023\/09\/1724827210590-3.jpeg\",\"contentUrl\":\"https:\/\/www.stage.ortomec.com\/wp-content\/uploads\/2023\/09\/1724827210590-3.jpeg\",\"width\":2000,\"height\":1500},{\"@type\":\"BreadcrumbList\",\"@id\":\"https:\/\/www.stage.ortomec.com\/de\/produkt\/gezogene-erntemaschine-mod-2000-130a\/#breadcrumb\",\"itemListElement\":[{\"@type\":\"ListItem\",\"position\":1,\"name\":\"Home\",\"item\":\"https:\/\/www.stage.ortomec.com\/de\/\"},{\"@type\":\"ListItem\",\"position\":2,\"name\":\"Produkte\",\"item\":\"https:\/\/www.stage.ortomec.com\/de\/shop\/\"},{\"@type\":\"ListItem\",\"position\":3,\"name\":\"Gezogene Erntemaschine Mod. 2000 130A\"}]},{\"@type\":\"WebSite\",\"@id\":\"https:\/\/www.stage.ortomec.com\/de\/#website\",\"url\":\"https:\/\/www.stage.ortomec.com\/de\/\",\"name\":\"Ortomec\",\"description\":\"\",\"publisher\":{\"@id\":\"https:\/\/www.stage.ortomec.com\/de\/#organization\"},\"potentialAction\":[{\"@type\":\"SearchAction\",\"target\":{\"@type\":\"EntryPoint\",\"urlTemplate\":\"https:\/\/www.stage.ortomec.com\/de\/?s={search_term_string}\"},\"query-input\":{\"@type\":\"PropertyValueSpecification\",\"valueRequired\":true,\"valueName\":\"search_term_string\"}}],\"inLanguage\":\"de\"},{\"@type\":\"Organization\",\"@id\":\"https:\/\/www.stage.ortomec.com\/de\/#organization\",\"name\":\"Ortomec\",\"url\":\"https:\/\/www.stage.ortomec.com\/de\/\",\"logo\":{\"@type\":\"ImageObject\",\"inLanguage\":\"de\",\"@id\":\"https:\/\/www.stage.ortomec.com\/de\/#\/schema\/logo\/image\/\",\"url\":\"https:\/\/www.stage.ortomec.com\/wp-content\/uploads\/2020\/07\/ortomec_favicon.png\",\"contentUrl\":\"https:\/\/www.stage.ortomec.com\/wp-content\/uploads\/2020\/07\/ortomec_favicon.png\",\"width\":512,\"height\":512,\"caption\":\"Ortomec\"},\"image\":{\"@id\":\"https:\/\/www.stage.ortomec.com\/de\/#\/schema\/logo\/image\/\"}}]}<\/script>\n<!-- \/ Yoast SEO plugin. -->","yoast_head_json":{"title":"Gezogene Erntemaschine Mod. 2000 130A - Ortomec","description":"Entdecken Sie jetzt die exzellenten Gebrauchtger\u00e4te von Ortomec: Informieren Sie sich \u00fcber unser Gezogene Erntemaschine Mod. 2000 130A, effizient und 100% zuverl\u00e4ssig!","robots":{"index":"noindex","follow":"follow","max-snippet":"max-snippet:-1","max-image-preview":"max-image-preview:large","max-video-preview":"max-video-preview:-1"},"og_locale":"de_DE","og_type":"article","og_title":"Gezogene Erntemaschine Mod. 2000 130A - Ortomec","og_description":"Entdecken Sie jetzt die exzellenten Gebrauchtger\u00e4te von Ortomec: Informieren Sie sich \u00fcber unser Gezogene Erntemaschine Mod. 2000 130A, effizient und 100% zuverl\u00e4ssig!","og_url":"https:\/\/www.stage.ortomec.com\/de\/produkt\/gezogene-erntemaschine-mod-2000-130a\/","og_site_name":"Ortomec","article_modified_time":"2024-08-28T10:16:05+00:00","og_image":[{"width":2000,"height":1500,"url":"https:\/\/www.stage.ortomec.com\/wp-content\/uploads\/2023\/09\/1724827210590-3.jpeg","type":"image\/jpeg"}],"twitter_card":"summary_large_image","twitter_misc":{"Gesch\u00e4tzte Lesezeit":"1\u00a0Minute"},"schema":{"@context":"https:\/\/schema.org","@graph":[{"@type":"WebPage","@id":"https:\/\/www.stage.ortomec.com\/de\/produkt\/gezogene-erntemaschine-mod-2000-130a\/","url":"https:\/\/www.stage.ortomec.com\/de\/produkt\/gezogene-erntemaschine-mod-2000-130a\/","name":"Gezogene Erntemaschine Mod. 2000 130A - Ortomec","isPartOf":{"@id":"https:\/\/www.stage.ortomec.com\/de\/#website"},"primaryImageOfPage":{"@id":"https:\/\/www.stage.ortomec.com\/de\/produkt\/gezogene-erntemaschine-mod-2000-130a\/#primaryimage"},"image":{"@id":"https:\/\/www.stage.ortomec.com\/de\/produkt\/gezogene-erntemaschine-mod-2000-130a\/#primaryimage"},"thumbnailUrl":"https:\/\/www.stage.ortomec.com\/wp-content\/uploads\/2023\/09\/1724827210590-3.jpeg","datePublished":"2023-09-06T12:15:23+00:00","dateModified":"2024-08-28T10:16:05+00:00","description":"Entdecken Sie jetzt die exzellenten Gebrauchtger\u00e4te von Ortomec: Informieren Sie sich \u00fcber unser Gezogene Erntemaschine Mod. 2000 130A, effizient und 100% zuverl\u00e4ssig!","breadcrumb":{"@id":"https:\/\/www.stage.ortomec.com\/de\/produkt\/gezogene-erntemaschine-mod-2000-130a\/#breadcrumb"},"inLanguage":"de","potentialAction":[{"@type":"ReadAction","target":["https:\/\/www.stage.ortomec.com\/de\/produkt\/gezogene-erntemaschine-mod-2000-130a\/"]}]},{"@type":"ImageObject","inLanguage":"de","@id":"https:\/\/www.stage.ortomec.com\/de\/produkt\/gezogene-erntemaschine-mod-2000-130a\/#primaryimage","url":"https:\/\/www.stage.ortomec.com\/wp-content\/uploads\/2023\/09\/1724827210590-3.jpeg","contentUrl":"https:\/\/www.stage.ortomec.com\/wp-content\/uploads\/2023\/09\/1724827210590-3.jpeg","width":2000,"height":1500},{"@type":"BreadcrumbList","@id":"https:\/\/www.stage.ortomec.com\/de\/produkt\/gezogene-erntemaschine-mod-2000-130a\/#breadcrumb","itemListElement":[{"@type":"ListItem","position":1,"name":"Home","item":"https:\/\/www.stage.ortomec.com\/de\/"},{"@type":"ListItem","position":2,"name":"Produkte","item":"https:\/\/www.stage.ortomec.com\/de\/shop\/"},{"@type":"ListItem","position":3,"name":"Gezogene Erntemaschine Mod. 2000 130A"}]},{"@type":"WebSite","@id":"https:\/\/www.stage.ortomec.com\/de\/#website","url":"https:\/\/www.stage.ortomec.com\/de\/","name":"Ortomec","description":"","publisher":{"@id":"https:\/\/www.stage.ortomec.com\/de\/#organization"},"potentialAction":[{"@type":"SearchAction","target":{"@type":"EntryPoint","urlTemplate":"https:\/\/www.stage.ortomec.com\/de\/?s={search_term_string}"},"query-input":{"@type":"PropertyValueSpecification","valueRequired":true,"valueName":"search_term_string"}}],"inLanguage":"de"},{"@type":"Organization","@id":"https:\/\/www.stage.ortomec.com\/de\/#organization","name":"Ortomec","url":"https:\/\/www.stage.ortomec.com\/de\/","logo":{"@type":"ImageObject","inLanguage":"de","@id":"https:\/\/www.stage.ortomec.com\/de\/#\/schema\/logo\/image\/","url":"https:\/\/www.stage.ortomec.com\/wp-content\/uploads\/2020\/07\/ortomec_favicon.png","contentUrl":"https:\/\/www.stage.ortomec.com\/wp-content\/uploads\/2020\/07\/ortomec_favicon.png","width":512,"height":512,"caption":"Ortomec"},"image":{"@id":"https:\/\/www.stage.ortomec.com\/de\/#\/schema\/logo\/image\/"}}]}},"_links":{"self":[{"href":"https:\/\/www.stage.ortomec.com\/de\/wp-json\/wp\/v2\/product\/22129","targetHints":{"allow":["GET"]}}],"collection":[{"href":"https:\/\/www.stage.ortomec.com\/de\/wp-json\/wp\/v2\/product"}],"about":[{"href":"https:\/\/www.stage.ortomec.com\/de\/wp-json\/wp\/v2\/types\/product"}],"replies":[{"embeddable":true,"href":"https:\/\/www.stage.ortomec.com\/de\/wp-json\/wp\/v2\/comments?post=22129"}],"wp:featuredmedia":[{"embeddable":true,"href":"https:\/\/www.stage.ortomec.com\/de\/wp-json\/wp\/v2\/media\/23867"}],"wp:attachment":[{"href":"https:\/\/www.stage.ortomec.com\/de\/wp-json\/wp\/v2\/media?parent=22129"}],"wp:term":[{"taxonomy":"product_brand","embeddable":true,"href":"https:\/\/www.stage.ortomec.com\/de\/wp-json\/wp\/v2\/product_brand?post=22129"},{"taxonomy":"product_cat","embeddable":true,"href":"https:\/\/www.stage.ortomec.com\/de\/wp-json\/wp\/v2\/product_cat?post=22129"},{"taxonomy":"product_tag","embeddable":true,"href":"https:\/\/www.stage.ortomec.com\/de\/wp-json\/wp\/v2\/product_tag?post=22129"}],"curies":[{"name":"wp","href":"https:\/\/api.w.org\/{rel}","templated":true}]}}