{"id":20502,"date":"2021-06-09T10:47:16","date_gmt":"2021-06-09T08:47:16","guid":{"rendered":"https:\/\/www.stage.ortomec.com\/dicono-di-noi\/"},"modified":"2022-06-16T17:52:01","modified_gmt":"2022-06-16T15:52:01","slug":"dicono-di-noi","status":"publish","type":"page","link":"https:\/\/www.stage.ortomec.com\/de\/was-sie-uber-uns-sagen\/","title":{"rendered":"Was sie \u00fcber uns sagen"},"content":{"rendered":"\t\t<div data-elementor-type=\"wp-page\" data-elementor-id=\"20502\" class=\"elementor elementor-20502 elementor-17787\">\n\t\t\t\t\t\t<section class=\"elementor-section elementor-top-section elementor-element elementor-element-f156f66 elementor-section-height-min-height light-style rt-el-parallax-background elementor-section-content-middle elementor-section-boxed elementor-section-height-default elementor-section-items-middle\" data-id=\"f156f66\" data-element_type=\"section\" data-settings=\"{&quot;rt_color_sets&quot;:&quot;light-style&quot;,&quot;background_background&quot;:&quot;classic&quot;,&quot;rt_parallax&quot;:&quot;rt-el-parallax-background&quot;,&quot;shape_divider_bottom&quot;:&quot;arrow&quot;,&quot;shape_divider_bottom_negative&quot;:&quot;yes&quot;,&quot;rt_bg_parallax_effect&quot;:&quot;3&quot;,&quot;rt_bg_parallax_speed&quot;:&quot;1&quot;}\">\n\t\t\t\t\t\t\t<div class=\"elementor-background-overlay\"><\/div>\n\t\t\t\t\t\t<div class=\"elementor-shape elementor-shape-bottom\" data-negative=\"true\">\n\t\t\t<svg xmlns=\"http:\/\/www.w3.org\/2000\/svg\" viewBox=\"0 0 700 10\" preserveAspectRatio=\"none\">\n\t<path class=\"elementor-shape-fill\" d=\"M360 0L350 9.9 340 0 0 0 0 10 700 10 700 0\"\/>\n<\/svg>\t\t<\/div>\n\t\t\t\t\t<div class=\"elementor-container elementor-column-gap-default\">\n\t\t\t\t\t<div class=\"elementor-column elementor-col-100 elementor-top-column elementor-element elementor-element-2abb9def\" data-id=\"2abb9def\" data-element_type=\"column\">\n\t\t\t<div class=\"elementor-widget-wrap elementor-element-populated\">\n\t\t\t\t\t\t<div class=\"elementor-element elementor-element-6ada4d11 elementor-widget elementor-widget-rt-heading\" data-id=\"6ada4d11\" data-element_type=\"widget\" data-widget_type=\"rt-heading.default\">\n\t\t\t\t<div class=\"elementor-widget-container\">\n\t\t\t\t\t<div class=\"rt-heading-wrapper text-center\">\n\t\t\t\t\t\t<span class=\"   rt-heading secondary-color secondary-font\" >Was sie \u00fcber uns sagen<\/span>\n\t\t\t\t\t<\/div>\t\t\t\t<\/div>\n\t\t\t\t<\/div>\n\t\t\t\t<div class=\"elementor-element elementor-element-56e8ae78 elementor-widget elementor-widget-rt-heading\" data-id=\"56e8ae78\" data-element_type=\"widget\" data-widget_type=\"rt-heading.default\">\n\t\t\t\t<div class=\"elementor-widget-container\">\n\t\t\t\t\t<div class=\"rt-heading-wrapper style-4\">\n\t\t\t\t\t\t<H1 class=\"   rt-heading style-4\" >DIE ERFOLGE EINIGER KUNDEN<svg width=\"95\" height=\"10\" viewBox=\"0 0 95 10\" xmlns=\"http:\/\/www.w3.org\/2000\/svg\"><path d=\"M1 8l11.54-6 11.538 6 11.54-6 11.538 6 11.538-6 11.54 6L81.77 2 94 8\" stroke-width=\"3\" stroke=\"#6CC139\" fill=\"none\" fill-rule=\"evenodd\"\/><\/svg><\/H1>\n\t\t\t\t\t<\/div>\t\t\t\t<\/div>\n\t\t\t\t<\/div>\n\t\t\t\t\t<\/div>\n\t\t<\/div>\n\t\t\t\t\t<\/div>\n\t\t<\/section>\n\t\t\t\t<section class=\"elementor-section elementor-top-section elementor-element elementor-element-9235582 elementor-section-boxed elementor-section-height-default elementor-section-height-default default-style\" data-id=\"9235582\" data-element_type=\"section\" data-settings=\"{&quot;rt_color_sets&quot;:&quot;default-style&quot;}\">\n\t\t\t\t\t\t<div class=\"elementor-container elementor-column-gap-default\">\n\t\t\t\t\t<div class=\"elementor-column elementor-col-100 elementor-top-column elementor-element elementor-element-74695b0\" data-id=\"74695b0\" data-element_type=\"column\">\n\t\t\t<div class=\"elementor-widget-wrap elementor-element-populated\">\n\t\t\t\t\t\t<div class=\"elementor-element elementor-element-f327adf elementor-widget elementor-widget-spacer\" data-id=\"f327adf\" data-element_type=\"widget\" data-widget_type=\"spacer.default\">\n\t\t\t\t<div class=\"elementor-widget-container\">\n\t\t\t\t\t\t\t<div class=\"elementor-spacer\">\n\t\t\t<div class=\"elementor-spacer-inner\"><\/div>\n\t\t<\/div>\n\t\t\t\t\t\t<\/div>\n\t\t\t\t<\/div>\n\t\t\t\t<div class=\"elementor-element elementor-element-e38c6a0 elementor-widget elementor-widget-recensioni-clienti\" data-id=\"e38c6a0\" data-element_type=\"widget\" data-widget_type=\"recensioni-clienti.default\">\n\t\t\t\t<div class=\"elementor-widget-container\">\n\t\t\t\t\t<div id='recensioni_clienti-wrapper'>\r\n                            <div class='recensioni_clienti-wrapper swiper'>\r\n                                <div class='swiper-wrapper'>\r\n                                    <div class='swiper-slide recensione'>\r\n                                <div class='recensione-image_wrapper'>\r\n                                    <img src='https:\/\/www.stage.ortomec.com\/wp-content\/uploads\/2021\/06\/IMG_2735-scaled.jpg' class='recensione-image' alt='Direktes Familienmanagement' title='Direktes Familienmanagement'>\r\n                                <\/div>\r\n                                <div class='recensione-info_wrapper'>\r\n                                    <div class='recensione-content'>\r\n                                        <p class='recensione-azienda'>Bauernhof F.lli Quaggio Danio E Moreno - MIRA (VE)<\/p>\r\n                                        <p class='recensione-scopo'>Direktes Familienmanagement<\/p>\r\n                                        <svg width='95' height='10' viewBox='0 0 95 10' xmlns='http:\/\/www.w3.org\/2000\/svg'><path style='stroke: #f87a1f;' d='M1 8l11.54-6 11.538 6 11.54-6 11.538 6 11.538-6 11.54 6L81.77 2 94 8' stroke-width='3' stroke='#6CC139' fill='none' fill-rule='evenodd'><\/path><\/svg>\r\n                                        <p class='recensione-slogan'>Produktion Verschiedene Blattgem\u00fcse f\u00fcr lokale Frischm\u00e4rkte<\/p>\r\n                                        <p class='recensione-specializzazione'><\/p>\r\n                                        <p class='recensione-content'>\"Mit den Erntemaschinen von Ortomec und ihren Mitarbeitern wurden wir vom ersten Tag an begleitet, an dem wir uns f\u00fcr die Mechanisierung der Ernte entschieden, wir verfolgten die \u00c4nderungen an den Maschinen und waren immer zufrieden mit den vorgenommenen \u00c4nderungen!\"<\/p>\r\n                                        <svg width='95' height='10' viewBox='0 0 95 10' xmlns='http:\/\/www.w3.org\/2000\/svg'><path style='stroke: #f87a1f;' d='M1 8l11.54-6 11.538 6 11.54-6 11.538 6 11.538-6 11.54 6L81.77 2 94 8' stroke-width='3' stroke='#6CC139' fill='none' fill-rule='evenodd'><\/path><\/svg>\r\n                                        <p class='recensione-content'><\/p>\r\n                                    <\/div>\r\n                                    <div class='recensione-footer'>\r\n                                        <div class='recensione-done'>Eingesetzte Erntemaschinen: Nr. 1\r\nErste Erntemaschine April 2002 Mod. \"SV\"\r\nZweiter M\u00e4hdrescher Juli 2009 mod \"SVK\" anstelle des \"SV\"\r\nDritter M\u00e4hdrescher November 2018 mod. 8400electro anstelle des \"SVK\"\r\nJ\u00c4HRLICHER EINSATZ DER ERNTEMASCHINE: 1500-2000 STUNDEN <\/div>\r\n                                        <!-- <img src='' class='recensione-logo' alt='' title=''> -->\r\n                                    <\/div>\r\n                                <\/div>\r\n                            <\/div><div class='swiper-slide recensione'>\r\n                                <div class='recensione-image_wrapper'>\r\n                                    <img src='https:\/\/www.stage.ortomec.com\/wp-content\/uploads\/2021\/06\/IMG_2835-scaled.jpg' class='recensione-image' alt='Produktion von Blattgem\u00fcse f\u00fcr IV gamma, Abpackung, nationale und internationale Bestimmung' title='Produktion von Blattgem\u00fcse f\u00fcr IV gamma, Abpackung, nationale und internationale Bestimmung'>\r\n                                <\/div>\r\n                                <div class='recensione-info_wrapper'>\r\n                                    <div class='recensione-content'>\r\n                                        <p class='recensione-azienda'>Soc. Agricola Casa Verde - TAGLIO DI PO (RO)<\/p>\r\n                                        <p class='recensione-scopo'>Produktion von Blattgem\u00fcse f\u00fcr IV gamma, Abpackung, nationale und internationale Bestimmung<\/p>\r\n                                        <svg width='95' height='10' viewBox='0 0 95 10' xmlns='http:\/\/www.w3.org\/2000\/svg'><path style='stroke: #f87a1f;' d='M1 8l11.54-6 11.538 6 11.54-6 11.538 6 11.538-6 11.54 6L81.77 2 94 8' stroke-width='3' stroke='#6CC139' fill='none' fill-rule='evenodd'><\/path><\/svg>\r\n                                        <p class='recensione-slogan'>VIELE FORDERUNGEN!<\/p>\r\n                                        <p class='recensione-specializzazione'>PRODUKTQUALIT\u00c4T - HYGIENE - SICHERHEIT UND LEISTUNG EINE GROSSE HERAUSFORDERUNG UND EINE GROSSE ZUFRIEDENHEIT F\u00dcR ORTOMEC<\/p>\r\n                                        <p class='recensione-content'>\"Wir waren immer auf der Suche nach einem Landmaschinenhersteller, der \u00fcber Kenntnisse und Erfahrungen mit Gem\u00fcseerntemaschinen verf\u00fcgte und bereit war, unsere Anlagensysteme, Erntemethoden und vor allem die hygienische Betreuung w\u00e4hrend der Ernte anzupassen. Das alles hat uns Ortomec \u00fcber Jahre hinweg garantiert!\"<\/p>\r\n                                        <svg width='95' height='10' viewBox='0 0 95 10' xmlns='http:\/\/www.w3.org\/2000\/svg'><path style='stroke: #f87a1f;' d='M1 8l11.54-6 11.538 6 11.54-6 11.538 6 11.538-6 11.54 6L81.77 2 94 8' stroke-width='3' stroke='#6CC139' fill='none' fill-rule='evenodd'><\/path><\/svg>\r\n                                        <p class='recensione-content'><\/p>\r\n                                    <\/div>\r\n                                    <div class='recensione-footer'>\r\n                                        <div class='recensione-done'>Verwendete Maschinen:\r\nReiniger zum Traktor gebracht (2004)\r\nSVK-Blatt (2005)\r\nSVK-HE (2006\r\n9000 Blatt (2011)\r\n8000 Blatt \r\nReiniger 2\r\nMultiseed<\/div>\r\n                                        <!-- <img src='' class='recensione-logo' alt='' title=''> -->\r\n                                    <\/div>\r\n                                <\/div>\r\n                            <\/div>\r\n                                <\/div>\r\n                                <div class='recensioni_clienti-pagination swiper-pagination'><\/div>\r\n                            <\/div>\r\n                        <\/div>\t\t\t\t<\/div>\n\t\t\t\t<\/div>\n\t\t\t\t\t<\/div>\n\t\t<\/div>\n\t\t\t\t\t<\/div>\n\t\t<\/section>\n\t\t\t\t<\/div>\n\t\t","protected":false},"excerpt":{"rendered":"<p>Was sie \u00fcber uns sagen DIE ERFOLGE EINIGER KUNDEN AZIENDA AGRICOLA F.LLI QUAGGIO DANIO E MORENO \u2013 MIRA (VE) Conduzione famigliare diretta Produzione Ortaggi a [&hellip;]<\/p>\n","protected":false},"author":1,"featured_media":0,"parent":0,"menu_order":0,"comment_status":"closed","ping_status":"closed","template":"","meta":{"_acf_changed":false,"footnotes":""},"class_list":["post-20502","page","type-page","status-publish","hentry"],"acf":[],"yoast_head":"<!-- This site is optimized with the Yoast SEO plugin v24.6 - https:\/\/yoast.com\/wordpress\/plugins\/seo\/ -->\n<title>Was sie \u00fcber uns sagen - Ortomec<\/title>\n<meta name=\"robots\" content=\"noindex, follow, max-snippet:-1, max-image-preview:large, max-video-preview:-1\" \/>\n<meta property=\"og:locale\" content=\"de_DE\" \/>\n<meta property=\"og:type\" content=\"article\" \/>\n<meta property=\"og:title\" content=\"Was sie \u00fcber uns sagen - Ortomec\" \/>\n<meta property=\"og:description\" content=\"Was sie \u00fcber uns sagen DIE ERFOLGE EINIGER KUNDEN AZIENDA AGRICOLA F.LLI QUAGGIO DANIO E MORENO \u2013 MIRA (VE) Conduzione famigliare diretta Produzione Ortaggi a [&hellip;]\" \/>\n<meta property=\"og:url\" content=\"https:\/\/www.stage.ortomec.com\/de\/was-sie-uber-uns-sagen\/\" \/>\n<meta property=\"og:site_name\" content=\"Ortomec\" \/>\n<meta property=\"article:modified_time\" content=\"2022-06-16T15:52:01+00:00\" \/>\n<meta property=\"og:image\" content=\"https:\/\/www.stage.ortomec.com\/wp-content\/uploads\/2021\/06\/IMG_2735-scaled.jpg\" \/>\n<meta name=\"twitter:card\" content=\"summary_large_image\" \/>\n<meta name=\"twitter:label1\" content=\"Gesch\u00e4tzte Lesezeit\" \/>\n\t<meta name=\"twitter:data1\" content=\"1\u00a0Minute\" \/>\n<script type=\"application\/ld+json\" class=\"yoast-schema-graph\">{\"@context\":\"https:\/\/schema.org\",\"@graph\":[{\"@type\":\"WebPage\",\"@id\":\"https:\/\/www.stage.ortomec.com\/de\/was-sie-uber-uns-sagen\/\",\"url\":\"https:\/\/www.stage.ortomec.com\/de\/was-sie-uber-uns-sagen\/\",\"name\":\"Was sie \u00fcber uns sagen - Ortomec\",\"isPartOf\":{\"@id\":\"https:\/\/www.stage.ortomec.com\/de\/#website\"},\"primaryImageOfPage\":{\"@id\":\"https:\/\/www.stage.ortomec.com\/de\/was-sie-uber-uns-sagen\/#primaryimage\"},\"image\":{\"@id\":\"https:\/\/www.stage.ortomec.com\/de\/was-sie-uber-uns-sagen\/#primaryimage\"},\"thumbnailUrl\":\"https:\/\/www.stage.ortomec.com\/wp-content\/uploads\/2021\/06\/IMG_2735-scaled.jpg\",\"datePublished\":\"2021-06-09T08:47:16+00:00\",\"dateModified\":\"2022-06-16T15:52:01+00:00\",\"breadcrumb\":{\"@id\":\"https:\/\/www.stage.ortomec.com\/de\/was-sie-uber-uns-sagen\/#breadcrumb\"},\"inLanguage\":\"de\",\"potentialAction\":[{\"@type\":\"ReadAction\",\"target\":[\"https:\/\/www.stage.ortomec.com\/de\/was-sie-uber-uns-sagen\/\"]}]},{\"@type\":\"ImageObject\",\"inLanguage\":\"de\",\"@id\":\"https:\/\/www.stage.ortomec.com\/de\/was-sie-uber-uns-sagen\/#primaryimage\",\"url\":\"https:\/\/www.stage.ortomec.com\/wp-content\/uploads\/2021\/06\/IMG_2735-scaled.jpg\",\"contentUrl\":\"https:\/\/www.stage.ortomec.com\/wp-content\/uploads\/2021\/06\/IMG_2735-scaled.jpg\"},{\"@type\":\"BreadcrumbList\",\"@id\":\"https:\/\/www.stage.ortomec.com\/de\/was-sie-uber-uns-sagen\/#breadcrumb\",\"itemListElement\":[{\"@type\":\"ListItem\",\"position\":1,\"name\":\"Home\",\"item\":\"https:\/\/www.stage.ortomec.com\/de\/\"},{\"@type\":\"ListItem\",\"position\":2,\"name\":\"Was sie \u00fcber uns sagen\"}]},{\"@type\":\"WebSite\",\"@id\":\"https:\/\/www.stage.ortomec.com\/de\/#website\",\"url\":\"https:\/\/www.stage.ortomec.com\/de\/\",\"name\":\"Ortomec\",\"description\":\"\",\"publisher\":{\"@id\":\"https:\/\/www.stage.ortomec.com\/de\/#organization\"},\"potentialAction\":[{\"@type\":\"SearchAction\",\"target\":{\"@type\":\"EntryPoint\",\"urlTemplate\":\"https:\/\/www.stage.ortomec.com\/de\/?s={search_term_string}\"},\"query-input\":{\"@type\":\"PropertyValueSpecification\",\"valueRequired\":true,\"valueName\":\"search_term_string\"}}],\"inLanguage\":\"de\"},{\"@type\":\"Organization\",\"@id\":\"https:\/\/www.stage.ortomec.com\/de\/#organization\",\"name\":\"Ortomec\",\"url\":\"https:\/\/www.stage.ortomec.com\/de\/\",\"logo\":{\"@type\":\"ImageObject\",\"inLanguage\":\"de\",\"@id\":\"https:\/\/www.stage.ortomec.com\/de\/#\/schema\/logo\/image\/\",\"url\":\"https:\/\/www.stage.ortomec.com\/wp-content\/uploads\/2020\/07\/ortomec_favicon.png\",\"contentUrl\":\"https:\/\/www.stage.ortomec.com\/wp-content\/uploads\/2020\/07\/ortomec_favicon.png\",\"width\":512,\"height\":512,\"caption\":\"Ortomec\"},\"image\":{\"@id\":\"https:\/\/www.stage.ortomec.com\/de\/#\/schema\/logo\/image\/\"}}]}<\/script>\n<!-- \/ Yoast SEO plugin. -->","yoast_head_json":{"title":"Was sie \u00fcber uns sagen - Ortomec","robots":{"index":"noindex","follow":"follow","max-snippet":"max-snippet:-1","max-image-preview":"max-image-preview:large","max-video-preview":"max-video-preview:-1"},"og_locale":"de_DE","og_type":"article","og_title":"Was sie \u00fcber uns sagen - Ortomec","og_description":"Was sie \u00fcber uns sagen DIE ERFOLGE EINIGER KUNDEN AZIENDA AGRICOLA F.LLI QUAGGIO DANIO E MORENO \u2013 MIRA (VE) Conduzione famigliare diretta Produzione Ortaggi a [&hellip;]","og_url":"https:\/\/www.stage.ortomec.com\/de\/was-sie-uber-uns-sagen\/","og_site_name":"Ortomec","article_modified_time":"2022-06-16T15:52:01+00:00","og_image":[{"url":"https:\/\/www.stage.ortomec.com\/wp-content\/uploads\/2021\/06\/IMG_2735-scaled.jpg","type":"","width":"","height":""}],"twitter_card":"summary_large_image","twitter_misc":{"Gesch\u00e4tzte Lesezeit":"1\u00a0Minute"},"schema":{"@context":"https:\/\/schema.org","@graph":[{"@type":"WebPage","@id":"https:\/\/www.stage.ortomec.com\/de\/was-sie-uber-uns-sagen\/","url":"https:\/\/www.stage.ortomec.com\/de\/was-sie-uber-uns-sagen\/","name":"Was sie \u00fcber uns sagen - Ortomec","isPartOf":{"@id":"https:\/\/www.stage.ortomec.com\/de\/#website"},"primaryImageOfPage":{"@id":"https:\/\/www.stage.ortomec.com\/de\/was-sie-uber-uns-sagen\/#primaryimage"},"image":{"@id":"https:\/\/www.stage.ortomec.com\/de\/was-sie-uber-uns-sagen\/#primaryimage"},"thumbnailUrl":"https:\/\/www.stage.ortomec.com\/wp-content\/uploads\/2021\/06\/IMG_2735-scaled.jpg","datePublished":"2021-06-09T08:47:16+00:00","dateModified":"2022-06-16T15:52:01+00:00","breadcrumb":{"@id":"https:\/\/www.stage.ortomec.com\/de\/was-sie-uber-uns-sagen\/#breadcrumb"},"inLanguage":"de","potentialAction":[{"@type":"ReadAction","target":["https:\/\/www.stage.ortomec.com\/de\/was-sie-uber-uns-sagen\/"]}]},{"@type":"ImageObject","inLanguage":"de","@id":"https:\/\/www.stage.ortomec.com\/de\/was-sie-uber-uns-sagen\/#primaryimage","url":"https:\/\/www.stage.ortomec.com\/wp-content\/uploads\/2021\/06\/IMG_2735-scaled.jpg","contentUrl":"https:\/\/www.stage.ortomec.com\/wp-content\/uploads\/2021\/06\/IMG_2735-scaled.jpg"},{"@type":"BreadcrumbList","@id":"https:\/\/www.stage.ortomec.com\/de\/was-sie-uber-uns-sagen\/#breadcrumb","itemListElement":[{"@type":"ListItem","position":1,"name":"Home","item":"https:\/\/www.stage.ortomec.com\/de\/"},{"@type":"ListItem","position":2,"name":"Was sie \u00fcber uns sagen"}]},{"@type":"WebSite","@id":"https:\/\/www.stage.ortomec.com\/de\/#website","url":"https:\/\/www.stage.ortomec.com\/de\/","name":"Ortomec","description":"","publisher":{"@id":"https:\/\/www.stage.ortomec.com\/de\/#organization"},"potentialAction":[{"@type":"SearchAction","target":{"@type":"EntryPoint","urlTemplate":"https:\/\/www.stage.ortomec.com\/de\/?s={search_term_string}"},"query-input":{"@type":"PropertyValueSpecification","valueRequired":true,"valueName":"search_term_string"}}],"inLanguage":"de"},{"@type":"Organization","@id":"https:\/\/www.stage.ortomec.com\/de\/#organization","name":"Ortomec","url":"https:\/\/www.stage.ortomec.com\/de\/","logo":{"@type":"ImageObject","inLanguage":"de","@id":"https:\/\/www.stage.ortomec.com\/de\/#\/schema\/logo\/image\/","url":"https:\/\/www.stage.ortomec.com\/wp-content\/uploads\/2020\/07\/ortomec_favicon.png","contentUrl":"https:\/\/www.stage.ortomec.com\/wp-content\/uploads\/2020\/07\/ortomec_favicon.png","width":512,"height":512,"caption":"Ortomec"},"image":{"@id":"https:\/\/www.stage.ortomec.com\/de\/#\/schema\/logo\/image\/"}}]}},"_links":{"self":[{"href":"https:\/\/www.stage.ortomec.com\/de\/wp-json\/wp\/v2\/pages\/20502","targetHints":{"allow":["GET"]}}],"collection":[{"href":"https:\/\/www.stage.ortomec.com\/de\/wp-json\/wp\/v2\/pages"}],"about":[{"href":"https:\/\/www.stage.ortomec.com\/de\/wp-json\/wp\/v2\/types\/page"}],"author":[{"embeddable":true,"href":"https:\/\/www.stage.ortomec.com\/de\/wp-json\/wp\/v2\/users\/1"}],"replies":[{"embeddable":true,"href":"https:\/\/www.stage.ortomec.com\/de\/wp-json\/wp\/v2\/comments?post=20502"}],"version-history":[{"count":2,"href":"https:\/\/www.stage.ortomec.com\/de\/wp-json\/wp\/v2\/pages\/20502\/revisions"}],"predecessor-version":[{"id":20509,"href":"https:\/\/www.stage.ortomec.com\/de\/wp-json\/wp\/v2\/pages\/20502\/revisions\/20509"}],"wp:attachment":[{"href":"https:\/\/www.stage.ortomec.com\/de\/wp-json\/wp\/v2\/media?parent=20502"}],"curies":[{"name":"wp","href":"https:\/\/api.w.org\/{rel}","templated":true}]}}