{"id":16183,"date":"2020-12-16T11:21:29","date_gmt":"2020-12-16T10:21:29","guid":{"rendered":"https:\/\/www.stage.ortomec.com\/?page_id=16183"},"modified":"2020-12-17T10:26:29","modified_gmt":"2020-12-17T09:26:29","slug":"allgemeine-verkaufsbedingungen","status":"publish","type":"page","link":"https:\/\/www.stage.ortomec.com\/de\/assistenz\/allgemeine-verkaufsbedingungen\/","title":{"rendered":"Allgemeine verkaufsbedingungen"},"content":{"rendered":"\t\t<div data-elementor-type=\"wp-page\" data-elementor-id=\"16183\" class=\"elementor elementor-16183 elementor-16159\">\n\t\t\t\t\t\t<section class=\"elementor-section elementor-top-section elementor-element elementor-element-74a1ba44 elementor-section-height-min-height light-style elementor-section-content-middle banner-section rt-el-parallax-background elementor-section-boxed elementor-section-height-default elementor-section-items-middle\" data-id=\"74a1ba44\" data-element_type=\"section\" data-settings=\"{&quot;rt_color_sets&quot;:&quot;light-style&quot;,&quot;background_background&quot;:&quot;slideshow&quot;,&quot;shape_divider_bottom&quot;:&quot;arrow&quot;,&quot;shape_divider_bottom_negative&quot;:&quot;yes&quot;,&quot;background_slideshow_gallery&quot;:[{&quot;id&quot;:16172,&quot;url&quot;:&quot;https:\\\/\\\/www.stage.ortomec.com\\\/wp-content\\\/uploads\\\/2020\\\/12\\\/Head_Condizioni-scaled.jpg&quot;}],&quot;rt_parallax&quot;:&quot;rt-el-parallax-background&quot;,&quot;background_slideshow_loop&quot;:&quot;yes&quot;,&quot;background_slideshow_slide_duration&quot;:5000,&quot;background_slideshow_slide_transition&quot;:&quot;fade&quot;,&quot;background_slideshow_transition_duration&quot;:500,&quot;rt_bg_parallax_effect&quot;:&quot;3&quot;,&quot;rt_bg_parallax_speed&quot;:&quot;1&quot;}\">\n\t\t\t\t\t<div class=\"elementor-shape elementor-shape-bottom\" data-negative=\"true\">\n\t\t\t<svg xmlns=\"http:\/\/www.w3.org\/2000\/svg\" viewBox=\"0 0 700 10\" preserveAspectRatio=\"none\">\n\t<path class=\"elementor-shape-fill\" d=\"M360 0L350 9.9 340 0 0 0 0 10 700 10 700 0\"\/>\n<\/svg>\t\t<\/div>\n\t\t\t\t\t<div class=\"elementor-container elementor-column-gap-default\">\n\t\t\t\t\t<div class=\"elementor-column elementor-col-100 elementor-top-column elementor-element elementor-element-4104ef57\" data-id=\"4104ef57\" data-element_type=\"column\">\n\t\t\t<div class=\"elementor-widget-wrap elementor-element-populated\">\n\t\t\t\t\t\t<div class=\"elementor-element elementor-element-5b495e54 elementor-widget elementor-widget-rt-heading\" data-id=\"5b495e54\" data-element_type=\"widget\" data-widget_type=\"rt-heading.default\">\n\t\t\t\t<div class=\"elementor-widget-container\">\n\t\t\t\t\t<div class=\"rt-heading-wrapper style-4 text-center\">\n\t\t\t\t\t\t<H1 class=\"   rt-heading style-4\" >ALLGEMEINE VERKAUFSBEDINGUNGEN<svg width=\"95\" height=\"10\" viewBox=\"0 0 95 10\" xmlns=\"http:\/\/www.w3.org\/2000\/svg\"><path d=\"M1 8l11.54-6 11.538 6 11.54-6 11.538 6 11.538-6 11.54 6L81.77 2 94 8\" stroke-width=\"3\" stroke=\"#6CC139\" fill=\"none\" fill-rule=\"evenodd\"\/><\/svg><\/H1>\n\t\t\t\t\t<\/div>\t\t\t\t<\/div>\n\t\t\t\t<\/div>\n\t\t\t\t\t<\/div>\n\t\t<\/div>\n\t\t\t\t\t<\/div>\n\t\t<\/section>\n\t\t\t\t<section class=\"elementor-section elementor-top-section elementor-element elementor-element-fa72c21 elementor-section-boxed elementor-section-height-default elementor-section-height-default default-style\" data-id=\"fa72c21\" data-element_type=\"section\" data-settings=\"{&quot;rt_color_sets&quot;:&quot;default-style&quot;}\">\n\t\t\t\t\t\t<div class=\"elementor-container elementor-column-gap-default\">\n\t\t\t\t\t<div class=\"elementor-column elementor-col-100 elementor-top-column elementor-element elementor-element-8b7a051\" data-id=\"8b7a051\" data-element_type=\"column\">\n\t\t\t<div class=\"elementor-widget-wrap elementor-element-populated\">\n\t\t\t\t\t\t<div class=\"elementor-element elementor-element-7a5692a elementor-widget elementor-widget-text-editor\" data-id=\"7a5692a\" data-element_type=\"widget\" data-widget_type=\"text-editor.default\">\n\t\t\t\t<div class=\"elementor-widget-container\">\n\t\t\t\t\t\t\t\t\t<p><strong>PREISE<\/strong>: Die Preisen verstehen sich ab-Werk, ausschliesslich Mwst, zahlbar gegen Kasse, f\u00fcr etwaige Stundungen wird der Besteller mit zinsen belastet. Auf jeden Fall alle Kosten und Aufwendungen im Zusammenhang mit dem Verkauf, wie zum Beispiel Verpackung, Transport, Versicherung, lokale Steuern, usw. sind vom K\u00e4ufer zu tragen.<\/p><p><strong>ZAHLUNGEN<\/strong>: Zahlungen m\u00fcssen am Sitz des Verk\u00e4ufers unter den Bedingungen erfolgen und vertraglich vorgesehen und kann nicht aus irgendeinem Grund oder die Ursache aufgeschoben werden; auch f\u00fcr den Fall von Streitigkeiten, hat der K\u00e4ufer das Recht, Zahlungen auszusetzen oder zu verz\u00f6gern. Je Lieferung, f\u00fcr die die R\u00fcckstellung nach Anzahlung vereinbart worden ist, ist abh\u00e4ngig von der Ausf\u00fchrung, zu der effektiven Zahlung des Vorschusses. In Defekt wird die Lieferbedingungen ausgesetzt. Die Zahlungen m\u00fcssen zu Nettobetrag laut Rechnung erfolgen, Bankkosten zu unseren Lasten werden nicht akzeptiert.<\/p><p><strong>VERZUGSZINSEN<\/strong>: Unbeschadet aller im Vertrag und in diesen Allgemeinen Gesch\u00e4ftsbedingungen vereinbart, im Fall des Zahlungsverzugs werden Verzugszinsen gem\u00e4\u00df Gesetzesdekret Nr 231\/2002 angewendet werden.<\/p><p><strong>SENDUNGEN<\/strong>: Der Verk\u00e4ufer erf\u00fcllt die Leistung durch die Warebereitstellung ab seinen Werk. Seit dem Akt der \u00dcbernahme der Ware durch den K\u00e4ufer wird die Gefahr\u00fcbergang von dieser gehalten. Der Versand der Ware ist auf Gefahr des K\u00e4ufers, mit allen Mitteln durchgef\u00fchrt werden. Die Verpackung wird vom K\u00e4ufer zu tragen.<\/p><p><strong>LIEFERUNG<\/strong>: Die Lieferzeiten sind lediglich Richtwerte und f\u00fcr den Verk\u00e4ufer nicht verbindlich und werden ausdr\u00fccklich mit der Klausel &#8222;vorbehaltlich unvorhersehbarer Ereignisse&#8220; vereinbart. Die Nutzungsbedingungen werden in Arbeitstagen ab der Unterzeichnung des Vertrags gez\u00e4hlt; jede \u00c4nderung oder Erg\u00e4nzung des Vertrages wird in einer neuen Laufzeit f\u00fchren. Der Verk\u00e4ufer ist nie f\u00fcr versp\u00e4tete Lieferungen (oder f\u00fcr Sch\u00e4den) verantwortlich, au\u00dfer im Falle gro\u00dfer Fahrl\u00e4ssigkeit gegen ihn. Jegliche Haftung f\u00fcr Verz\u00f6gerung wird in folgenden F\u00e4llen auszuschlie\u00dfen: &#8211; Nicht Einhaltung der Zahlungsbedingungen vom K\u00e4ufer (Art. 1461 cc zugunsten des Verk\u00e4ufers) &#8211; H\u00f6here Gewalt, einschlie\u00dflich Streik, Transportverz\u00f6gerungen, und Wetterereignisse; &#8211; Ausfall oder Verz\u00f6gerung der Lieferung von Materialien von Sublieferanten.<\/p><p><strong>BESCHWERDEN<\/strong>: Der K\u00e4ufer hat die Verantwortung, die Ware nach Erhalt zu \u00fcberpr\u00fcfen, um die \u00dcbereinstimmung mit der Bestellung zu \u00fcberpr\u00fcfen, und je eventuelle Beschwerden zu mitteln, unter Androhung der Verwirkung, innerhalb 8 Tagen nach der Eingang.<\/p><p><strong>VERKAUF UNTER EIGENTUMSVORGEHALT<\/strong>: Verk\u00e4ufe bezieht sich auf Eigentumsvorbehalt unter artt.1523 ff. cc und folgende \u00c4nderungen. Der K\u00e4ufer erwirbt Eigentum der Ware mit der Zahlung der letzten Preisrate, aber tr\u00e4gt die Risiken der Eigent\u00fcmer in der Zeitpunkt der Lieferung, und er verpflichtet sich, die Ware mit allem Flei\u00df zu halten. Er ist auch verantwortlich f\u00fcr Schaden verursacht von Feuer, Diebstahl, oder etwas anders. Bis zur vollst\u00e4ndigen Zahlung des Kaufpreises kann der K\u00e4ufer nicht verkaufen oder verpf\u00e4nden die Ausr\u00fcstung oder mieten oder vermieten sie an Dritte. Der K\u00e4ufer hat auch die Verpflichtung, unverz\u00fcglich den Verk\u00e4ufer von allen Ma\u00dfnahmen von Dritten auf die Ware (z.B. Zwangsvollstreckungen, Krampfanf\u00e4lle, usw.) zu informieren.<\/p><p><strong>GEW\u00c4HRLEISTUNG<\/strong>: Modalit\u00e4ten und Bedingungen der Garantie als gesetzlich vorgesehen, wenn nichts anderes schriftlich zwischen den Parteien vereinbart. Die Garantie ist auf den kostenlosen Ersatz der Teile begrenzt, die Materialdefekten oder Bausdefekten haben. Diese Teilen sind deshalb f\u00fcr ihre Verwendung ungeeignet. <br \/>Die Teilen, zu reparieren oder austauschen, sollen zum Werk des Verk\u00e4ufers auf Kosten und Gefahr des K\u00e4ufers geschickt werden. Die reparierten oder ersetzten Teilen werden f\u00fcr den Verkauf ab Werk geliefert. Verpackungen sowie der Umzugskosten f\u00fcr die Intervention bleiben zu Lasten des K\u00e4ufers. Der K\u00e4ufer verliert das Recht vor der Garantie: &#8211; Wenn er die Zahlungsbedingungen nicht beachten; &#8211; Wenn die behauptete M\u00e4ngel durch die Tatsachen des K\u00e4ufers, seinen Mitarbeiter oder Dritte entstanden werden, und auch bei Missbrauch; &#8211; Wenn bevor der Beschwerde an den Verk\u00e4ufer, beteiligt sich der K\u00e4ufer direkt oder \u00fcber Dritte \u00fcber die Teilen im Rahmen der Garantie; &#8211; Wenn er die vertraglichen Leistungen gegen ihn nicht durchf\u00fchren. Es wird keine Garantie f\u00fcr den Fall von Sch\u00e4den erkennen, die durch mangelhafte Wartung, Nachl\u00e4ssigkeit oder Unf\u00e4higkeit der Nutzung, \u00c4nderung oder Eingriffen durch den K\u00e4ufer als auch als h\u00f6here Gewalt durchgef\u00fchrt erhoben. Ausgenommen von Garantie sind normale Abnutzung und normalen Verschlei\u00df. In keiner der in diesem Artikel vorgesehenen F\u00e4llen kann der K\u00e4ufer die Aufhebung des Vertrages oder Schadensersatz, direkt oder indirekt, jeglicher Art zu verlangen. Alle Streitigkeiten, unter Androhung der Verwirkung, sollen jedenfalls an den Verk\u00e4ufer schriftlich und mit spezifischen Angabe der M\u00e4ngel gemacht werden, innerhalb von 8 Tagen nach Entdeckung.<\/p><p><strong>SCHADENERSATZ<\/strong>: Unbeschadet aller sonstigen Rechte und Befugnisse, im Falle der K\u00fcndigung des Vertrages durch Verschulden des K\u00e4ufers, kann der Verk\u00e4ufer behalten, als Strafe, die schon erhalten Summen, oder jedoch eine summe von 35% des gesamtbetrags der lieferung, unterliegen in jedem Fall die Erstattungsf\u00e4higkeit eines weiteren Schadens, einschlie\u00dflich der Abwertung der verkauften Maschinen.<\/p><p><strong>\u00c4NDERUNGEN<\/strong>: Um die Produktion standig zu verbessern und die Marktanspruche befriedigen zu k\u00f6nnen, beh\u00e4lt sich die Fa. ORTOMEC s.r.l. vor, sowohl die Preisen als auch die Technischen Eigenschaften ihrer Produkte ohne Vorankundigung zu \u00e4ndern. Dies wird den Besteller aber nicht berechtigen, den Vertrag aufzulosen. Den aktualisierten Katalogen und Preislisten sind auf www.ortomec.com verf\u00fcgbar.<\/p><p><strong>GERICHTSTAND<\/strong>: F\u00fcr jede Streitigkeit oder Kontroverse zu dem Schluss, Ausf\u00fchrung, Interpretation des Liefervertrages jedoch abh\u00e4ngig oder verwandte, auch f\u00fcr F\u00e4lle von Kontinenz und Verkn\u00fcpfung der Ursachen bezogen, w\u00e4hlen die Parteien den Gerichtshof von Venezia als ausschlie\u00dfliche Zust\u00e4ndigkeit , mit dem ausdr\u00fccklichen Ausschluss anderer Konkurrent Gerichtsst\u00e4nden.<\/p><p style=\"text-align: center;\"><strong>DIE VON ORTOMEC HERGESTELLTEN PRODUKTE ENTSPRECHEN DEN BESTIMMUNGEN DER EC-RICHTLINIEN Fotografien, Zeichnungen und technische Daten sind unverbindlich Ausstattungen und technische Daten k\u00f6nnen ohne vorherige Ank\u00fcndigung ge\u00e4ndert werden<\/strong><\/p>\t\t\t\t\t\t\t\t<\/div>\n\t\t\t\t<\/div>\n\t\t\t\t\t<\/div>\n\t\t<\/div>\n\t\t\t\t\t<\/div>\n\t\t<\/section>\n\t\t\t\t<\/div>\n\t\t","protected":false},"excerpt":{"rendered":"<p>ALLGEMEINE VERKAUFSBEDINGUNGEN PREISE: Die Preisen verstehen sich ab-Werk, ausschliesslich Mwst, zahlbar gegen Kasse, f\u00fcr etwaige Stundungen wird der Besteller mit zinsen belastet. Auf jeden Fall [&hellip;]<\/p>\n","protected":false},"author":1,"featured_media":0,"parent":10534,"menu_order":0,"comment_status":"closed","ping_status":"closed","template":"","meta":{"_acf_changed":false,"footnotes":""},"class_list":["post-16183","page","type-page","status-publish","hentry"],"acf":[],"yoast_head":"<!-- This site is optimized with the Yoast SEO plugin v24.6 - https:\/\/yoast.com\/wordpress\/plugins\/seo\/ -->\n<title>Verkaufsbedingungen Erntemaschinen und S\u00e4maschinen Ortomec<\/title>\n<meta name=\"description\" content=\"Ortomec garantiert allen Kunden Transparenz und Beachtung der allgemeinen Verkaufsbedingungen. Entdecke sie jetzt!\" \/>\n<meta name=\"robots\" content=\"noindex, follow, max-snippet:-1, max-image-preview:large, max-video-preview:-1\" \/>\n<meta property=\"og:locale\" content=\"de_DE\" \/>\n<meta property=\"og:type\" content=\"article\" \/>\n<meta property=\"og:title\" content=\"Verkaufsbedingungen Erntemaschinen und S\u00e4maschinen Ortomec\" \/>\n<meta property=\"og:description\" content=\"Ortomec garantiert allen Kunden Transparenz und Beachtung der allgemeinen Verkaufsbedingungen. Entdecke sie jetzt!\" \/>\n<meta property=\"og:url\" content=\"https:\/\/www.stage.ortomec.com\/de\/assistenz\/allgemeine-verkaufsbedingungen\/\" \/>\n<meta property=\"og:site_name\" content=\"Ortomec\" \/>\n<meta property=\"article:modified_time\" content=\"2020-12-17T09:26:29+00:00\" \/>\n<meta name=\"twitter:card\" content=\"summary_large_image\" \/>\n<meta name=\"twitter:label1\" content=\"Gesch\u00e4tzte Lesezeit\" \/>\n\t<meta name=\"twitter:data1\" content=\"5\u00a0Minuten\" \/>\n<script type=\"application\/ld+json\" class=\"yoast-schema-graph\">{\"@context\":\"https:\/\/schema.org\",\"@graph\":[{\"@type\":\"WebPage\",\"@id\":\"https:\/\/www.stage.ortomec.com\/de\/assistenz\/allgemeine-verkaufsbedingungen\/\",\"url\":\"https:\/\/www.stage.ortomec.com\/de\/assistenz\/allgemeine-verkaufsbedingungen\/\",\"name\":\"Verkaufsbedingungen Erntemaschinen und S\u00e4maschinen Ortomec\",\"isPartOf\":{\"@id\":\"https:\/\/www.stage.ortomec.com\/de\/#website\"},\"datePublished\":\"2020-12-16T10:21:29+00:00\",\"dateModified\":\"2020-12-17T09:26:29+00:00\",\"description\":\"Ortomec garantiert allen Kunden Transparenz und Beachtung der allgemeinen Verkaufsbedingungen. Entdecke sie jetzt!\",\"breadcrumb\":{\"@id\":\"https:\/\/www.stage.ortomec.com\/de\/assistenz\/allgemeine-verkaufsbedingungen\/#breadcrumb\"},\"inLanguage\":\"de\",\"potentialAction\":[{\"@type\":\"ReadAction\",\"target\":[\"https:\/\/www.stage.ortomec.com\/de\/assistenz\/allgemeine-verkaufsbedingungen\/\"]}]},{\"@type\":\"BreadcrumbList\",\"@id\":\"https:\/\/www.stage.ortomec.com\/de\/assistenz\/allgemeine-verkaufsbedingungen\/#breadcrumb\",\"itemListElement\":[{\"@type\":\"ListItem\",\"position\":1,\"name\":\"Home\",\"item\":\"https:\/\/www.stage.ortomec.com\/de\/\"},{\"@type\":\"ListItem\",\"position\":2,\"name\":\"Unterst\u00fctzung\",\"item\":\"https:\/\/www.stage.ortomec.com\/de\/assistenza\/\"},{\"@type\":\"ListItem\",\"position\":3,\"name\":\"Allgemeine verkaufsbedingungen\"}]},{\"@type\":\"WebSite\",\"@id\":\"https:\/\/www.stage.ortomec.com\/de\/#website\",\"url\":\"https:\/\/www.stage.ortomec.com\/de\/\",\"name\":\"Ortomec\",\"description\":\"\",\"publisher\":{\"@id\":\"https:\/\/www.stage.ortomec.com\/de\/#organization\"},\"potentialAction\":[{\"@type\":\"SearchAction\",\"target\":{\"@type\":\"EntryPoint\",\"urlTemplate\":\"https:\/\/www.stage.ortomec.com\/de\/?s={search_term_string}\"},\"query-input\":{\"@type\":\"PropertyValueSpecification\",\"valueRequired\":true,\"valueName\":\"search_term_string\"}}],\"inLanguage\":\"de\"},{\"@type\":\"Organization\",\"@id\":\"https:\/\/www.stage.ortomec.com\/de\/#organization\",\"name\":\"Ortomec\",\"url\":\"https:\/\/www.stage.ortomec.com\/de\/\",\"logo\":{\"@type\":\"ImageObject\",\"inLanguage\":\"de\",\"@id\":\"https:\/\/www.stage.ortomec.com\/de\/#\/schema\/logo\/image\/\",\"url\":\"https:\/\/www.stage.ortomec.com\/wp-content\/uploads\/2020\/07\/ortomec_favicon.png\",\"contentUrl\":\"https:\/\/www.stage.ortomec.com\/wp-content\/uploads\/2020\/07\/ortomec_favicon.png\",\"width\":512,\"height\":512,\"caption\":\"Ortomec\"},\"image\":{\"@id\":\"https:\/\/www.stage.ortomec.com\/de\/#\/schema\/logo\/image\/\"}}]}<\/script>\n<!-- \/ Yoast SEO plugin. -->","yoast_head_json":{"title":"Verkaufsbedingungen Erntemaschinen und S\u00e4maschinen Ortomec","description":"Ortomec garantiert allen Kunden Transparenz und Beachtung der allgemeinen Verkaufsbedingungen. Entdecke sie jetzt!","robots":{"index":"noindex","follow":"follow","max-snippet":"max-snippet:-1","max-image-preview":"max-image-preview:large","max-video-preview":"max-video-preview:-1"},"og_locale":"de_DE","og_type":"article","og_title":"Verkaufsbedingungen Erntemaschinen und S\u00e4maschinen Ortomec","og_description":"Ortomec garantiert allen Kunden Transparenz und Beachtung der allgemeinen Verkaufsbedingungen. Entdecke sie jetzt!","og_url":"https:\/\/www.stage.ortomec.com\/de\/assistenz\/allgemeine-verkaufsbedingungen\/","og_site_name":"Ortomec","article_modified_time":"2020-12-17T09:26:29+00:00","twitter_card":"summary_large_image","twitter_misc":{"Gesch\u00e4tzte Lesezeit":"5\u00a0Minuten"},"schema":{"@context":"https:\/\/schema.org","@graph":[{"@type":"WebPage","@id":"https:\/\/www.stage.ortomec.com\/de\/assistenz\/allgemeine-verkaufsbedingungen\/","url":"https:\/\/www.stage.ortomec.com\/de\/assistenz\/allgemeine-verkaufsbedingungen\/","name":"Verkaufsbedingungen Erntemaschinen und S\u00e4maschinen Ortomec","isPartOf":{"@id":"https:\/\/www.stage.ortomec.com\/de\/#website"},"datePublished":"2020-12-16T10:21:29+00:00","dateModified":"2020-12-17T09:26:29+00:00","description":"Ortomec garantiert allen Kunden Transparenz und Beachtung der allgemeinen Verkaufsbedingungen. Entdecke sie jetzt!","breadcrumb":{"@id":"https:\/\/www.stage.ortomec.com\/de\/assistenz\/allgemeine-verkaufsbedingungen\/#breadcrumb"},"inLanguage":"de","potentialAction":[{"@type":"ReadAction","target":["https:\/\/www.stage.ortomec.com\/de\/assistenz\/allgemeine-verkaufsbedingungen\/"]}]},{"@type":"BreadcrumbList","@id":"https:\/\/www.stage.ortomec.com\/de\/assistenz\/allgemeine-verkaufsbedingungen\/#breadcrumb","itemListElement":[{"@type":"ListItem","position":1,"name":"Home","item":"https:\/\/www.stage.ortomec.com\/de\/"},{"@type":"ListItem","position":2,"name":"Unterst\u00fctzung","item":"https:\/\/www.stage.ortomec.com\/de\/assistenza\/"},{"@type":"ListItem","position":3,"name":"Allgemeine verkaufsbedingungen"}]},{"@type":"WebSite","@id":"https:\/\/www.stage.ortomec.com\/de\/#website","url":"https:\/\/www.stage.ortomec.com\/de\/","name":"Ortomec","description":"","publisher":{"@id":"https:\/\/www.stage.ortomec.com\/de\/#organization"},"potentialAction":[{"@type":"SearchAction","target":{"@type":"EntryPoint","urlTemplate":"https:\/\/www.stage.ortomec.com\/de\/?s={search_term_string}"},"query-input":{"@type":"PropertyValueSpecification","valueRequired":true,"valueName":"search_term_string"}}],"inLanguage":"de"},{"@type":"Organization","@id":"https:\/\/www.stage.ortomec.com\/de\/#organization","name":"Ortomec","url":"https:\/\/www.stage.ortomec.com\/de\/","logo":{"@type":"ImageObject","inLanguage":"de","@id":"https:\/\/www.stage.ortomec.com\/de\/#\/schema\/logo\/image\/","url":"https:\/\/www.stage.ortomec.com\/wp-content\/uploads\/2020\/07\/ortomec_favicon.png","contentUrl":"https:\/\/www.stage.ortomec.com\/wp-content\/uploads\/2020\/07\/ortomec_favicon.png","width":512,"height":512,"caption":"Ortomec"},"image":{"@id":"https:\/\/www.stage.ortomec.com\/de\/#\/schema\/logo\/image\/"}}]}},"_links":{"self":[{"href":"https:\/\/www.stage.ortomec.com\/de\/wp-json\/wp\/v2\/pages\/16183","targetHints":{"allow":["GET"]}}],"collection":[{"href":"https:\/\/www.stage.ortomec.com\/de\/wp-json\/wp\/v2\/pages"}],"about":[{"href":"https:\/\/www.stage.ortomec.com\/de\/wp-json\/wp\/v2\/types\/page"}],"author":[{"embeddable":true,"href":"https:\/\/www.stage.ortomec.com\/de\/wp-json\/wp\/v2\/users\/1"}],"replies":[{"embeddable":true,"href":"https:\/\/www.stage.ortomec.com\/de\/wp-json\/wp\/v2\/comments?post=16183"}],"version-history":[{"count":0,"href":"https:\/\/www.stage.ortomec.com\/de\/wp-json\/wp\/v2\/pages\/16183\/revisions"}],"up":[{"embeddable":true,"href":"https:\/\/www.stage.ortomec.com\/de\/wp-json\/wp\/v2\/pages\/10534"}],"wp:attachment":[{"href":"https:\/\/www.stage.ortomec.com\/de\/wp-json\/wp\/v2\/media?parent=16183"}],"curies":[{"name":"wp","href":"https:\/\/api.w.org\/{rel}","templated":true}]}}