{"id":11866,"date":"2020-10-12T12:23:26","date_gmt":"2020-10-12T10:23:26","guid":{"rendered":"https:\/\/www.stage.ortomec.com\/?page_id=11866"},"modified":"2020-10-12T12:24:21","modified_gmt":"2020-10-12T10:24:21","slug":"cookie-policy","status":"publish","type":"page","link":"https:\/\/www.stage.ortomec.com\/de\/cookie-policy-de\/","title":{"rendered":"Cookie Policy"},"content":{"rendered":"\t\t<div data-elementor-type=\"wp-page\" data-elementor-id=\"11866\" class=\"elementor elementor-11866 elementor-11857\">\n\t\t\t\t\t\t<section class=\"elementor-section elementor-top-section elementor-element elementor-element-b7603ae elementor-section-boxed elementor-section-height-default elementor-section-height-default default-style\" data-id=\"b7603ae\" data-element_type=\"section\" data-settings=\"{&quot;rt_color_sets&quot;:&quot;default-style&quot;}\">\n\t\t\t\t\t\t<div class=\"elementor-container elementor-column-gap-default\">\n\t\t\t\t\t<div class=\"elementor-column elementor-col-100 elementor-top-column elementor-element elementor-element-0b4d1a4\" data-id=\"0b4d1a4\" data-element_type=\"column\">\n\t\t\t<div class=\"elementor-widget-wrap elementor-element-populated\">\n\t\t\t\t\t\t<div class=\"elementor-element elementor-element-dc7d4ec elementor-widget elementor-widget-heading\" data-id=\"dc7d4ec\" data-element_type=\"widget\" data-widget_type=\"heading.default\">\n\t\t\t\t<div class=\"elementor-widget-container\">\n\t\t\t\t\t<h1 class=\"elementor-heading-title elementor-size-xxl\">Cookie Policy<\/h1>\t\t\t\t<\/div>\n\t\t\t\t<\/div>\n\t\t\t\t\t<\/div>\n\t\t<\/div>\n\t\t\t\t\t<\/div>\n\t\t<\/section>\n\t\t\t\t<section class=\"elementor-section elementor-top-section elementor-element elementor-element-f177ae4 elementor-section-boxed elementor-section-height-default elementor-section-height-default default-style\" data-id=\"f177ae4\" data-element_type=\"section\" data-settings=\"{&quot;rt_color_sets&quot;:&quot;default-style&quot;}\">\n\t\t\t\t\t\t<div class=\"elementor-container elementor-column-gap-default\">\n\t\t\t\t\t<div class=\"elementor-column elementor-col-100 elementor-top-column elementor-element elementor-element-f890efa\" data-id=\"f890efa\" data-element_type=\"column\">\n\t\t\t<div class=\"elementor-widget-wrap elementor-element-populated\">\n\t\t\t\t\t\t<div class=\"elementor-element elementor-element-5e23daa elementor-widget elementor-widget-text-editor\" data-id=\"5e23daa\" data-element_type=\"widget\" data-widget_type=\"text-editor.default\">\n\t\t\t\t<div class=\"elementor-widget-container\">\n\t\t\t\t\t\t\t\t\t<p>Wir verwenden Cookies, um Inhalte und Anzeigen zu personalisieren, Funktionen f\u00fcr soziale Medien bereitzustellen und unseren Datenverkehr zu analysieren. Wir stellen unseren Webanalyse-, Werbe- und Social-Media-Partnern auch Informationen \u00fcber Ihre Nutzung unserer Website zur Verf\u00fcgung. Diese k\u00f6nnen diese mit anderen Informationen kombinieren, die Sie ihnen zur Verf\u00fcgung gestellt haben oder die sie aufgrund Ihrer Nutzung gesammelt haben. Dienstleistungen.<br \/><br \/>Was sind Cookies? Cookies sind kleine Textdateien, die von Websites verwendet werden k\u00f6nnen, um die Benutzererfahrung effizienter zu gestalten. Das Gesetz besagt, dass wir Cookies auf Ihrem Ger\u00e4t speichern k\u00f6nnen, wenn diese f\u00fcr den Betrieb dieser Website unbedingt erforderlich sind.<br \/><br \/>F\u00fcr alle anderen Arten von Cookies ben\u00f6tigen wir Ihre Erlaubnis.<br \/><br \/>Diese Seite verwendet verschiedene Arten von Cookies. Einige Cookies werden von Diensten Dritter gesetzt, die auf unseren Seiten erscheinen.<br \/><br \/>Die erforderlichen Cookies helfen dabei, eine Website nutzbar zu machen, indem sie grundlegende Funktionen wie die Seitennavigation und den Zugriff auf gesch\u00fctzte Bereiche der Website erm\u00f6glichen. Die Website kann ohne diese Cookies nicht ordnungsgem\u00e4\u00df funktionieren.<br \/><br \/>Notwendige Cookies:<br \/>\u2022 PHPSESSID: Verwaltet die Sitzung des Benutzers.<br \/>\u2022 Cookiescriptaccept: Verwaltet das Aktivieren \/ Deaktivieren von Cookies.<br \/>\u2022 _gid: Wird zur Unterscheidung von Benutzern verwendet.<br \/>\u2022 _ga: Wird zur Unterscheidung von Benutzern verwendet.<br \/>\u2022 Google Analytics (Google Inc.):<br \/>Google Analytics ist ein Webanalysedienst der Google Inc. (&#8222;Google&#8220;). Google verwendet die gesammelten personenbezogenen Daten, um die Nutzung dieser Website zu verfolgen und zu untersuchen, Berichte zu erstellen und diese mit anderen von Google entwickelten Diensten zu teilen.<br \/>Google kann die personenbezogenen Daten verwenden, um die Werbung seines eigenen Werbenetzwerks zu kontextualisieren und zu personalisieren.<\/p>\t\t\t\t\t\t\t\t<\/div>\n\t\t\t\t<\/div>\n\t\t\t\t\t<\/div>\n\t\t<\/div>\n\t\t\t\t\t<\/div>\n\t\t<\/section>\n\t\t\t\t<\/div>\n\t\t","protected":false},"excerpt":{"rendered":"<p>Cookie Policy Wir verwenden Cookies, um Inhalte und Anzeigen zu personalisieren, Funktionen f\u00fcr soziale Medien bereitzustellen und unseren Datenverkehr zu analysieren. Wir stellen unseren Webanalyse-, [&hellip;]<\/p>\n","protected":false},"author":1,"featured_media":0,"parent":0,"menu_order":0,"comment_status":"closed","ping_status":"closed","template":"","meta":{"_acf_changed":false,"footnotes":""},"class_list":["post-11866","page","type-page","status-publish","hentry"],"acf":[],"yoast_head":"<!-- This site is optimized with the Yoast SEO plugin v24.6 - https:\/\/yoast.com\/wordpress\/plugins\/seo\/ -->\n<title>Cookie Policy - Ortomec<\/title>\n<meta name=\"robots\" content=\"noindex, follow, max-snippet:-1, max-image-preview:large, max-video-preview:-1\" \/>\n<meta property=\"og:locale\" content=\"de_DE\" \/>\n<meta property=\"og:type\" content=\"article\" \/>\n<meta property=\"og:title\" content=\"Cookie Policy - Ortomec\" \/>\n<meta property=\"og:description\" content=\"Cookie Policy Wir verwenden Cookies, um Inhalte und Anzeigen zu personalisieren, Funktionen f\u00fcr soziale Medien bereitzustellen und unseren Datenverkehr zu analysieren. Wir stellen unseren Webanalyse-, [&hellip;]\" \/>\n<meta property=\"og:url\" content=\"https:\/\/www.stage.ortomec.com\/de\/cookie-policy-de\/\" \/>\n<meta property=\"og:site_name\" content=\"Ortomec\" \/>\n<meta property=\"article:modified_time\" content=\"2020-10-12T10:24:21+00:00\" \/>\n<meta name=\"twitter:card\" content=\"summary_large_image\" \/>\n<meta name=\"twitter:label1\" content=\"Gesch\u00e4tzte Lesezeit\" \/>\n\t<meta name=\"twitter:data1\" content=\"1\u00a0Minute\" \/>\n<script type=\"application\/ld+json\" class=\"yoast-schema-graph\">{\"@context\":\"https:\/\/schema.org\",\"@graph\":[{\"@type\":\"WebPage\",\"@id\":\"https:\/\/www.stage.ortomec.com\/de\/cookie-policy-de\/\",\"url\":\"https:\/\/www.stage.ortomec.com\/de\/cookie-policy-de\/\",\"name\":\"Cookie Policy - Ortomec\",\"isPartOf\":{\"@id\":\"https:\/\/www.stage.ortomec.com\/de\/#website\"},\"datePublished\":\"2020-10-12T10:23:26+00:00\",\"dateModified\":\"2020-10-12T10:24:21+00:00\",\"breadcrumb\":{\"@id\":\"https:\/\/www.stage.ortomec.com\/de\/cookie-policy-de\/#breadcrumb\"},\"inLanguage\":\"de\",\"potentialAction\":[{\"@type\":\"ReadAction\",\"target\":[\"https:\/\/www.stage.ortomec.com\/de\/cookie-policy-de\/\"]}]},{\"@type\":\"BreadcrumbList\",\"@id\":\"https:\/\/www.stage.ortomec.com\/de\/cookie-policy-de\/#breadcrumb\",\"itemListElement\":[{\"@type\":\"ListItem\",\"position\":1,\"name\":\"Home\",\"item\":\"https:\/\/www.stage.ortomec.com\/de\/\"},{\"@type\":\"ListItem\",\"position\":2,\"name\":\"Cookie Policy\"}]},{\"@type\":\"WebSite\",\"@id\":\"https:\/\/www.stage.ortomec.com\/de\/#website\",\"url\":\"https:\/\/www.stage.ortomec.com\/de\/\",\"name\":\"Ortomec\",\"description\":\"\",\"publisher\":{\"@id\":\"https:\/\/www.stage.ortomec.com\/de\/#organization\"},\"potentialAction\":[{\"@type\":\"SearchAction\",\"target\":{\"@type\":\"EntryPoint\",\"urlTemplate\":\"https:\/\/www.stage.ortomec.com\/de\/?s={search_term_string}\"},\"query-input\":{\"@type\":\"PropertyValueSpecification\",\"valueRequired\":true,\"valueName\":\"search_term_string\"}}],\"inLanguage\":\"de\"},{\"@type\":\"Organization\",\"@id\":\"https:\/\/www.stage.ortomec.com\/de\/#organization\",\"name\":\"Ortomec\",\"url\":\"https:\/\/www.stage.ortomec.com\/de\/\",\"logo\":{\"@type\":\"ImageObject\",\"inLanguage\":\"de\",\"@id\":\"https:\/\/www.stage.ortomec.com\/de\/#\/schema\/logo\/image\/\",\"url\":\"https:\/\/www.stage.ortomec.com\/wp-content\/uploads\/2020\/07\/ortomec_favicon.png\",\"contentUrl\":\"https:\/\/www.stage.ortomec.com\/wp-content\/uploads\/2020\/07\/ortomec_favicon.png\",\"width\":512,\"height\":512,\"caption\":\"Ortomec\"},\"image\":{\"@id\":\"https:\/\/www.stage.ortomec.com\/de\/#\/schema\/logo\/image\/\"}}]}<\/script>\n<!-- \/ Yoast SEO plugin. -->","yoast_head_json":{"title":"Cookie Policy - Ortomec","robots":{"index":"noindex","follow":"follow","max-snippet":"max-snippet:-1","max-image-preview":"max-image-preview:large","max-video-preview":"max-video-preview:-1"},"og_locale":"de_DE","og_type":"article","og_title":"Cookie Policy - Ortomec","og_description":"Cookie Policy Wir verwenden Cookies, um Inhalte und Anzeigen zu personalisieren, Funktionen f\u00fcr soziale Medien bereitzustellen und unseren Datenverkehr zu analysieren. Wir stellen unseren Webanalyse-, [&hellip;]","og_url":"https:\/\/www.stage.ortomec.com\/de\/cookie-policy-de\/","og_site_name":"Ortomec","article_modified_time":"2020-10-12T10:24:21+00:00","twitter_card":"summary_large_image","twitter_misc":{"Gesch\u00e4tzte Lesezeit":"1\u00a0Minute"},"schema":{"@context":"https:\/\/schema.org","@graph":[{"@type":"WebPage","@id":"https:\/\/www.stage.ortomec.com\/de\/cookie-policy-de\/","url":"https:\/\/www.stage.ortomec.com\/de\/cookie-policy-de\/","name":"Cookie Policy - Ortomec","isPartOf":{"@id":"https:\/\/www.stage.ortomec.com\/de\/#website"},"datePublished":"2020-10-12T10:23:26+00:00","dateModified":"2020-10-12T10:24:21+00:00","breadcrumb":{"@id":"https:\/\/www.stage.ortomec.com\/de\/cookie-policy-de\/#breadcrumb"},"inLanguage":"de","potentialAction":[{"@type":"ReadAction","target":["https:\/\/www.stage.ortomec.com\/de\/cookie-policy-de\/"]}]},{"@type":"BreadcrumbList","@id":"https:\/\/www.stage.ortomec.com\/de\/cookie-policy-de\/#breadcrumb","itemListElement":[{"@type":"ListItem","position":1,"name":"Home","item":"https:\/\/www.stage.ortomec.com\/de\/"},{"@type":"ListItem","position":2,"name":"Cookie Policy"}]},{"@type":"WebSite","@id":"https:\/\/www.stage.ortomec.com\/de\/#website","url":"https:\/\/www.stage.ortomec.com\/de\/","name":"Ortomec","description":"","publisher":{"@id":"https:\/\/www.stage.ortomec.com\/de\/#organization"},"potentialAction":[{"@type":"SearchAction","target":{"@type":"EntryPoint","urlTemplate":"https:\/\/www.stage.ortomec.com\/de\/?s={search_term_string}"},"query-input":{"@type":"PropertyValueSpecification","valueRequired":true,"valueName":"search_term_string"}}],"inLanguage":"de"},{"@type":"Organization","@id":"https:\/\/www.stage.ortomec.com\/de\/#organization","name":"Ortomec","url":"https:\/\/www.stage.ortomec.com\/de\/","logo":{"@type":"ImageObject","inLanguage":"de","@id":"https:\/\/www.stage.ortomec.com\/de\/#\/schema\/logo\/image\/","url":"https:\/\/www.stage.ortomec.com\/wp-content\/uploads\/2020\/07\/ortomec_favicon.png","contentUrl":"https:\/\/www.stage.ortomec.com\/wp-content\/uploads\/2020\/07\/ortomec_favicon.png","width":512,"height":512,"caption":"Ortomec"},"image":{"@id":"https:\/\/www.stage.ortomec.com\/de\/#\/schema\/logo\/image\/"}}]}},"_links":{"self":[{"href":"https:\/\/www.stage.ortomec.com\/de\/wp-json\/wp\/v2\/pages\/11866","targetHints":{"allow":["GET"]}}],"collection":[{"href":"https:\/\/www.stage.ortomec.com\/de\/wp-json\/wp\/v2\/pages"}],"about":[{"href":"https:\/\/www.stage.ortomec.com\/de\/wp-json\/wp\/v2\/types\/page"}],"author":[{"embeddable":true,"href":"https:\/\/www.stage.ortomec.com\/de\/wp-json\/wp\/v2\/users\/1"}],"replies":[{"embeddable":true,"href":"https:\/\/www.stage.ortomec.com\/de\/wp-json\/wp\/v2\/comments?post=11866"}],"version-history":[{"count":0,"href":"https:\/\/www.stage.ortomec.com\/de\/wp-json\/wp\/v2\/pages\/11866\/revisions"}],"wp:attachment":[{"href":"https:\/\/www.stage.ortomec.com\/de\/wp-json\/wp\/v2\/media?parent=11866"}],"curies":[{"name":"wp","href":"https:\/\/api.w.org\/{rel}","templated":true}]}}